{"id":151816,"date":"2025-05-08T16:26:21","date_gmt":"2025-05-08T14:26:21","guid":{"rendered":"https:\/\/secureus.se\/aritech-kombi-rok-varme-detektor-dp721rt\/"},"modified":"2026-04-08T16:26:19","modified_gmt":"2026-04-08T14:26:19","slug":"aritech-kombi-rok-varme-detektor-dp721rt","status":"publish","type":"product","link":"https:\/\/secureus.se\/no\/aritech-kombi-rok-varme-detektor-dp721rt\/","title":{"rendered":"Aritech Kombinert R\u00f8yk- og Varmedetektor DP721RT"},"content":{"rendered":"<p>Kombinert r\u00f8yk- og varmedetektor med utskiftbart r\u00f8ykkammer, Optisk r\u00f8yk- og varmedetektor, firetr\u00e5ds, forsyningsspenning 8,5\u201333 VDC, Med vekslende rel\u00e9utgang, selvtilbakestillende IP43. Alle r\u00f8ykdetektorer i Aritech 700-serien overv\u00e5ker kontinuerlig f\u00f8lsomheten og driftsstatusen. Bakgrunnsdrift kompenseres daglig for \u00e5 opprettholde den opprinnelig kalibrerte f\u00f8lsomheten innenfor de n\u00f8dvendige grensene. \u00c9n gang om dagen utf\u00f8rer detektoren en fullstendig diagnostisk test som inkluderer dynamisk testing av sensorkammeret og den interne elektronikken. Hvis en detektor havner utenfor rekkevidde eller ikke best\u00e5r den interne diagnostiske testen, rapporteres dette tilbake til panelet og indikeres p\u00e5 detektoren som en feil med en gul diode.<\/p>","protected":false},"excerpt":{"rendered":"<p>Kombinert r\u00f8yk- og varmedetektor, utskiftbart r\u00f8ykkammer. Optisk r\u00f8yk- og varmedetektor. Firetr\u00e5ds, forsyningsspenning 8,5\u201333 VDC. Med vekselrel\u00e9utgang IP43<\/p>\n<p>Automatisk selvdiagnostikk<br \/>\nTesting p\u00e5 stedet uten ekstra m\u00e5leutstyr<br \/>\nOptisk sensor med kammer som kan byttes ut p\u00e5 stedet og leveres til resirkulering (milj\u00f8vennlig)<br \/>\nSeparate LED-er for brann og feil<br \/>\nKan drives av 12\u201324 VDC<\/p>","protected":false},"featured_media":151815,"template":"","meta":{"_acf_changed":false},"product_brand":[],"product_cat":[3373,4157],"product_tag":[],"class_list":{"0":"post-151816","1":"product","2":"type-product","3":"status-publish","4":"has-post-thumbnail","6":"product_cat-rokdetektorer","7":"product_cat-varmedetektor","8":"pa_brands-aritech","9":"tm-no-options","11":"first","12":"outofstock","13":"sale","14":"taxable","15":"shipping-taxable","16":"purchasable","17":"product-type-simple"},"acf":[],"_links":{"self":[{"href":"https:\/\/secureus.se\/no\/wp-json\/wp\/v2\/product\/151816","targetHints":{"allow":["GET"]}}],"collection":[{"href":"https:\/\/secureus.se\/no\/wp-json\/wp\/v2\/product"}],"about":[{"href":"https:\/\/secureus.se\/no\/wp-json\/wp\/v2\/types\/product"}],"wp:featuredmedia":[{"embeddable":true,"href":"https:\/\/secureus.se\/no\/wp-json\/wp\/v2\/media\/151815"}],"wp:attachment":[{"href":"https:\/\/secureus.se\/no\/wp-json\/wp\/v2\/media?parent=151816"}],"wp:term":[{"taxonomy":"product_brand","embeddable":true,"href":"https:\/\/secureus.se\/no\/wp-json\/wp\/v2\/product_brand?post=151816"},{"taxonomy":"product_cat","embeddable":true,"href":"https:\/\/secureus.se\/no\/wp-json\/wp\/v2\/product_cat?post=151816"},{"taxonomy":"product_tag","embeddable":true,"href":"https:\/\/secureus.se\/no\/wp-json\/wp\/v2\/product_tag?post=151816"}],"curies":[{"name":"wp","href":"https:\/\/api.w.org\/{rel}","templated":true}]}}