{"id":152591,"date":"2025-05-27T11:36:26","date_gmt":"2025-05-27T09:36:26","guid":{"rendered":"https:\/\/secureus.se\/?post_type=product&#038;p=152591"},"modified":"2026-04-23T12:37:56","modified_gmt":"2026-04-23T10:37:56","slug":"kortskrivare-fargo-dtc1250e-med-ethernet-dubbelsidig","status":"publish","type":"product","link":"https:\/\/secureus.se\/no\/kortskrivare-fargo-dtc1250e-med-ethernet-dubbelsidig\/","title":{"rendered":"Kortskriver Fargo DTC1250e med Ethernet (dobbeltsidig)"},"content":{"rendered":"<p>Fargo DTC1250e er en av de raskeste plastkortskriverne p\u00e5 markedet. Den kan produsere dobbelt s\u00e5 mange kort p\u00e5 samme tid som andre ledende konkurrenter. Det kompakte designet passer utmerket til en rekke kontormilj\u00f8er og kan integreres med andre HID-produkter, noe som sikrer maksimal verdi. Det grafiske displayet muliggj\u00f8r effektiv drift, og skriveren kan oppgraderes til \u00e5 inkludere en innebygd iCLASS SE\u00ae-koder, noe som muliggj\u00f8r sikre ID-kort i ett s\u00f8ml\u00f8st trinn.<\/p>\n<p>Skriver ut 6 sek\/kort (K) eller 16 sek\/kort (YMCKO)<\/p>\n<p>Skriver ut i standard CR80- eller CR79-kortst\u00f8rrelser, inkludert PVC, PET og selvklebende bakside<\/p>\n<ul>\n<li>Enkeltsidige og dobbeltsidige modeller tilgjengelig<\/li>\n<li>Mifare-koding tilgjengelig<\/li>\n<li>3 \u00e5rs produsentgaranti for skriver og skrivehode<\/li>\n<\/ul>\n<p><strong>Produktvekt<\/strong>: 7,00 kg<\/p>","protected":false},"excerpt":{"rendered":"<p>Fargo DTC1250e er en av de raskeste plastkortskriverne p\u00e5 markedet. Den kan produsere dobbelt s\u00e5 mange kort p\u00e5 samme tid som andre ledende konkurrenter. Den kompakte designen er flott for<\/p>","protected":false},"featured_media":152586,"template":"","meta":{"_acf_changed":false},"product_brand":[],"product_cat":[3206],"product_tag":[4863],"class_list":{"0":"post-152591","1":"product","2":"type-product","3":"status-publish","4":"has-post-thumbnail","6":"product_cat-fargo","7":"product_tag-pf","8":"pa_brands-fargo","9":"tm-no-options","11":"first","12":"outofstock","13":"sale","14":"taxable","15":"shipping-taxable","16":"purchasable","17":"product-type-simple"},"acf":[],"_links":{"self":[{"href":"https:\/\/secureus.se\/no\/wp-json\/wp\/v2\/product\/152591","targetHints":{"allow":["GET"]}}],"collection":[{"href":"https:\/\/secureus.se\/no\/wp-json\/wp\/v2\/product"}],"about":[{"href":"https:\/\/secureus.se\/no\/wp-json\/wp\/v2\/types\/product"}],"wp:featuredmedia":[{"embeddable":true,"href":"https:\/\/secureus.se\/no\/wp-json\/wp\/v2\/media\/152586"}],"wp:attachment":[{"href":"https:\/\/secureus.se\/no\/wp-json\/wp\/v2\/media?parent=152591"}],"wp:term":[{"taxonomy":"product_brand","embeddable":true,"href":"https:\/\/secureus.se\/no\/wp-json\/wp\/v2\/product_brand?post=152591"},{"taxonomy":"product_cat","embeddable":true,"href":"https:\/\/secureus.se\/no\/wp-json\/wp\/v2\/product_cat?post=152591"},{"taxonomy":"product_tag","embeddable":true,"href":"https:\/\/secureus.se\/no\/wp-json\/wp\/v2\/product_tag?post=152591"}],"curies":[{"name":"wp","href":"https:\/\/api.w.org\/{rel}","templated":true}]}}