{"id":152615,"date":"2025-05-28T14:28:41","date_gmt":"2025-05-28T12:28:41","guid":{"rendered":"https:\/\/secureus.se\/692-500-proximity-cards-pack-of-10\/"},"modified":"2025-09-09T14:26:26","modified_gmt":"2025-09-09T12:26:26","slug":"692-500-proximity-cards-pack-of-10","status":"publish","type":"product","link":"https:\/\/secureus.se\/no\/692-500-proximity-cards-pack-of-10\/","title":{"rendered":"692\u2013500 N\u00e6rhetskort (pakke med 10)"},"content":{"rendered":"<p>Glansende hvite n\u00e6rhets-ISO-kort \u2013 pakke med 10<\/p>\n<p>692-500 n\u00e6rhetskort gir den perfekte sikkerhetsl\u00f8sningen kundene dine leter etter. Hvert kort er individuelt kodet med et unikt 8-sifret nummer, noe som sikrer forbedret kortsikkerhet og forenkler utstedelsesprosessen. Vi tilbyr disse kortene i standard CR80-st\u00f8rrelse (kredittkort), med en ren, blank hvit finish som gj\u00f8r det enkelt \u00e5 trykke og tilpasse dem etter kundenes preferanser.<\/p>\n<p><strong>Sp\u00f8rsm\u00e5l om kompatibilitet?<\/strong><\/p>\n<p>V\u00e5rt dedikerte team er her for \u00e5 hjelpe deg. Kontakt oss for kyndig veiledning.<\/p>\n<p>Produsert i henhold til ISO-standarder<br \/>\nBlank hvit finish for enkel tilpasning<br \/>\nCR80 kredittkortst\u00f8rrelse<\/p>\n<p>Produktvekt:<br \/>\n0,07 kg<\/p>","protected":false},"excerpt":{"rendered":"<p>Blanke hvite n\u00e6rhets-ISO-kort \u2013 10-pakning 692\u2013500 n\u00e6rhetskort gir den perfekte sikkerhetsl\u00f8sningen kundene dine leter etter. Hvert kort er individuelt kodet med et unikt 8-sifret nummer, noe som sikrer forbedret kortsikkerhet og<\/p>","protected":false},"featured_media":152613,"template":"","meta":{"_acf_changed":false},"product_brand":[],"product_cat":[4820],"product_tag":[],"class_list":{"0":"post-152615","1":"product","2":"type-product","3":"status-publish","4":"has-post-thumbnail","6":"product_cat-paxton-kort","7":"product_shipping_class-postnord-varubrev","8":"tm-no-options","10":"first","11":"outofstock","12":"taxable","13":"shipping-taxable","14":"purchasable","15":"product-type-simple"},"acf":[],"_links":{"self":[{"href":"https:\/\/secureus.se\/no\/wp-json\/wp\/v2\/product\/152615","targetHints":{"allow":["GET"]}}],"collection":[{"href":"https:\/\/secureus.se\/no\/wp-json\/wp\/v2\/product"}],"about":[{"href":"https:\/\/secureus.se\/no\/wp-json\/wp\/v2\/types\/product"}],"wp:featuredmedia":[{"embeddable":true,"href":"https:\/\/secureus.se\/no\/wp-json\/wp\/v2\/media\/152613"}],"wp:attachment":[{"href":"https:\/\/secureus.se\/no\/wp-json\/wp\/v2\/media?parent=152615"}],"wp:term":[{"taxonomy":"product_brand","embeddable":true,"href":"https:\/\/secureus.se\/no\/wp-json\/wp\/v2\/product_brand?post=152615"},{"taxonomy":"product_cat","embeddable":true,"href":"https:\/\/secureus.se\/no\/wp-json\/wp\/v2\/product_cat?post=152615"},{"taxonomy":"product_tag","embeddable":true,"href":"https:\/\/secureus.se\/no\/wp-json\/wp\/v2\/product_tag?post=152615"}],"curies":[{"name":"wp","href":"https:\/\/api.w.org\/{rel}","templated":true}]}}