{"id":152769,"date":"2025-06-03T16:04:06","date_gmt":"2025-06-03T14:04:06","guid":{"rendered":"https:\/\/secureus.se\/?post_type=product&#038;p=152769"},"modified":"2026-04-24T13:21:57","modified_gmt":"2026-04-24T11:21:57","slug":"ajax-motioncam-outdoor-highmount-phod","status":"publish","type":"product","link":"https:\/\/secureus.se\/no\/ajax-motioncam-outdoor-highmount-phod\/","title":{"rendered":"Ajax MotionCam utend\u00f8rs h\u00f8ymontering (PhOD)"},"content":{"rendered":"<h1 data-start=\"369\" data-end=\"800\">Ajax MotionCam utend\u00f8rs h\u00f8ymontering (PhOD)<\/h1>\n<p data-start=\"369\" data-end=\"800\">Ajax MotionCam Outdoor HighMount (PhOD) er en avansert tr\u00e5dl\u00f8s bevegelsesdetektor for utend\u00f8rs bruk som kombinerer to PIR-sensorer og en mikrob\u00f8lgesensor for \u00e5 n\u00f8yaktig oppdage bevegelse uten d\u00f8de punkter.<\/p>\n<p data-start=\"369\" data-end=\"800\">Det innebygde kameraet sender bilder ved alarm, n\u00e5r r\u00f8ykvarslere aktiveres og p\u00e5 foresp\u00f8rsel.<\/p>\n<p data-start=\"369\" data-end=\"800\">Kameraet har IR-belysning som aktiveres automatisk om natten for \u00e5 gi klare bilder selv i m\u00f8rke forhold.<\/p>\n<p data-start=\"802\" data-end=\"1115\">Detektoren har et justerbart f\u00f8lsomhetsniv\u00e5 p\u00e5 tre niv\u00e5er og er utstyrt med en temperatursensor for \u00e5 m\u00e5le omgivelsestemperaturen.<\/p>\n<p data-start=\"802\" data-end=\"1115\">Den er kompatibel med Hub 2, Hub 2 Plus, Hub Hybrid Fibra og ReX 2 og kan installeres i h\u00f8yder mellom 2 og 4 meter, noe som gir et bredt dekningsomr\u00e5de p\u00e5 opptil 15 meter.<\/p>\n<p data-start=\"1117\" data-end=\"1427\">For \u00e5 minimere falske alarmer brukes avanserte algoritmer som SmartDetect og LISA, og en Fresnel-linse gj\u00f8r det mulig \u00e5 skille personer fra varme eller bevegelsesst\u00f8y.<\/p>\n<p data-start=\"1117\" data-end=\"1427\">Installasjonen er enkel og fleksibel, takket v\u00e6re den medf\u00f8lgende metallbraketten som tillater rotasjon for \u00e5 justere synsvinkelen.<\/p>\n<p data-start=\"1429\" data-end=\"1561\">Detektoren er IP55-klassifisert og fungerer i temperaturer fra -25\u00b0 til +60\u00b0C, noe som gj\u00f8r den ideell for bruk utend\u00f8rs.<\/p>","protected":false},"excerpt":{"rendered":"<p>Ajax MotionCam Outdoor HighMount (PhOD) er en tr\u00e5dl\u00f8s bevegelsesdetektor for utend\u00f8rs bruk med innebygd kamera, som gir fotoverifisering ved alarm og bevegelse.<\/p>\n<p>Den kan installeres i h\u00f8yder mellom 2\u20134 meter og har en deteksjonsrekkevidde p\u00e5 opptil 15 meter.<\/p>","protected":false},"featured_media":152157,"template":"","meta":{"_acf_changed":false},"product_brand":[],"product_cat":[3156,3157],"product_tag":[4863],"class_list":{"0":"post-152769","1":"product","2":"type-product","3":"status-publish","4":"has-post-thumbnail","6":"product_cat-rorelse-och-kamera","7":"product_cat-utomhussakerhet","8":"product_tag-pf","9":"pa_brands-ajax-systems","10":"pa_farg-vit","11":"tm-no-options","13":"first","14":"onbackorder","15":"sale","16":"taxable","17":"shipping-taxable","18":"purchasable","19":"product-type-simple"},"acf":[],"_links":{"self":[{"href":"https:\/\/secureus.se\/no\/wp-json\/wp\/v2\/product\/152769","targetHints":{"allow":["GET"]}}],"collection":[{"href":"https:\/\/secureus.se\/no\/wp-json\/wp\/v2\/product"}],"about":[{"href":"https:\/\/secureus.se\/no\/wp-json\/wp\/v2\/types\/product"}],"wp:featuredmedia":[{"embeddable":true,"href":"https:\/\/secureus.se\/no\/wp-json\/wp\/v2\/media\/152157"}],"wp:attachment":[{"href":"https:\/\/secureus.se\/no\/wp-json\/wp\/v2\/media?parent=152769"}],"wp:term":[{"taxonomy":"product_brand","embeddable":true,"href":"https:\/\/secureus.se\/no\/wp-json\/wp\/v2\/product_brand?post=152769"},{"taxonomy":"product_cat","embeddable":true,"href":"https:\/\/secureus.se\/no\/wp-json\/wp\/v2\/product_cat?post=152769"},{"taxonomy":"product_tag","embeddable":true,"href":"https:\/\/secureus.se\/no\/wp-json\/wp\/v2\/product_tag?post=152769"}],"curies":[{"name":"wp","href":"https:\/\/api.w.org\/{rel}","templated":true}]}}