{"id":154639,"date":"2025-08-01T12:08:38","date_gmt":"2025-08-01T10:08:38","guid":{"rendered":"https:\/\/secureus.se\/?post_type=product&#038;p=154639"},"modified":"2026-03-10T11:06:07","modified_gmt":"2026-03-10T10:06:07","slug":"fireprotect-2-ac-varme-rok-230v","status":"publish","type":"product","link":"https:\/\/secureus.se\/no\/fireprotect-2-ac-varme-rok-230v\/","title":{"rendered":"FireProtect 2 AC \u2013 (Varme\/R\u00f8yk) 230V"},"content":{"rendered":"<h3 data-start=\"124\" data-end=\"213\"><strong data-start=\"128\" data-end=\"213\">Ajax FireProtect 2 AC - R\u00f8yk-\/varmedetektor med innebygd sirene og lysindikering - Tr\u00e5dl\u00f8s kommunikasjon og tilkobling til str\u00f8mnettet<\/strong><\/h3>\n<p data-start=\"215\" data-end=\"455\">Denne avanserte r\u00f8yk- og varmedetektoren er beregnet for innend\u00f8rs installasjon og kombinerer tr\u00e5dl\u00f8s kommunikasjon med nettstr\u00f8mforsyning (110-240 VAC). Den er utstyrt med en innebygd sirene og r\u00f8d lysindikasjon som aktiveres i tilfelle alarm.<\/p>\n<h4 data-start=\"457\" data-end=\"477\"><strong data-start=\"462\" data-end=\"477\">Egenskaper:<\/strong><\/h4>\n<ul data-start=\"478\" data-end=\"1123\">\n<li data-start=\"478\" data-end=\"569\">\n<p data-start=\"480\" data-end=\"569\"><strong data-start=\"480\" data-end=\"503\">Dobbel deteksjon:<\/strong> Alarmerer b\u00e5de ved r\u00f8yk i kammeret og ved raske temperaturendringer.<\/p>\n<\/li>\n<li data-start=\"570\" data-end=\"618\">\n<p data-start=\"572\" data-end=\"618\"><strong data-start=\"572\" data-end=\"590\">Innebygd sirene:<\/strong> 85 dB p\u00e5 3 meters avstand.<\/p>\n<\/li>\n<li data-start=\"619\" data-end=\"682\">\n<p data-start=\"621\" data-end=\"682\"><strong data-start=\"621\" data-end=\"640\">Lysindikasjon:<\/strong> Tydelig visuell alarmindikator (r\u00f8dt lys).<\/p>\n<\/li>\n<li data-start=\"683\" data-end=\"810\">\n<p data-start=\"685\" data-end=\"810\"><strong data-start=\"685\" data-end=\"709\">Synkroniserte alarmer:<\/strong> Mulighet for \u00e5 konfigurere slik at alle detektorer i systemet gir lyd samtidig i tilfelle alarm fra \u00e9n enhet.<\/p>\n<\/li>\n<li data-start=\"811\" data-end=\"934\">\n<p data-start=\"813\" data-end=\"934\"><strong data-start=\"813\" data-end=\"827\">Selvtesting:<\/strong> Regelmessige funksjons- og statustester, inkludert advarsler om lavt batteriniv\u00e5 og behov for rengj\u00f8ring.<\/p>\n<\/li>\n<li data-start=\"935\" data-end=\"1025\">\n<p data-start=\"937\" data-end=\"1025\"><strong data-start=\"937\" data-end=\"959\">Temperaturm\u00e5ling:<\/strong> Innebygd temperatursensor for overv\u00e5king av omgivelsestemperaturen.<\/p>\n<\/li>\n<li data-start=\"1026\" data-end=\"1123\">\n<p data-start=\"1028\" data-end=\"1123\"><strong data-start=\"1028\" data-end=\"1049\">Frittst\u00e5ende drift:<\/strong> Fungerer ogs\u00e5 som en tradisjonell r\u00f8ykvarsler uten tilkobling til et system.<\/p>\n<\/li>\n<\/ul>\n<h4 data-start=\"1125\" data-end=\"1149\"><strong data-start=\"1130\" data-end=\"1149\">Kompatibilitet:<\/strong><\/h4>\n<ul data-start=\"1150\" data-end=\"1220\">\n<li data-start=\"1150\" data-end=\"1162\">\n<p data-start=\"1152\" data-end=\"1162\">Hub Plus<\/p>\n<\/li>\n<li data-start=\"1163\" data-end=\"1172\">\n<p data-start=\"1165\" data-end=\"1172\">Hub 2<\/p>\n<\/li>\n<li data-start=\"1173\" data-end=\"1187\">\n<p data-start=\"1175\" data-end=\"1187\">Hub 2 Plus<\/p>\n<\/li>\n<li data-start=\"1188\" data-end=\"1202\">\n<p data-start=\"1190\" data-end=\"1202\">Hub Hybrid<\/p>\n<\/li>\n<li data-start=\"1203\" data-end=\"1210\">\n<p data-start=\"1205\" data-end=\"1210\">ReX<\/p>\n<\/li>\n<li data-start=\"1211\" data-end=\"1220\">\n<p data-start=\"1213\" data-end=\"1220\">Rex 2<\/p>\n<\/li>\n<\/ul>\n<h4 data-start=\"1222\" data-end=\"1251\"><strong data-start=\"1227\" data-end=\"1251\">Teknisk informasjon:<\/strong><\/h4>\n<ul data-start=\"1252\" data-end=\"1558\">\n<li data-start=\"1252\" data-end=\"1307\">\n<p data-start=\"1254\" data-end=\"1307\"><strong data-start=\"1254\" data-end=\"1275\">Tr\u00e5dl\u00f8s rekkevidde:<\/strong> Opp til 1700 m i \u00e5pent terreng<\/p>\n<\/li>\n<li data-start=\"1308\" data-end=\"1345\">\n<p data-start=\"1310\" data-end=\"1345\"><strong data-start=\"1310\" data-end=\"1331\">Forsyningsspenningen:<\/strong> 110-240 VAC<\/p>\n<\/li>\n<li data-start=\"1346\" data-end=\"1379\">\n<p data-start=\"1348\" data-end=\"1379\"><strong data-start=\"1348\" data-end=\"1366\">Reservebatteri:<\/strong> 1 \u00d7 CR123A<\/p>\n<\/li>\n<li data-start=\"1380\" data-end=\"1420\">\n<p data-start=\"1382\" data-end=\"1420\"><strong data-start=\"1382\" data-end=\"1403\">Arbeidstemperatur:<\/strong> 0 \u00b0C til +50 \u00b0C<\/p>\n<\/li>\n<li data-start=\"1421\" data-end=\"1476\">\n<p data-start=\"1423\" data-end=\"1476\"><strong data-start=\"1423\" data-end=\"1441\">Luftfuktighet:<\/strong> Opp til 80 % (ikke-kondenserende)<\/p>\n<\/li>\n<li data-start=\"1477\" data-end=\"1558\">\n<p data-start=\"1479\" data-end=\"1558\"><strong data-start=\"1479\" data-end=\"1503\">Alarmterskel (oppvarming):<\/strong> +64 \u00b0C eller temperatur\u00f8kning p\u00e5 10 \u00b0C i l\u00f8pet av 1 minutt<\/p>\n<\/li>\n<\/ul>","protected":false},"excerpt":{"rendered":"<p><strong data-start=\"119\" data-end=\"189\">Smart r\u00f8yk- og varmedetektor med innebygd sirene og lysindikasjon.<\/strong> Alarmer ved r\u00f8yk eller raske temperatur\u00f8kninger og kan synkroniseres med andre detektorer i systemet. Drevet via 110\u2013240 VAC med backupbatteri. Fungerer b\u00e5de frittst\u00e5ende og med Ajax-enheter som Hub 2, Hub Plus og ReX. Tr\u00e5dl\u00f8s rekkevidde p\u00e5 opptil 1700 m.<\/p>","protected":false},"featured_media":155444,"template":"","meta":{"_acf_changed":false},"product_brand":[],"product_cat":[3159],"product_tag":[4863],"class_list":{"0":"post-154639","1":"product","2":"type-product","3":"status-publish","4":"has-post-thumbnail","6":"product_cat-brandvarnare","7":"product_tag-pf","8":"pa_brands-ajax-systems","9":"pa_farg-vit","10":"tm-no-options","12":"first","13":"instock","14":"taxable","15":"shipping-taxable","16":"purchasable","17":"product-type-simple"},"acf":[],"_links":{"self":[{"href":"https:\/\/secureus.se\/no\/wp-json\/wp\/v2\/product\/154639","targetHints":{"allow":["GET"]}}],"collection":[{"href":"https:\/\/secureus.se\/no\/wp-json\/wp\/v2\/product"}],"about":[{"href":"https:\/\/secureus.se\/no\/wp-json\/wp\/v2\/types\/product"}],"wp:featuredmedia":[{"embeddable":true,"href":"https:\/\/secureus.se\/no\/wp-json\/wp\/v2\/media\/155444"}],"wp:attachment":[{"href":"https:\/\/secureus.se\/no\/wp-json\/wp\/v2\/media?parent=154639"}],"wp:term":[{"taxonomy":"product_brand","embeddable":true,"href":"https:\/\/secureus.se\/no\/wp-json\/wp\/v2\/product_brand?post=154639"},{"taxonomy":"product_cat","embeddable":true,"href":"https:\/\/secureus.se\/no\/wp-json\/wp\/v2\/product_cat?post=154639"},{"taxonomy":"product_tag","embeddable":true,"href":"https:\/\/secureus.se\/no\/wp-json\/wp\/v2\/product_tag?post=154639"}],"curies":[{"name":"wp","href":"https:\/\/api.w.org\/{rel}","templated":true}]}}