{"id":155492,"date":"2025-08-25T15:45:45","date_gmt":"2025-08-25T13:45:45","guid":{"rendered":"https:\/\/secureus.se\/monteringsstolpe-930e\/"},"modified":"2026-03-25T15:29:52","modified_gmt":"2026-03-25T14:29:52","slug":"monteringsstolpe-930e","status":"publish","type":"product","link":"https:\/\/secureus.se\/no\/monteringsstolpe-930e\/","title":{"rendered":"Monteringsstolpe 930E"},"content":{"rendered":"<div><\/div>\n<div>ASSA ABLOY 930E er en monteringsstolpe i rustfritt st\u00e5l. Passer til Assas standard sluttstykker i 900-serien sammen med l\u00e5skasser med enkelt eller dobbelt fall.<\/div>\n<div><b><br \/>\nKjennetegn: <\/b><\/div>\n<div>\n<ul>\n<li>For h\u00f8yre- eller venstrehengslede d\u00f8rer<\/li>\n<li>Bredde: 40 mm<\/li>\n<li>Lengde: 245 mm<\/li>\n<li>Tungest\u00f8rrelse: 16 mm<\/li>\n<li>Vinkeldybde: 15 mm<\/li>\n<li>Spesielt utviklet for Daloc st\u00e5ld\u00f8rer<\/li>\n<\/ul>\n<\/div>\n<div><b><br \/>\nPasser for ASSA ABLOY elektriske endeplater i 900-serien:<\/b><\/div>\n<div>\n<ul>\n<li>905, 905M<\/li>\n<li>910, 910M<\/li>\n<li>911, 911M<\/li>\n<li>920, 920M, 920C<\/li>\n<li>940M<\/li>\n<li>941M<\/li>\n<li>960M, 960C<\/li>\n<li>961M, 961C<\/li>\n<li>990 millioner<\/li>\n<li>991M<\/li>\n<\/ul>\n<\/div>\n<div><b>\u00a0<\/b><\/div>\n<p>&nbsp;<\/p>","protected":false},"excerpt":{"rendered":"<p>ASSA ABLOY 930E \u00e4r en montagestolpe i rostfritt st\u00e5l. Passar till Assas standard slutbleck i 900-serien tillsammans med l\u00e5shus med enkelfall eller dubbelfall. Egenskaper: F\u00f6r h\u00f6ger- eller v\u00e4nsterh\u00e4ngd d\u00f6rr Bredd:<\/p>","protected":false},"featured_media":155491,"template":"","meta":{"_acf_changed":false},"product_brand":[],"product_cat":[4735],"product_tag":[],"class_list":{"0":"post-155492","1":"product","2":"type-product","3":"status-publish","4":"has-post-thumbnail","6":"product_cat-monteringsstolpe","7":"pa_brands-abloy","8":"tm-no-options","10":"first","11":"instock","12":"sale","13":"taxable","14":"shipping-taxable","15":"purchasable","16":"product-type-simple"},"acf":[],"_links":{"self":[{"href":"https:\/\/secureus.se\/no\/wp-json\/wp\/v2\/product\/155492","targetHints":{"allow":["GET"]}}],"collection":[{"href":"https:\/\/secureus.se\/no\/wp-json\/wp\/v2\/product"}],"about":[{"href":"https:\/\/secureus.se\/no\/wp-json\/wp\/v2\/types\/product"}],"wp:featuredmedia":[{"embeddable":true,"href":"https:\/\/secureus.se\/no\/wp-json\/wp\/v2\/media\/155491"}],"wp:attachment":[{"href":"https:\/\/secureus.se\/no\/wp-json\/wp\/v2\/media?parent=155492"}],"wp:term":[{"taxonomy":"product_brand","embeddable":true,"href":"https:\/\/secureus.se\/no\/wp-json\/wp\/v2\/product_brand?post=155492"},{"taxonomy":"product_cat","embeddable":true,"href":"https:\/\/secureus.se\/no\/wp-json\/wp\/v2\/product_cat?post=155492"},{"taxonomy":"product_tag","embeddable":true,"href":"https:\/\/secureus.se\/no\/wp-json\/wp\/v2\/product_tag?post=155492"}],"curies":[{"name":"wp","href":"https:\/\/api.w.org\/{rel}","templated":true}]}}