{"id":155529,"date":"2025-08-26T11:49:12","date_gmt":"2025-08-26T09:49:12","guid":{"rendered":"https:\/\/secureus.se\/testenhet-adt700-for-akustiska-glaskross-ad700-och-ad800\/"},"modified":"2026-04-15T17:33:26","modified_gmt":"2026-04-15T15:33:26","slug":"testenhet-adt700-for-akustiska-glaskross-ad700-och-ad800","status":"publish","type":"product","link":"https:\/\/secureus.se\/no\/testenhet-adt700-for-akustiska-glaskross-ad700-och-ad800\/","title":{"rendered":"TESTENHET ADT700 FOR akustiske glassbrytere AD700 og AD800"},"content":{"rendered":"<h1>TESTENHET ADT700 FOR akustiske glassbrytere AD700 og AD800<\/h1>\n<p class=\"\" data-start=\"228\" data-end=\"825\">ADT700-testenheten er designet for \u00e5 teste og kalibrere akustiske glassbrudddetektorer fra AD700- og AD800-serien.<\/p>\n<p class=\"\" data-start=\"228\" data-end=\"825\">Testeren sender et spekter av signaler som gj\u00f8r at f\u00f8lsomheten til detektorene kan justeres basert p\u00e5 den spesifikke installasjonen.<\/p>\n<p class=\"\" data-start=\"228\" data-end=\"825\">AD700-serien og AD800-serien tilbyr tre forskjellige f\u00f8lsomhetsinnstillinger, og ADT 700-testeren lar deg identifisere den mest passende innstillingen for hver situasjon.<\/p>\n<p class=\"\" data-start=\"228\" data-end=\"825\">Detektoren gir tilbake den beste innstillingen for det gjeldende milj\u00f8et. Testeren brukes ogs\u00e5 under service og vedlikehold av detektorene.<\/p>\n<p class=\"\" data-start=\"827\" data-end=\"1213\">Den moderne AD700 akustiske glassbryterdetektoren oppdager inntrengningsfors\u00f8k ved \u00e5 knuse glass i vinduer eller d\u00f8rer.<\/p>\n<p class=\"\" data-start=\"827\" data-end=\"1213\">ADT700 er utstyrt med digital romkompensasjon (DRC), som lar detektoren skille mellom ekte glassknusende lyder og andre omgivelseslyder.<\/p>\n<p class=\"\" data-start=\"827\" data-end=\"1213\">Den kan monteres p\u00e5 vegg eller tak, med 165\u00b0 dekningsomr\u00e5de for \u00e5 dekke flere vinduer i et rom.<\/p>\n<p class=\"\" data-start=\"1215\" data-end=\"1246\"><strong data-start=\"1215\" data-end=\"1244\">Tekniske spesifikasjoner:<\/strong><\/p>\n<ul data-start=\"1247\" data-end=\"1996\">\n<li class=\"\" data-start=\"1247\" data-end=\"1279\">\n<p class=\"\" data-start=\"1249\" data-end=\"1279\"><strong data-start=\"1249\" data-end=\"1262\">Omfang:<\/strong>\u00a09 m radius\/165\u00b0<\/p>\n<\/li>\n<li class=\"\" data-start=\"1280\" data-end=\"1330\">\n<p class=\"\" data-start=\"1282\" data-end=\"1330\"><strong data-start=\"1282\" data-end=\"1315\">Maksimal glassoverflate\/glasstykkelse:<\/strong>\u00a06 \u00d7 6 m \/ 6,5 mm<\/p>\n<\/li>\n<li class=\"\" data-start=\"1331\" data-end=\"1359\">\n<p class=\"\" data-start=\"1333\" data-end=\"1359\"><strong data-start=\"1333\" data-end=\"1348\">Alarmutgang:<\/strong>\u00a0Stafett, NC<\/p>\n<\/li>\n<li class=\"\" data-start=\"1360\" data-end=\"1388\">\n<p class=\"\" data-start=\"1362\" data-end=\"1388\"><strong data-start=\"1362\" data-end=\"1381\">Beskyttelses klasse:<\/strong>\u00a0IP31<\/p>\n<\/li>\n<li class=\"\" data-start=\"1389\" data-end=\"1416\">\n<p class=\"\" data-start=\"1391\" data-end=\"1416\"><strong data-start=\"1391\" data-end=\"1404\">Spenning:<\/strong>\u00a08\u201315 administrerende direkt\u00f8r<\/p>\n<\/li>\n<li class=\"\" data-start=\"1417\" data-end=\"1453\">\n<p class=\"\" data-start=\"1419\" data-end=\"1453\"><strong data-start=\"1419\" data-end=\"1440\">Forsyningsspenningen:<\/strong>\u00a09\u201315 VDC<\/p>\n<\/li>\n<li class=\"\" data-start=\"1454\" data-end=\"1496\">\n<p class=\"\" data-start=\"1456\" data-end=\"1496\"><strong data-start=\"1456\" data-end=\"1477\">Str\u00f8mforbruk:<\/strong>\u00a016 mA (ved alarm)<\/p>\n<\/li>\n<li class=\"\" data-start=\"1497\" data-end=\"1538\">\n<p class=\"\" data-start=\"1499\" data-end=\"1538\"><strong data-start=\"1499\" data-end=\"1514\">Alarmutgang:<\/strong>\u00a0NC \/ 100 VDC \/ 500 mA<\/p>\n<\/li>\n<li class=\"\" data-start=\"1539\" data-end=\"1582\">\n<p class=\"\" data-start=\"1541\" data-end=\"1582\"><strong data-start=\"1541\" data-end=\"1560\">Sabotasjeutgang:<\/strong>\u00a0NC \/ 50 VDC \/ 50 mA<\/p>\n<\/li>\n<li class=\"\" data-start=\"1583\" data-end=\"1614\">\n<p class=\"\" data-start=\"1585\" data-end=\"1614\"><strong data-start=\"1585\" data-end=\"1604\">Alarmindikasjon:<\/strong>\u00a0R\u00f8d LED<\/p>\n<\/li>\n<li class=\"\" data-start=\"1615\" data-end=\"1655\">\n<p class=\"\" data-start=\"1617\" data-end=\"1655\"><strong data-start=\"1617\" data-end=\"1644\">Sensitivitetsinnstilling:<\/strong>\u00a03 niv\u00e5er<\/p>\n<\/li>\n<li class=\"\" data-start=\"1656\" data-end=\"1692\">\n<p class=\"\" data-start=\"1658\" data-end=\"1692\"><strong data-start=\"1658\" data-end=\"1675\">Maks rekkevidde:<\/strong>\u00a09 m radius\/165\u00b0<\/p>\n<\/li>\n<li class=\"\" data-start=\"1693\" data-end=\"1731\">\n<p class=\"\" data-start=\"1695\" data-end=\"1731\"><strong data-start=\"1695\" data-end=\"1718\">Min overflate \u00e5 overv\u00e5ke:<\/strong>\u00a030 x 30 cm<\/p>\n<\/li>\n<li class=\"\" data-start=\"1732\" data-end=\"1767\">\n<p class=\"\" data-start=\"1734\" data-end=\"1767\"><strong data-start=\"1734\" data-end=\"1757\">Maks overflate \u00e5 overv\u00e5ke:<\/strong>\u00a06 x 6 m<\/p>\n<\/li>\n<li class=\"\" data-start=\"1768\" data-end=\"1819\">\n<p class=\"\" data-start=\"1770\" data-end=\"1819\"><strong data-start=\"1770\" data-end=\"1795\">Volum av overv\u00e5ket rom:<\/strong>\u00a0Min 20 m\u00b3, maks 250 m\u00b3<\/p>\n<\/li>\n<li class=\"\" data-start=\"1820\" data-end=\"1837\">\n<p class=\"\" data-start=\"1822\" data-end=\"1837\"><strong data-start=\"1822\" data-end=\"1831\">Farge:<\/strong>\u00a0Hvit<\/p>\n<\/li>\n<li class=\"\" data-start=\"1838\" data-end=\"1880\">\n<p class=\"\" data-start=\"1840\" data-end=\"1880\"><strong data-start=\"1840\" data-end=\"1861\">Arbeidstemperatur:<\/strong>\u00a0-10\u00b0C til +55\u00b0C<\/p>\n<\/li>\n<li class=\"\" data-start=\"1881\" data-end=\"1933\">\n<p class=\"\" data-start=\"1883\" data-end=\"1933\"><strong data-start=\"1883\" data-end=\"1911\">Dimensjoner (B x H x D):<\/strong>\u00a055,8 x 94 x 22,5 mm<\/p>\n<\/li>\n<li class=\"\" data-start=\"1934\" data-end=\"1973\">\n<p class=\"\" data-start=\"1936\" data-end=\"1973\"><strong data-start=\"1936\" data-end=\"1952\">Godkjenning:<\/strong>\u00a0SBSC-sertifikat, 04-531<\/p>\n<\/li>\n<li class=\"\" data-start=\"1974\" data-end=\"1996\">\n<p class=\"\" data-start=\"1976\" data-end=\"1996\"><strong data-start=\"1976\" data-end=\"1985\">Vekt:<\/strong>\u00a00,115 kg<\/p>\n<\/li>\n<\/ul>","protected":false},"excerpt":{"rendered":"<p>ADT 700 testenhet for akustiske glassbrudddetektorer i AD700- og AD800-serien.<\/p>\n<p>Tillater testing av f\u00f8lsomhetsinnstillinger og er ogs\u00e5 egnet for service.<\/p>","protected":false},"featured_media":155528,"template":"","meta":{"_acf_changed":false},"product_brand":[],"product_cat":[3085],"product_tag":[],"class_list":{"0":"post-155529","1":"product","2":"type-product","3":"status-publish","4":"has-post-thumbnail","6":"product_cat-vibationsdetektorer-glaskrossdetektorer","7":"pa_brands-alarmtech","8":"pa_farg-vit","9":"tm-no-options","11":"first","12":"instock","13":"sale","14":"taxable","15":"shipping-taxable","16":"purchasable","17":"product-type-simple"},"acf":[],"_links":{"self":[{"href":"https:\/\/secureus.se\/no\/wp-json\/wp\/v2\/product\/155529","targetHints":{"allow":["GET"]}}],"collection":[{"href":"https:\/\/secureus.se\/no\/wp-json\/wp\/v2\/product"}],"about":[{"href":"https:\/\/secureus.se\/no\/wp-json\/wp\/v2\/types\/product"}],"wp:featuredmedia":[{"embeddable":true,"href":"https:\/\/secureus.se\/no\/wp-json\/wp\/v2\/media\/155528"}],"wp:attachment":[{"href":"https:\/\/secureus.se\/no\/wp-json\/wp\/v2\/media?parent=155529"}],"wp:term":[{"taxonomy":"product_brand","embeddable":true,"href":"https:\/\/secureus.se\/no\/wp-json\/wp\/v2\/product_brand?post=155529"},{"taxonomy":"product_cat","embeddable":true,"href":"https:\/\/secureus.se\/no\/wp-json\/wp\/v2\/product_cat?post=155529"},{"taxonomy":"product_tag","embeddable":true,"href":"https:\/\/secureus.se\/no\/wp-json\/wp\/v2\/product_tag?post=155529"}],"curies":[{"name":"wp","href":"https:\/\/api.w.org\/{rel}","templated":true}]}}