{"id":155664,"date":"2025-08-29T12:38:24","date_gmt":"2025-08-29T10:38:24","guid":{"rendered":"https:\/\/secureus.se\/ateco-rokdetektor-optisk-sm-rd-2\/"},"modified":"2025-09-15T13:45:33","modified_gmt":"2025-09-15T11:45:33","slug":"ateco-rokdetektor-optisk-sm-rd-2","status":"publish","type":"product","link":"https:\/\/secureus.se\/no\/ateco-rokdetektor-optisk-sm-rd-2\/","title":{"rendered":"Ateco SM-RD OPTISK R\u00d8YKDETEKTOR"},"content":{"rendered":"<p>Optisk r\u00f8ykdetektor for konvensjonelle systemer. Godkjent i henhold til EN54-7. Brukes i rom med en maksimal takh\u00f8yde p\u00e5 20 m. Overv\u00e5ket omr\u00e5de 100 kvm. Indikasjon via lysleder i alarmmodus. Egnet som en supplerende r\u00f8ykdetektor for brannd\u00f8rlukkepakken BDC-1A. Tekniske data: Spenningsforsyning: 9 VDC. Str\u00f8mforbruk: 50 uA. IP-klasse: IP30. M\u00e5l H x Diameter: 42 \u00d7 102 mm. Farge: hvit.<\/p>","protected":false},"excerpt":{"rendered":"<p>Optisk r\u00f8ykdetektor for konvensjonelle systemer. Godkjent i henhold til EN54-7. Brukes i rom med en maksimal takh\u00f8yde p\u00e5 20 m. Overv\u00e5ket omr\u00e5de 100 kvadratmeter. Indikering via lysleder i alarmmodus. Egnet som supplerende r\u00f8ykdetektor for<\/p>","protected":false},"featured_media":155662,"template":"","meta":{"_acf_changed":false},"product_brand":[],"product_cat":[3373],"product_tag":[],"class_list":{"0":"post-155664","1":"product","2":"type-product","3":"status-publish","4":"has-post-thumbnail","6":"product_cat-rokdetektorer","7":"pa_brands-ateco","8":"tm-no-options","10":"first","11":"instock","12":"sale","13":"taxable","14":"shipping-taxable","15":"purchasable","16":"product-type-simple"},"acf":[],"_links":{"self":[{"href":"https:\/\/secureus.se\/no\/wp-json\/wp\/v2\/product\/155664","targetHints":{"allow":["GET"]}}],"collection":[{"href":"https:\/\/secureus.se\/no\/wp-json\/wp\/v2\/product"}],"about":[{"href":"https:\/\/secureus.se\/no\/wp-json\/wp\/v2\/types\/product"}],"wp:featuredmedia":[{"embeddable":true,"href":"https:\/\/secureus.se\/no\/wp-json\/wp\/v2\/media\/155662"}],"wp:attachment":[{"href":"https:\/\/secureus.se\/no\/wp-json\/wp\/v2\/media?parent=155664"}],"wp:term":[{"taxonomy":"product_brand","embeddable":true,"href":"https:\/\/secureus.se\/no\/wp-json\/wp\/v2\/product_brand?post=155664"},{"taxonomy":"product_cat","embeddable":true,"href":"https:\/\/secureus.se\/no\/wp-json\/wp\/v2\/product_cat?post=155664"},{"taxonomy":"product_tag","embeddable":true,"href":"https:\/\/secureus.se\/no\/wp-json\/wp\/v2\/product_tag?post=155664"}],"curies":[{"name":"wp","href":"https:\/\/api.w.org\/{rel}","templated":true}]}}