{"id":155760,"date":"2025-09-01T12:48:49","date_gmt":"2025-09-01T10:48:49","guid":{"rendered":"https:\/\/secureus.se\/monteringsstolpe-725\/"},"modified":"2026-04-23T11:23:53","modified_gmt":"2026-04-23T09:23:53","slug":"monteringsstolpe-725","status":"publish","type":"product","link":"https:\/\/secureus.se\/no\/monteringsstolpe-725\/","title":{"rendered":"Monteringsstolpe 725"},"content":{"rendered":"<div>Monteringsstolpe i st\u00e5l, for standard elektrisk endeplate i Solid-serien. Benyttes for \u00e5 tilpasse innfesting og egenskaper til gjeldende bruksomr\u00e5de og d\u00f8rmilj\u00f8.<\/div>\n<div><\/div>\n<div><b>\u00a0<\/b><\/div>\n<div><b>Kjennetegn: <\/b><\/div>\n<div>\n<ul>\n<li>For tre-, st\u00e5l- eller aluminiumsrammer<\/li>\n<li>Sammenl\u00e5ste dobbeltfallsl\u00e5ser.<\/li>\n<li>Tungest\u00f8rrelse: 15 mm.<\/li>\n<\/ul>\n<\/div>\n<div><\/div>\n<div><b>\u00a0<\/b><\/div>\n<div><b>Egnet for: <\/b><\/div>\n<div>ASSA ABLOY elektriske endeplater i standardserien: 70, 570, 71, 571, 75, 575, 585<\/div>","protected":false},"excerpt":{"rendered":"<p>Monteringsstolpe i st\u00e5l, f\u00f6r standard elslutbleck i Solid-serien. Anv\u00e4nds f\u00f6r att anpassa inf\u00e4stning och egenskaper till den aktuella applikationen och d\u00f6rrmilj\u00f6n. \u00a0 Egenskaper: F\u00f6r tr\u00e4-, st\u00e5l- eller aluminiumkarmar F\u00f6rreglade dubbelfall\u00e5s.<\/p>","protected":false},"featured_media":155757,"template":"","meta":{"_acf_changed":false},"product_brand":[],"product_cat":[4735],"product_tag":[],"class_list":{"0":"post-155760","1":"product","2":"type-product","3":"status-publish","4":"has-post-thumbnail","6":"product_cat-monteringsstolpe","7":"product_shipping_class-postnord-varubrev","8":"pa_brands-abloy","9":"tm-no-options","11":"first","12":"instock","13":"sale","14":"taxable","15":"shipping-taxable","16":"purchasable","17":"product-type-simple"},"acf":[],"_links":{"self":[{"href":"https:\/\/secureus.se\/no\/wp-json\/wp\/v2\/product\/155760","targetHints":{"allow":["GET"]}}],"collection":[{"href":"https:\/\/secureus.se\/no\/wp-json\/wp\/v2\/product"}],"about":[{"href":"https:\/\/secureus.se\/no\/wp-json\/wp\/v2\/types\/product"}],"wp:featuredmedia":[{"embeddable":true,"href":"https:\/\/secureus.se\/no\/wp-json\/wp\/v2\/media\/155757"}],"wp:attachment":[{"href":"https:\/\/secureus.se\/no\/wp-json\/wp\/v2\/media?parent=155760"}],"wp:term":[{"taxonomy":"product_brand","embeddable":true,"href":"https:\/\/secureus.se\/no\/wp-json\/wp\/v2\/product_brand?post=155760"},{"taxonomy":"product_cat","embeddable":true,"href":"https:\/\/secureus.se\/no\/wp-json\/wp\/v2\/product_cat?post=155760"},{"taxonomy":"product_tag","embeddable":true,"href":"https:\/\/secureus.se\/no\/wp-json\/wp\/v2\/product_tag?post=155760"}],"curies":[{"name":"wp","href":"https:\/\/api.w.org\/{rel}","templated":true}]}}