{"id":155891,"date":"2025-09-03T09:29:34","date_gmt":"2025-09-03T07:29:34","guid":{"rendered":"https:\/\/secureus.se\/monteringsstolpe-977cs\/"},"modified":"2026-04-08T15:06:51","modified_gmt":"2026-04-08T13:06:51","slug":"monteringsstolpe-977cs","status":"publish","type":"product","link":"https:\/\/secureus.se\/no\/monteringsstolpe-977cs\/","title":{"rendered":"Monteringsstolpe 977CS"},"content":{"rendered":"<p>ASSA ABLOY 977CS er en flat monteringsstolpe i rustfritt st\u00e5l, tilpasset Reynaers CS 77 byggesystem. Passer til Assas standard sluttstykke i 900-serien sammen med enkle eller doble sluttstykkehus. Brukes for \u00e5 tilpasse festet av elektriske sluttstykker til Reynaers standard utsparinger.<\/p>\n<div><\/div>\n<div><b>Kjennetegn:<\/b><\/div>\n<div>\n<ul>\n<li>Symmetrisk<\/li>\n<li>Bredde: 53,4 mm<\/li>\n<li>H\u00f8yde: 245 mm<\/li>\n<li>Tungedimensjon: 28,4 mm<\/li>\n<li>Passer til Reynaers CS 77<\/li>\n<\/ul>\n<\/div>\n<div><\/div>\n<div><b>Passer for ASSA ABLOY elektriske endeplater i 900-serien:<\/b><\/div>\n<div>\n<ul>\n<li>905, 905M<\/li>\n<li>910, 910M<\/li>\n<li>911, 911M<\/li>\n<li>920, 920M, 920C<\/li>\n<li>940M<\/li>\n<li>941M<\/li>\n<li>960M, 960C<\/li>\n<li>961M, 961C<\/li>\n<li>990 millioner<\/li>\n<li>991M<\/li>\n<\/ul>\n<\/div>","protected":false},"excerpt":{"rendered":"<p>ASSA ABLOY 977CS \u00e4r en plan monteringsstolpe i rostfritt st\u00e5l, anpassad f\u00f6r Reynaers CS 77 byggsystem. Passar till Assas standard slutbleck i 900-serien tillsammans med l\u00e5shus med enkelfall eller dubbelfall.<\/p>","protected":false},"featured_media":155890,"template":"","meta":{"_acf_changed":false},"product_brand":[],"product_cat":[4735],"product_tag":[],"class_list":{"0":"post-155891","1":"product","2":"type-product","3":"status-publish","4":"has-post-thumbnail","6":"product_cat-monteringsstolpe","7":"product_shipping_class-postnord-varubrev","8":"pa_brands-abloy","9":"tm-no-options","11":"first","12":"onbackorder","13":"sale","14":"taxable","15":"shipping-taxable","16":"purchasable","17":"product-type-simple"},"acf":[],"_links":{"self":[{"href":"https:\/\/secureus.se\/no\/wp-json\/wp\/v2\/product\/155891","targetHints":{"allow":["GET"]}}],"collection":[{"href":"https:\/\/secureus.se\/no\/wp-json\/wp\/v2\/product"}],"about":[{"href":"https:\/\/secureus.se\/no\/wp-json\/wp\/v2\/types\/product"}],"wp:featuredmedia":[{"embeddable":true,"href":"https:\/\/secureus.se\/no\/wp-json\/wp\/v2\/media\/155890"}],"wp:attachment":[{"href":"https:\/\/secureus.se\/no\/wp-json\/wp\/v2\/media?parent=155891"}],"wp:term":[{"taxonomy":"product_brand","embeddable":true,"href":"https:\/\/secureus.se\/no\/wp-json\/wp\/v2\/product_brand?post=155891"},{"taxonomy":"product_cat","embeddable":true,"href":"https:\/\/secureus.se\/no\/wp-json\/wp\/v2\/product_cat?post=155891"},{"taxonomy":"product_tag","embeddable":true,"href":"https:\/\/secureus.se\/no\/wp-json\/wp\/v2\/product_tag?post=155891"}],"curies":[{"name":"wp","href":"https:\/\/api.w.org\/{rel}","templated":true}]}}