{"id":155905,"date":"2025-09-03T09:29:36","date_gmt":"2025-09-03T07:29:36","guid":{"rendered":"https:\/\/secureus.se\/monteringsstolpe-965-w\/"},"modified":"2026-04-08T15:09:23","modified_gmt":"2026-04-08T13:09:23","slug":"monteringsstolpe-965-w","status":"publish","type":"product","link":"https:\/\/secureus.se\/no\/monteringsstolpe-965-w\/","title":{"rendered":"Monteringsstolpe 965-W"},"content":{"rendered":"<p>ASSA ABLOY 965-W er en flat monteringsstolpe i rustfritt st\u00e5l, tilpasset Wicona 65\/Connect. Passer til Assas standard sluttstykke i 900-serien sammen med enkle eller doble sluttstykkehus. Brukes for \u00e5 tilpasse festet av det elektriske sluttstykket til Wiconas standard utsparing.<\/p>\n<div><\/div>\n<div><b>Kjennetegn:<\/b><\/div>\n<div>\n<ul>\n<li>Symmetrisk<\/li>\n<li>Bredde: 40 mm<\/li>\n<li>H\u00f8yde: 245 mm<\/li>\n<li>Tungest\u00f8rrelse: 12,5 mm<\/li>\n<li>Passer til profilsystem Wicona 65\/Connect.<\/li>\n<\/ul>\n<\/div>\n<div><\/div>\n<div><b>Passer for ASSA ABLOY elektriske endeplater i 900-serien:<\/b><\/div>\n<div>\n<ul>\n<li>905, 905M<\/li>\n<li>910, 910M<\/li>\n<li>911, 911M<\/li>\n<li>920, 920M, 920C<\/li>\n<li>940M<\/li>\n<li>941M<\/li>\n<li>960M, 960C<\/li>\n<li>961M, 961C<\/li>\n<li>990 millioner<\/li>\n<li>991M<\/li>\n<\/ul>\n<\/div>","protected":false},"excerpt":{"rendered":"<p>ASSA ABLOY 965-W \u00e4r en plan monteringsstolpe i rostfritt st\u00e5l, anpassad f\u00f6r Wicona 65\/Connect. Passar till Assas standard slutbleck i 900-serien tillsammans med l\u00e5shus med enkelfall eller dubbelfall. Anv\u00e4nds f\u00f6r<\/p>","protected":false},"featured_media":155904,"template":"","meta":{"_acf_changed":false},"product_brand":[],"product_cat":[4735],"product_tag":[],"class_list":{"0":"post-155905","1":"product","2":"type-product","3":"status-publish","4":"has-post-thumbnail","6":"product_cat-monteringsstolpe","7":"product_shipping_class-postnord-varubrev","8":"pa_brands-abloy","9":"tm-no-options","11":"first","12":"instock","13":"sale","14":"taxable","15":"shipping-taxable","16":"purchasable","17":"product-type-simple"},"acf":[],"_links":{"self":[{"href":"https:\/\/secureus.se\/no\/wp-json\/wp\/v2\/product\/155905","targetHints":{"allow":["GET"]}}],"collection":[{"href":"https:\/\/secureus.se\/no\/wp-json\/wp\/v2\/product"}],"about":[{"href":"https:\/\/secureus.se\/no\/wp-json\/wp\/v2\/types\/product"}],"wp:featuredmedia":[{"embeddable":true,"href":"https:\/\/secureus.se\/no\/wp-json\/wp\/v2\/media\/155904"}],"wp:attachment":[{"href":"https:\/\/secureus.se\/no\/wp-json\/wp\/v2\/media?parent=155905"}],"wp:term":[{"taxonomy":"product_brand","embeddable":true,"href":"https:\/\/secureus.se\/no\/wp-json\/wp\/v2\/product_brand?post=155905"},{"taxonomy":"product_cat","embeddable":true,"href":"https:\/\/secureus.se\/no\/wp-json\/wp\/v2\/product_cat?post=155905"},{"taxonomy":"product_tag","embeddable":true,"href":"https:\/\/secureus.se\/no\/wp-json\/wp\/v2\/product_tag?post=155905"}],"curies":[{"name":"wp","href":"https:\/\/api.w.org\/{rel}","templated":true}]}}