{"id":155923,"date":"2025-09-03T09:29:42","date_gmt":"2025-09-03T07:29:42","guid":{"rendered":"https:\/\/secureus.se\/monteringsstolpe-930-95\/"},"modified":"2026-03-25T15:27:14","modified_gmt":"2026-03-25T14:27:14","slug":"monteringsstolpe-930-95","status":"publish","type":"product","link":"https:\/\/secureus.se\/no\/monteringsstolpe-930-95\/","title":{"rendered":"Monteringsstolpe 930-9,5"},"content":{"rendered":"<div>ASSA ABLOY 930-9.5 er en monteringsstolpe i rustfritt st\u00e5l, for profilsystem Sch\u00fcco ADS 50 NI. Passer til Assas standard endeplate i 900-serien. Brukes for \u00e5 tilpasse det elektriske endeplatefestet til Sch\u00fcco standard utsparing.<\/div>\n<div><b><br \/>\nKjennetegn:<\/b><\/div>\n<div>\n<ul>\n<li>Bredde: 34,5 mm<br \/>\nLengde: 245 mm<\/li>\n<li>Tungest\u00f8rrelse: 8,5 mm<\/li>\n<li>Passer til profilsystem Sch\u00fcco ADS 50 NI<\/li>\n<\/ul>\n<\/div>\n<div><b><br \/>\nPasser for ASSA ABLOY elektriske endeplater i 900-serien:<\/b><\/div>\n<div>\n<ul>\n<li>905, 905M<\/li>\n<li>910, 910M<\/li>\n<li>911, 911M<\/li>\n<li>920, 920M, 920C<\/li>\n<li>940M<\/li>\n<li>941M<\/li>\n<li>960M, 960C<\/li>\n<li>961M, 961C<\/li>\n<li>990 millioner<\/li>\n<li>991M<\/li>\n<\/ul>\n<\/div>","protected":false},"excerpt":{"rendered":"<p>ASSA ABLOY 930-9,5 \u00e4r en montagestolpe i rostfritt st\u00e5l, f\u00f6r profilsystem Sch\u00fcco ADS 50 NI. Passar till Assas standard slutbleck i 900-serien. Anv\u00e4nds f\u00f6r att anpassa inf\u00e4stning elslutbleck till Sch\u00fcco<\/p>","protected":false},"featured_media":155922,"template":"","meta":{"_acf_changed":false},"product_brand":[],"product_cat":[4735],"product_tag":[],"class_list":{"0":"post-155923","1":"product","2":"type-product","3":"status-publish","4":"has-post-thumbnail","6":"product_cat-monteringsstolpe","7":"product_shipping_class-postnord-varubrev","8":"pa_brands-abloy","9":"tm-no-options","11":"first","12":"onbackorder","13":"sale","14":"taxable","15":"shipping-taxable","16":"purchasable","17":"product-type-simple"},"acf":[],"_links":{"self":[{"href":"https:\/\/secureus.se\/no\/wp-json\/wp\/v2\/product\/155923","targetHints":{"allow":["GET"]}}],"collection":[{"href":"https:\/\/secureus.se\/no\/wp-json\/wp\/v2\/product"}],"about":[{"href":"https:\/\/secureus.se\/no\/wp-json\/wp\/v2\/types\/product"}],"wp:featuredmedia":[{"embeddable":true,"href":"https:\/\/secureus.se\/no\/wp-json\/wp\/v2\/media\/155922"}],"wp:attachment":[{"href":"https:\/\/secureus.se\/no\/wp-json\/wp\/v2\/media?parent=155923"}],"wp:term":[{"taxonomy":"product_brand","embeddable":true,"href":"https:\/\/secureus.se\/no\/wp-json\/wp\/v2\/product_brand?post=155923"},{"taxonomy":"product_cat","embeddable":true,"href":"https:\/\/secureus.se\/no\/wp-json\/wp\/v2\/product_cat?post=155923"},{"taxonomy":"product_tag","embeddable":true,"href":"https:\/\/secureus.se\/no\/wp-json\/wp\/v2\/product_tag?post=155923"}],"curies":[{"name":"wp","href":"https:\/\/api.w.org\/{rel}","templated":true}]}}