{"id":155933,"date":"2025-09-03T09:29:38","date_gmt":"2025-09-03T07:29:38","guid":{"rendered":"https:\/\/secureus.se\/monteringsstolpe-9487-2\/"},"modified":"2026-03-25T15:27:31","modified_gmt":"2026-03-25T14:27:31","slug":"monteringsstolpe-9487-2","status":"publish","type":"product","link":"https:\/\/secureus.se\/no\/monteringsstolpe-9487-2\/","title":{"rendered":"Monteringsstolpe 9487-2"},"content":{"rendered":"<p>ASSA ABLOY 9487-2 er en flat monteringsstolpe i rustfritt st\u00e5l. Passer til Assas standard sluttstykker i 900-serien sammen med l\u00e5skasser med enkelt eller dobbelt fall. Med avrundede hj\u00f8rner for enklere fresing i trerammer. Tilsvarer sluttstykke 1487-2.<\/p>\n<div><b><br \/>Kjennetegn:\u00a0<\/b><\/div>\n<div>\n<ul>\n<li>Symmetrisk<\/li>\n<li>Bredde: 40 mm<\/li>\n<li>H\u00f8yde: 200 mm<\/li>\n<li>Tungest\u00f8rrelse: 16,5 mm<\/li>\n<li>Runde hj\u00f8rner<\/li>\n<li>For trerammer<\/li>\n<li>Har samme dimensjoner som endeplate 1487-2<\/li>\n<\/ul>\n<\/div>\n<div><b>Passer for ASSA ABLOY elektriske endeplater i 900-serien:<\/b><\/div>\n<div>\n<ul>\n<li>905, 905M<\/li>\n<li>910, 910M<\/li>\n<li>911, 911M<\/li>\n<li>920, 920M, 920C<\/li>\n<li>940M<\/li>\n<li>941M<\/li>\n<li>960M, 960C<\/li>\n<li>961M, 961C<\/li>\n<li>990 millioner<\/li>\n<li>991M<\/li>\n<\/ul>\n<\/div>\n<div><\/div>","protected":false},"excerpt":{"rendered":"<p>ASSA ABLOY 9487-2 \u00e4r en plan monteringsstolpe i rostfritt st\u00e5l. Passar till Assas standard slutbleck i 900-serien tillsammans med l\u00e5shus med enkelfall eller dubbelfall. Med runda h\u00f6rn f\u00f6r l\u00e4ttare infr\u00e4sning<\/p>","protected":false},"featured_media":155932,"template":"","meta":{"_acf_changed":false},"product_brand":[],"product_cat":[4735],"product_tag":[],"class_list":{"0":"post-155933","1":"product","2":"type-product","3":"status-publish","4":"has-post-thumbnail","6":"product_cat-monteringsstolpe","7":"product_shipping_class-postnord-varubrev","8":"pa_brands-abloy","9":"tm-no-options","11":"first","12":"instock","13":"sale","14":"taxable","15":"shipping-taxable","16":"purchasable","17":"product-type-simple"},"acf":[],"_links":{"self":[{"href":"https:\/\/secureus.se\/no\/wp-json\/wp\/v2\/product\/155933","targetHints":{"allow":["GET"]}}],"collection":[{"href":"https:\/\/secureus.se\/no\/wp-json\/wp\/v2\/product"}],"about":[{"href":"https:\/\/secureus.se\/no\/wp-json\/wp\/v2\/types\/product"}],"wp:featuredmedia":[{"embeddable":true,"href":"https:\/\/secureus.se\/no\/wp-json\/wp\/v2\/media\/155932"}],"wp:attachment":[{"href":"https:\/\/secureus.se\/no\/wp-json\/wp\/v2\/media?parent=155933"}],"wp:term":[{"taxonomy":"product_brand","embeddable":true,"href":"https:\/\/secureus.se\/no\/wp-json\/wp\/v2\/product_brand?post=155933"},{"taxonomy":"product_cat","embeddable":true,"href":"https:\/\/secureus.se\/no\/wp-json\/wp\/v2\/product_cat?post=155933"},{"taxonomy":"product_tag","embeddable":true,"href":"https:\/\/secureus.se\/no\/wp-json\/wp\/v2\/product_tag?post=155933"}],"curies":[{"name":"wp","href":"https:\/\/api.w.org\/{rel}","templated":true}]}}