{"id":155959,"date":"2025-09-03T09:29:42","date_gmt":"2025-09-03T07:29:42","guid":{"rendered":"https:\/\/secureus.se\/monteringsstolpe-930t-15\/"},"modified":"2026-04-08T15:07:48","modified_gmt":"2026-04-08T13:07:48","slug":"monteringsstolpe-930t-15","status":"publish","type":"product","link":"https:\/\/secureus.se\/no\/monteringsstolpe-930t-15\/","title":{"rendered":"Monteringsstolpe 930T-15"},"content":{"rendered":"<p>Vinklet monteringsstolpe med runde hj\u00f8rner i rustfritt st\u00e5l, for trerammer. Passer til Assas standard endeplate i 900-serien. Benyttes for \u00e5 tilpasse innfesting og egenskaper til gjeldende bruksomr\u00e5de og d\u00f8rmilj\u00f8.<\/p>\n<div><b><br \/>\nKjennetegn:\u00a0<\/b><\/div>\n<div>\n<ul>\n<li>Dimensjoner (LxBxH): 245 x 40 x 15<\/li>\n<li>Tungest\u00f8rrelse: 15 mm<\/li>\n<li>Runde hj\u00f8rner<\/li>\n<li>For trerammer<\/li>\n<\/ul>\n<\/div>\n<div><b><br \/>\nPasser for ASSA ABLOY elektriske endeplater i 900-serien:<\/b><\/div>\n<div>\n<ul>\n<li>905, 905M<\/li>\n<li>910, 910M<\/li>\n<li>911, 911M<\/li>\n<li>920, 920M, 920C<\/li>\n<li>940M<\/li>\n<li>941M<\/li>\n<li>960M, 960C<\/li>\n<li>961M, 961C<\/li>\n<li>990 millioner<\/li>\n<li>991M<\/li>\n<\/ul>\n<\/div>\n<div>\n<div>\n<div><\/div>\n<\/div>\n<div><\/div>\n<\/div>","protected":false},"excerpt":{"rendered":"<p>Vinklet monteringsstolpe med runde hj\u00f8rner i rustfritt st\u00e5l, for trerammer. Passer til Assas standard endeplate i 900-serien. Benyttes for \u00e5 tilpasse innfesting og egenskaper til gjeldende bruksomr\u00e5de og d\u00f8rmilj\u00f8.<\/p>","protected":false},"featured_media":155952,"template":"","meta":{"_acf_changed":false},"product_brand":[],"product_cat":[4735],"product_tag":[],"class_list":{"0":"post-155959","1":"product","2":"type-product","3":"status-publish","4":"has-post-thumbnail","6":"product_cat-monteringsstolpe","7":"product_shipping_class-postnord-varubrev","8":"pa_brands-abloy","9":"tm-no-options","11":"first","12":"instock","13":"sale","14":"taxable","15":"shipping-taxable","16":"purchasable","17":"product-type-simple"},"acf":[],"_links":{"self":[{"href":"https:\/\/secureus.se\/no\/wp-json\/wp\/v2\/product\/155959","targetHints":{"allow":["GET"]}}],"collection":[{"href":"https:\/\/secureus.se\/no\/wp-json\/wp\/v2\/product"}],"about":[{"href":"https:\/\/secureus.se\/no\/wp-json\/wp\/v2\/types\/product"}],"wp:featuredmedia":[{"embeddable":true,"href":"https:\/\/secureus.se\/no\/wp-json\/wp\/v2\/media\/155952"}],"wp:attachment":[{"href":"https:\/\/secureus.se\/no\/wp-json\/wp\/v2\/media?parent=155959"}],"wp:term":[{"taxonomy":"product_brand","embeddable":true,"href":"https:\/\/secureus.se\/no\/wp-json\/wp\/v2\/product_brand?post=155959"},{"taxonomy":"product_cat","embeddable":true,"href":"https:\/\/secureus.se\/no\/wp-json\/wp\/v2\/product_cat?post=155959"},{"taxonomy":"product_tag","embeddable":true,"href":"https:\/\/secureus.se\/no\/wp-json\/wp\/v2\/product_tag?post=155959"}],"curies":[{"name":"wp","href":"https:\/\/api.w.org\/{rel}","templated":true}]}}