{"id":155976,"date":"2025-09-03T10:40:33","date_gmt":"2025-09-03T08:40:33","guid":{"rendered":"https:\/\/secureus.se\/monteringsstolpe-845\/"},"modified":"2026-04-08T15:06:24","modified_gmt":"2026-04-08T13:06:24","slug":"monteringsstolpe-845","status":"publish","type":"product","link":"https:\/\/secureus.se\/no\/monteringsstolpe-845\/","title":{"rendered":"Monteringsstolpe 845"},"content":{"rendered":"<div>\n<div>\n<div>\n<div><\/div>\n<div>Monteringsstolpe i rustfritt st\u00e5l for ekstra sterke Solide elektriske endeplater, spesialdesignet for Sch\u00fcco profilsystem Royal S65 (med skyved\u00f8r) og Royal S50N. <b><\/b><\/div>\n<div><b>\u00a0<\/b><\/div>\n<div><b>Kjennetegn:<\/b><\/div>\n<div>\n<ul>\n<li>Passer til Sch\u00fccos Royal S65 og Royal S50N<\/li>\n<li>I profiler frest med Assa\/Sch\u00fcco standard utsparinger kan type elektrisk endeplate endres uten \u00e5 endre utsparingene.<\/li>\n<li>Ved montering i profilsystem S65 skal det benyttes skyvefj\u00e6r.<\/li>\n<li>Passer til aluminiumsramme.<\/li>\n<\/ul>\n<\/div>\n<div><b>\u00a0<\/b><\/div>\n<div><b><\/b><b>Egnet for:\u00a0\u00a0<\/b><\/div>\n<div>ASSA ABLOY elektrisk endeplate ekstra sterk serie: 131, 5131, 8131, 331, 8331<\/div>\n<\/div>\n<\/div>\n<\/div>\n<div><\/div>","protected":false},"excerpt":{"rendered":"<p>Monteringsstolpe i rostfritt st\u00e5l f\u00f6r extra kraftiga Solid elslutbleck, speciellt framtagna f\u00f6r Sch\u00fcco profilsystem Royal S65 (med glidpl\u00f6s) och Royal S50N. \u00a0 Egenskaper: Passar Sch\u00fccos Royal S65 och Royal S50N<\/p>","protected":false},"featured_media":159458,"template":"","meta":{"_acf_changed":false},"product_brand":[],"product_cat":[4735],"product_tag":[],"class_list":{"0":"post-155976","1":"product","2":"type-product","3":"status-publish","4":"has-post-thumbnail","6":"product_cat-monteringsstolpe","7":"product_shipping_class-postnord-varubrev","8":"pa_brands-abloy","9":"tm-no-options","11":"first","12":"instock","13":"sale","14":"taxable","15":"shipping-taxable","16":"purchasable","17":"product-type-simple"},"acf":[],"_links":{"self":[{"href":"https:\/\/secureus.se\/no\/wp-json\/wp\/v2\/product\/155976","targetHints":{"allow":["GET"]}}],"collection":[{"href":"https:\/\/secureus.se\/no\/wp-json\/wp\/v2\/product"}],"about":[{"href":"https:\/\/secureus.se\/no\/wp-json\/wp\/v2\/types\/product"}],"wp:featuredmedia":[{"embeddable":true,"href":"https:\/\/secureus.se\/no\/wp-json\/wp\/v2\/media\/159458"}],"wp:attachment":[{"href":"https:\/\/secureus.se\/no\/wp-json\/wp\/v2\/media?parent=155976"}],"wp:term":[{"taxonomy":"product_brand","embeddable":true,"href":"https:\/\/secureus.se\/no\/wp-json\/wp\/v2\/product_brand?post=155976"},{"taxonomy":"product_cat","embeddable":true,"href":"https:\/\/secureus.se\/no\/wp-json\/wp\/v2\/product_cat?post=155976"},{"taxonomy":"product_tag","embeddable":true,"href":"https:\/\/secureus.se\/no\/wp-json\/wp\/v2\/product_tag?post=155976"}],"curies":[{"name":"wp","href":"https:\/\/api.w.org\/{rel}","templated":true}]}}