{"id":155980,"date":"2025-09-03T10:40:35","date_gmt":"2025-09-03T08:40:35","guid":{"rendered":"https:\/\/secureus.se\/monteringsstolpe-841\/"},"modified":"2026-03-25T15:27:03","modified_gmt":"2026-03-25T14:27:03","slug":"monteringsstolpe-841","status":"publish","type":"product","link":"https:\/\/secureus.se\/no\/monteringsstolpe-841\/","title":{"rendered":"Monteringsstolpe 841"},"content":{"rendered":"<div>\n<div>\n<div>\n<div><\/div>\n<div>Monteringsstolpe i rustfritt st\u00e5l for ekstra sterke elektriske endeplater, spesialdesignet for SapaFront profilsystem. Brukes for \u00e5 tilpasse innfesting av elektriske endeplater til Sapa standard utsparinger.<\/div>\n<div><\/div>\n<div><b>Kjennetegn: <\/b><\/div>\n<div>\n<ul>\n<li>N\u00e5r smalprofill\u00e5ser brukes sammen med SapaFront-stolper, skal l\u00e5sene monteres med 22 mm stolpe.<\/li>\n<li>Passer SapaFront byggesystem 2071 utover.<\/li>\n<li>Beregnet for aluminiumsramme.<b><\/b><\/li>\n<\/ul>\n<\/div>\n<div><\/div>\n<div><b>Egnet for: <\/b><\/div>\n<div>ASSA ABLOY elektrisk endeplate ekstra sterk serie: 131, 5131, 8131, 331, 8331<\/div>\n<\/div>\n<\/div>\n<\/div>\n<div><\/div>","protected":false},"excerpt":{"rendered":"<p>Monteringsstolpe i rostfritt st\u00e5l f\u00f6r extra kraftiga elslutbleck, speciellt framtagna f\u00f6r SapaFront profilsystem. Anv\u00e4nds f\u00f6r att anpassa inf\u00e4stning av elslutbleck till Sapa standardurtag. Egenskaper: D\u00e5 smalprofill\u00e5s anv\u00e4nds tillsammans med SapaFront<\/p>","protected":false},"featured_media":155979,"template":"","meta":{"_acf_changed":false},"product_brand":[],"product_cat":[4735],"product_tag":[],"class_list":{"0":"post-155980","1":"product","2":"type-product","3":"status-publish","4":"has-post-thumbnail","6":"product_cat-monteringsstolpe","7":"product_shipping_class-postnord-varubrev","8":"pa_brands-abloy","9":"tm-no-options","11":"first","12":"onbackorder","13":"sale","14":"taxable","15":"shipping-taxable","16":"purchasable","17":"product-type-simple"},"acf":[],"_links":{"self":[{"href":"https:\/\/secureus.se\/no\/wp-json\/wp\/v2\/product\/155980","targetHints":{"allow":["GET"]}}],"collection":[{"href":"https:\/\/secureus.se\/no\/wp-json\/wp\/v2\/product"}],"about":[{"href":"https:\/\/secureus.se\/no\/wp-json\/wp\/v2\/types\/product"}],"wp:featuredmedia":[{"embeddable":true,"href":"https:\/\/secureus.se\/no\/wp-json\/wp\/v2\/media\/155979"}],"wp:attachment":[{"href":"https:\/\/secureus.se\/no\/wp-json\/wp\/v2\/media?parent=155980"}],"wp:term":[{"taxonomy":"product_brand","embeddable":true,"href":"https:\/\/secureus.se\/no\/wp-json\/wp\/v2\/product_brand?post=155980"},{"taxonomy":"product_cat","embeddable":true,"href":"https:\/\/secureus.se\/no\/wp-json\/wp\/v2\/product_cat?post=155980"},{"taxonomy":"product_tag","embeddable":true,"href":"https:\/\/secureus.se\/no\/wp-json\/wp\/v2\/product_tag?post=155980"}],"curies":[{"name":"wp","href":"https:\/\/api.w.org\/{rel}","templated":true}]}}