{"id":155982,"date":"2025-09-03T10:40:36","date_gmt":"2025-09-03T08:40:36","guid":{"rendered":"https:\/\/secureus.se\/monteringsstolpe-840\/"},"modified":"2026-04-23T11:19:45","modified_gmt":"2026-04-23T09:19:45","slug":"monteringsstolpe-840","status":"publish","type":"product","link":"https:\/\/secureus.se\/no\/monteringsstolpe-840\/","title":{"rendered":"Monteringsstolpe 840"},"content":{"rendered":"<div>\n<div>\n<div>\n<div>\n<div>\n<div><b>Bruksomr\u00e5de:\u00a0<\/b>Monteringsstolpe i rustfritt st\u00e5l for ekstra sterke elektriske endeplater, spesialdesignet for SapaFront profilsystem. Brukes for \u00e5 tilpasse innfesting av elektriske endeplater til Sapa standard utsparinger.<\/div>\n<div><\/div>\n<div>\n<p><b>Kjennetegn:\u00a0<\/b><\/p>\n<ul>\n<li>N\u00e5r smalprofill\u00e5ser brukes sammen med SapaFront-stolper, skal l\u00e5sene monteres med 22 mm stolpe.<\/li>\n<li>Passer SapaFront byggesystem 2050 og 2071 innover.<\/li>\n<li>Beregnet for aluminiumsramme.<\/li>\n<\/ul>\n<\/div>\n<\/div>\n<div><\/div>\n<div>\n<p><b>Trekk:\u00a0<\/b>Valg av stolpe bestemmes av en rekke ulike faktorer, som til sammen gir den optimale kombinasjonen av d\u00f8r\/l\u00e5s\/stolpe. En av de viktigste faktorene er hvordan selve d\u00f8ren er utformet. Materialet p\u00e5 karmen\/d\u00f8rbladet kan variere, f.eks. tre, aluminium eller st\u00e5l, og portens profil (utfoldet\/foldet) skal tas i betraktning.<\/p>\n<div>For \u00e5 kunne velge elektrisk lukkeplate og monteringsstolpe m\u00e5 du ogs\u00e5 vite hvilken type mekanisk l\u00e5s som brukes, om det er en enkelt- eller dobbeltfallsl\u00e5s, og hvor stor tungedimensjonen er mellom forkanten av d\u00f8rblad og l\u00e5sens stempel.<\/div>\n<div>\n<b>Spesielle standarder for brannklassifiserte d\u00f8rer:\u00a0<\/b>For d\u00f8rer med brannteknisk klasse EI\/E 60, EI\/E 30 eller EI\/E15 skal det ikke benyttes enkle elektriske lukkeplater som d\u00f8rfestebeslag. Hvis du er i tvil om kombinasjonen av l\u00e5s\/elektrisk sluttplate i brannklassifiserte d\u00f8rer, kontakt oss eller les det svenske Boverkets Byggereglement BBR 94.3 avsnitt 5:6214.<\/div>\n<\/div>\n<\/div>\n<\/div>\n<\/div>\n<\/div>\n<div><\/div>","protected":false},"excerpt":{"rendered":"<p>Anv\u00e4ndningsomr\u00e5de:\u00a0Monteringsstolpe i rostfritt st\u00e5l f\u00f6r extra kraftiga elslutbleck, speciellt framtagna f\u00f6r SapaFront profilsystem. Anv\u00e4nds f\u00f6r att anpassa inf\u00e4stning av elslutbleck till Sapa standardurtag. Egenskaper:\u00a0 D\u00e5 smalprofill\u00e5s anv\u00e4nds tillsammans med SapaFront<\/p>","protected":false},"featured_media":155981,"template":"","meta":{"_acf_changed":false},"product_brand":[],"product_cat":[4735],"product_tag":[],"class_list":{"0":"post-155982","1":"product","2":"type-product","3":"status-publish","4":"has-post-thumbnail","6":"product_cat-monteringsstolpe","7":"product_shipping_class-postnord-varubrev","8":"pa_brands-abloy","9":"tm-no-options","11":"first","12":"instock","13":"sale","14":"taxable","15":"shipping-taxable","16":"purchasable","17":"product-type-simple"},"acf":[],"_links":{"self":[{"href":"https:\/\/secureus.se\/no\/wp-json\/wp\/v2\/product\/155982","targetHints":{"allow":["GET"]}}],"collection":[{"href":"https:\/\/secureus.se\/no\/wp-json\/wp\/v2\/product"}],"about":[{"href":"https:\/\/secureus.se\/no\/wp-json\/wp\/v2\/types\/product"}],"wp:featuredmedia":[{"embeddable":true,"href":"https:\/\/secureus.se\/no\/wp-json\/wp\/v2\/media\/155981"}],"wp:attachment":[{"href":"https:\/\/secureus.se\/no\/wp-json\/wp\/v2\/media?parent=155982"}],"wp:term":[{"taxonomy":"product_brand","embeddable":true,"href":"https:\/\/secureus.se\/no\/wp-json\/wp\/v2\/product_brand?post=155982"},{"taxonomy":"product_cat","embeddable":true,"href":"https:\/\/secureus.se\/no\/wp-json\/wp\/v2\/product_cat?post=155982"},{"taxonomy":"product_tag","embeddable":true,"href":"https:\/\/secureus.se\/no\/wp-json\/wp\/v2\/product_tag?post=155982"}],"curies":[{"name":"wp","href":"https:\/\/api.w.org\/{rel}","templated":true}]}}