{"id":155994,"date":"2025-09-03T10:40:37","date_gmt":"2025-09-03T08:40:37","guid":{"rendered":"https:\/\/secureus.se\/monteringsstolpe-816\/"},"modified":"2026-03-25T15:26:49","modified_gmt":"2026-03-25T14:26:49","slug":"monteringsstolpe-816","status":"publish","type":"product","link":"https:\/\/secureus.se\/no\/monteringsstolpe-816\/","title":{"rendered":"Monteringsstolpe 816"},"content":{"rendered":"<div>\n<div>\n<div>\n<div><\/div>\n<div>Monteringsstolpe i st\u00e5l, for ekstra sterke elektriske endeplater i Solid-serien. Benyttes for \u00e5 tilpasse innfesting og egenskaper til gjeldende bruksomr\u00e5de og d\u00f8rmilj\u00f8. <b><\/b><\/div>\n<div><b><\/b><b>\u00a0<\/b><\/div>\n<div><b>Kjennetegn:\u00a0\u00a0<\/b><\/div>\n<div>\n<ul>\n<li>For trerammer.<\/li>\n<li>Forriglet enkelt falll\u00e5s.<\/li>\n<li>Tungest\u00f8rrelse: 15 mm.<\/li>\n<\/ul>\n<\/div>\n<div><b>\u00a0<\/b><\/div>\n<div><b>Egnet for:\u00a0\u00a0<\/b><\/div>\n<div>ASSA ABLOY elektrisk endeplate ekstra sterk serie: 131, 5131, 8131, 331, 8331<\/div>\n<\/div>\n<\/div>\n<\/div>\n<div><\/div>","protected":false},"excerpt":{"rendered":"<p>Monteringsstolpe i st\u00e5l, for Solid-seriens kraftige elektriske sluttstykker. Brukes for \u00e5 tilpasse feste og egenskaper til det aktuelle bruksomr\u00e5det og d\u00f8rmilj\u00f8et. Funksjoner: For trerammer. Sammenl\u00e5sende enkeltl\u00e5s. Falsst\u00f8rrelse: 15 mm.<\/p>","protected":false},"featured_media":155992,"template":"","meta":{"_acf_changed":false},"product_brand":[],"product_cat":[4735],"product_tag":[],"class_list":{"0":"post-155994","1":"product","2":"type-product","3":"status-publish","4":"has-post-thumbnail","6":"product_cat-monteringsstolpe","7":"product_shipping_class-postnord-varubrev","8":"pa_brands-abloy","9":"tm-no-options","11":"first","12":"instock","13":"sale","14":"taxable","15":"shipping-taxable","16":"purchasable","17":"product-type-simple"},"acf":[],"_links":{"self":[{"href":"https:\/\/secureus.se\/no\/wp-json\/wp\/v2\/product\/155994","targetHints":{"allow":["GET"]}}],"collection":[{"href":"https:\/\/secureus.se\/no\/wp-json\/wp\/v2\/product"}],"about":[{"href":"https:\/\/secureus.se\/no\/wp-json\/wp\/v2\/types\/product"}],"wp:featuredmedia":[{"embeddable":true,"href":"https:\/\/secureus.se\/no\/wp-json\/wp\/v2\/media\/155992"}],"wp:attachment":[{"href":"https:\/\/secureus.se\/no\/wp-json\/wp\/v2\/media?parent=155994"}],"wp:term":[{"taxonomy":"product_brand","embeddable":true,"href":"https:\/\/secureus.se\/no\/wp-json\/wp\/v2\/product_brand?post=155994"},{"taxonomy":"product_cat","embeddable":true,"href":"https:\/\/secureus.se\/no\/wp-json\/wp\/v2\/product_cat?post=155994"},{"taxonomy":"product_tag","embeddable":true,"href":"https:\/\/secureus.se\/no\/wp-json\/wp\/v2\/product_tag?post=155994"}],"curies":[{"name":"wp","href":"https:\/\/api.w.org\/{rel}","templated":true}]}}