{"id":156099,"date":"2025-09-05T12:57:31","date_gmt":"2025-09-05T10:57:31","guid":{"rendered":"https:\/\/secureus.se\/evolis-agilia-acl013-rengoringskit-for-skrivare-5-pack\/"},"modified":"2026-04-23T12:37:25","modified_gmt":"2026-04-23T10:37:25","slug":"evolis-agilia-acl013-rengoringskit-for-skrivare-5-pack","status":"publish","type":"product","link":"https:\/\/secureus.se\/no\/evolis-agilia-acl013-rengoringskit-for-skrivare-5-pack\/","title":{"rendered":"Evolis Agilia ACL013 Rengj\u00f8ringssett for skriver (5-pakning)"},"content":{"rendered":"<p>Evolis skriverrengj\u00f8ringssett bruker kort og vattpinner av h\u00f8y kvalitet for effektivt \u00e5 rengj\u00f8re skriverens valser, skrivehoder og andre bevegelige deler fra st\u00f8v og rusk.<\/p>\n<ul>\n<li>5x Klebende rengj\u00f8ringskort<\/li>\n<li>5x rengj\u00f8ringspinner<\/li>\n<li>Kompatibel med Evolis Agilia-kortskrivere<\/li>\n<li>Produsentkode: ACL013<\/li>\n<\/ul>\n<p><strong><br \/>\nProduktvekt:<br \/>\n0,20 kg<br \/>\n<\/strong><\/p>","protected":false},"excerpt":{"rendered":"<p>The Evolis printer cleaning kit uses high-quality cards and swabs to effectively clean printer\u2019s rollers, printheads, and other moving parts from dust and debris. 5x Adhesive cleaning cards 5x Cleaning<\/p>","protected":false},"featured_media":156098,"template":"","meta":{"_acf_changed":false},"product_brand":[],"product_cat":[4807,4854],"product_tag":[4863],"class_list":{"0":"post-156099","1":"product","2":"type-product","3":"status-publish","4":"has-post-thumbnail","6":"product_cat-rengoringskit","7":"product_cat-agilia","8":"product_tag-pf","9":"product_shipping_class-postnord-varubrev","10":"pa_brands-evolis","11":"tm-no-options","13":"first","14":"instock","15":"taxable","16":"shipping-taxable","17":"purchasable","18":"product-type-simple"},"acf":[],"_links":{"self":[{"href":"https:\/\/secureus.se\/no\/wp-json\/wp\/v2\/product\/156099","targetHints":{"allow":["GET"]}}],"collection":[{"href":"https:\/\/secureus.se\/no\/wp-json\/wp\/v2\/product"}],"about":[{"href":"https:\/\/secureus.se\/no\/wp-json\/wp\/v2\/types\/product"}],"wp:featuredmedia":[{"embeddable":true,"href":"https:\/\/secureus.se\/no\/wp-json\/wp\/v2\/media\/156098"}],"wp:attachment":[{"href":"https:\/\/secureus.se\/no\/wp-json\/wp\/v2\/media?parent=156099"}],"wp:term":[{"taxonomy":"product_brand","embeddable":true,"href":"https:\/\/secureus.se\/no\/wp-json\/wp\/v2\/product_brand?post=156099"},{"taxonomy":"product_cat","embeddable":true,"href":"https:\/\/secureus.se\/no\/wp-json\/wp\/v2\/product_cat?post=156099"},{"taxonomy":"product_tag","embeddable":true,"href":"https:\/\/secureus.se\/no\/wp-json\/wp\/v2\/product_tag?post=156099"}],"curies":[{"name":"wp","href":"https:\/\/api.w.org\/{rel}","templated":true}]}}