{"id":156268,"date":"2022-06-28T12:46:48","date_gmt":"2022-06-28T10:46:48","guid":{"rendered":"https:\/\/secureus.se\/mag-kontaktset-mc-270-s45\/"},"modified":"2026-04-09T10:21:46","modified_gmt":"2026-04-09T08:21:46","slug":"mag-kontaktset-mc-270-s45","status":"publish","type":"product","link":"https:\/\/secureus.se\/no\/mag-kontaktset-mc-270-s45\/","title":{"rendered":"Magnetisk kontakt for st\u00e5ld\u00f8rer eller t\u00f8ffe milj\u00f8er i aluminium"},"content":{"rendered":"<p>H\u00f8ysikkerhetskontaktsett med metall i solid aluminium for \u00e5 t\u00e5le t\u00f8ffe milj\u00f8er og milj\u00f8p\u00e5kjenninger i form av fuktighet og gasser samt h\u00f8yt trykk i lang tid uten korrosjon.<\/p>\n<p>Passer f.eks. p\u00e5 porter og d\u00f8rer. Begge delene er rektangul\u00e6re i dimensjonene 74x25x15mm.<\/p>\n<p>Settet best\u00e5r av MC 270-C, MC 200-4 Al-kapsling og magnetisk del MC 200-5 samt MC T4, 1 m forsterket slange.<\/p>\n<p>&nbsp;<\/p>","protected":false},"excerpt":{"rendered":"<p>Mag.Connector sett MC270-S45<\/p>","protected":false},"featured_media":143015,"template":"","meta":{"_acf_changed":false},"product_brand":[],"product_cat":[3086],"product_tag":[2466],"class_list":{"0":"post-156268","1":"product","2":"type-product","3":"status-publish","4":"has-post-thumbnail","6":"product_cat-magnetkontakter","7":"product_tag-sbsc-larmklass3","8":"product_shipping_class-postnord-varubrev","9":"pa_brands-alarmtech","10":"pa_farg-ovrigt","11":"tm-no-options","13":"first","14":"instock","15":"sale","16":"taxable","17":"shipping-taxable","18":"purchasable","19":"product-type-simple"},"acf":[],"_links":{"self":[{"href":"https:\/\/secureus.se\/no\/wp-json\/wp\/v2\/product\/156268","targetHints":{"allow":["GET"]}}],"collection":[{"href":"https:\/\/secureus.se\/no\/wp-json\/wp\/v2\/product"}],"about":[{"href":"https:\/\/secureus.se\/no\/wp-json\/wp\/v2\/types\/product"}],"wp:featuredmedia":[{"embeddable":true,"href":"https:\/\/secureus.se\/no\/wp-json\/wp\/v2\/media\/143015"}],"wp:attachment":[{"href":"https:\/\/secureus.se\/no\/wp-json\/wp\/v2\/media?parent=156268"}],"wp:term":[{"taxonomy":"product_brand","embeddable":true,"href":"https:\/\/secureus.se\/no\/wp-json\/wp\/v2\/product_brand?post=156268"},{"taxonomy":"product_cat","embeddable":true,"href":"https:\/\/secureus.se\/no\/wp-json\/wp\/v2\/product_cat?post=156268"},{"taxonomy":"product_tag","embeddable":true,"href":"https:\/\/secureus.se\/no\/wp-json\/wp\/v2\/product_tag?post=156268"}],"curies":[{"name":"wp","href":"https:\/\/api.w.org\/{rel}","templated":true}]}}