{"id":156339,"date":"2025-09-11T15:41:30","date_gmt":"2025-09-11T13:41:30","guid":{"rendered":"https:\/\/secureus.se\/evolis-r6f203e100-ymcko-k-colour-ribbon-200-prints\/"},"modified":"2026-04-08T16:56:44","modified_gmt":"2026-04-08T14:56:44","slug":"evolis-r6f203e100-ymcko-k-colour-ribbon-200-prints","status":"publish","type":"product","link":"https:\/\/secureus.se\/no\/evolis-r6f203e100-ymcko-k-colour-ribbon-200-prints\/","title":{"rendered":"Evolis YMCKO-K-b\u00e5nd \u2013 R6F203E100 (200 utskrifter)"},"content":{"rendered":"<h1>B\u00e5nd<br \/>\n  Evolis YMCKO-K &#8211; R6F203E100 (200 utskrifter)<\/h1>\n<p>F\u00e4rgband Evolis YMCKO-K &#8211; R6F203E100 (200 utskrifter) \u00e4r ett<br \/>\n  B\u00e5nd for trykking av plastkort med skarpe farger, tydelig tekst og god<br \/>\n  YMCKO-K-b\u00e5ndtypen gir den riktige kombinasjonen av fargepaneler og<br \/>\n  Beskyttende overlegg for profesjonell kortutskrift.<\/p>\n<p>Passer for ID-kort, adgangskort, medlemskort og annet<br \/>\n  plastkort der h\u00f8y utskriftskvalitet og p\u00e5litelighet er viktig<br \/>\n  viktig.<\/p>\n<ul>\n<li>Kapasitet: opptil 200 utskrifter<\/li>\n<li>B\u00e5ndtype: YMCKO-K<\/li>\n<li>Egnet for dobbeltsidig kortutskrift<\/li>\n<li>Artikelnummer: R6F203E100<\/li>\n<\/ul>\n<p><strong>Kompatibel med Evolis Primacy 2-kortskriver<br \/>\n  bare.<\/strong><\/p>\n<p><strong>Produktvekt:<\/strong> 0,20 kg<\/p>","protected":false},"excerpt":{"rendered":"<p>F\u00e4rgband Evolis YMCKO-K &#8211; R6F203E100 (200 utskrifter) F\u00e4rgband Evolis YMCKO-K &#8211; R6F203E100 (200 utskrifter) \u00e4r ett f\u00e4rgband f\u00f6r utskrift av plastkort med skarpa f\u00e4rger, tydlig text och bra detalj\u00e5tergivning. Bandtypen<\/p>","protected":false},"featured_media":156337,"template":"","meta":{"_acf_changed":false},"product_brand":[],"product_cat":[4859],"product_tag":[4863],"class_list":{"0":"post-156339","1":"product","2":"type-product","3":"status-publish","4":"has-post-thumbnail","6":"product_cat-primacy-2","7":"product_tag-pf","8":"pa_brands-evolis","9":"tm-no-options","11":"first","12":"instock","13":"sale","14":"taxable","15":"shipping-taxable","16":"purchasable","17":"product-type-simple"},"acf":[],"_links":{"self":[{"href":"https:\/\/secureus.se\/no\/wp-json\/wp\/v2\/product\/156339","targetHints":{"allow":["GET"]}}],"collection":[{"href":"https:\/\/secureus.se\/no\/wp-json\/wp\/v2\/product"}],"about":[{"href":"https:\/\/secureus.se\/no\/wp-json\/wp\/v2\/types\/product"}],"wp:featuredmedia":[{"embeddable":true,"href":"https:\/\/secureus.se\/no\/wp-json\/wp\/v2\/media\/156337"}],"wp:attachment":[{"href":"https:\/\/secureus.se\/no\/wp-json\/wp\/v2\/media?parent=156339"}],"wp:term":[{"taxonomy":"product_brand","embeddable":true,"href":"https:\/\/secureus.se\/no\/wp-json\/wp\/v2\/product_brand?post=156339"},{"taxonomy":"product_cat","embeddable":true,"href":"https:\/\/secureus.se\/no\/wp-json\/wp\/v2\/product_cat?post=156339"},{"taxonomy":"product_tag","embeddable":true,"href":"https:\/\/secureus.se\/no\/wp-json\/wp\/v2\/product_tag?post=156339"}],"curies":[{"name":"wp","href":"https:\/\/api.w.org\/{rel}","templated":true}]}}