{"id":156347,"date":"2025-09-11T15:41:31","date_gmt":"2025-09-11T13:41:31","guid":{"rendered":"https:\/\/secureus.se\/evolis-r6f207naaa-ymckoo-colour-ribbon-250-prints\/"},"modified":"2026-04-08T16:55:49","modified_gmt":"2026-04-08T14:55:49","slug":"evolis-r6f207naaa-ymckoo-colour-ribbon-250-prints","status":"publish","type":"product","link":"https:\/\/secureus.se\/no\/evolis-r6f207naaa-ymckoo-colour-ribbon-250-prints\/","title":{"rendered":"Evolis YMCKOO-b\u00e5nd \u2013 R6F207NAAA (250 utskrifter)"},"content":{"rendered":"<h1>B\u00e5nd<br \/>\n  Evolis YMCKOO &#8211; R6F207NAAA (250 utskrifter)<\/h1>\n<p>F\u00e4rgband Evolis YMCKOO &#8211; R6F207NAAA (250 utskrifter) \u00e4r ett<br \/>\n  B\u00e5nd for trykking av plastkort med skarpe farger, tydelig tekst og god<br \/>\n  detalj\u00e5tergivning. Bandtypen YMCKOO ger r\u00e4tt kombination av f\u00e4rgpaneler och<br \/>\n  Beskyttende overlegg for profesjonell kortutskrift.<\/p>\n<p>Passer for ID-kort, adgangskort, medlemskort og annet<br \/>\n  plastkort der h\u00f8y utskriftskvalitet og p\u00e5litelighet er viktig<br \/>\n  viktig.<\/p>\n<ul>\n<li>Kapasitet: opptil 300 utskrifter<\/li>\n<li>Bandtyp: YMCKOO<\/li>\n<li>Artikelnummer: R6F207NAAA<\/li>\n<\/ul>\n<p><strong>Kompatibel med Evolis Primacy 2-kortskriver<br \/>\n  bare.<\/strong><\/p>\n<p><strong>Produktvekt:<\/strong> 0,20 kg<\/p>","protected":false},"excerpt":{"rendered":"<p>F\u00e4rgband Evolis YMCKOO &#8211; R6F207NAAA (250 utskrifter) F\u00e4rgband Evolis YMCKOO &#8211; R6F207NAAA (250 utskrifter) \u00e4r ett f\u00e4rgband f\u00f6r utskrift av plastkort med skarpa f\u00e4rger, tydlig text och bra detalj\u00e5tergivning. Bandtypen<\/p>","protected":false},"featured_media":156346,"template":"","meta":{"_acf_changed":false},"product_brand":[],"product_cat":[4859],"product_tag":[4863],"class_list":{"0":"post-156347","1":"product","2":"type-product","3":"status-publish","4":"has-post-thumbnail","6":"product_cat-primacy-2","7":"product_tag-pf","8":"pa_brands-evolis","9":"tm-no-options","11":"first","12":"instock","13":"sale","14":"taxable","15":"shipping-taxable","16":"purchasable","17":"product-type-simple"},"acf":[],"_links":{"self":[{"href":"https:\/\/secureus.se\/no\/wp-json\/wp\/v2\/product\/156347","targetHints":{"allow":["GET"]}}],"collection":[{"href":"https:\/\/secureus.se\/no\/wp-json\/wp\/v2\/product"}],"about":[{"href":"https:\/\/secureus.se\/no\/wp-json\/wp\/v2\/types\/product"}],"wp:featuredmedia":[{"embeddable":true,"href":"https:\/\/secureus.se\/no\/wp-json\/wp\/v2\/media\/156346"}],"wp:attachment":[{"href":"https:\/\/secureus.se\/no\/wp-json\/wp\/v2\/media?parent=156347"}],"wp:term":[{"taxonomy":"product_brand","embeddable":true,"href":"https:\/\/secureus.se\/no\/wp-json\/wp\/v2\/product_brand?post=156347"},{"taxonomy":"product_cat","embeddable":true,"href":"https:\/\/secureus.se\/no\/wp-json\/wp\/v2\/product_cat?post=156347"},{"taxonomy":"product_tag","embeddable":true,"href":"https:\/\/secureus.se\/no\/wp-json\/wp\/v2\/product_tag?post=156347"}],"curies":[{"name":"wp","href":"https:\/\/api.w.org\/{rel}","templated":true}]}}