{"id":156364,"date":"2025-09-11T15:41:40","date_gmt":"2025-09-11T13:41:40","guid":{"rendered":"https:\/\/secureus.se\/evolis-badgy-v-1-vbdg204eu-ymcko-ribbon-100-prints\/"},"modified":"2026-04-23T12:35:59","modified_gmt":"2026-04-23T10:35:59","slug":"evolis-badgy-v-1-vbdg204eu-ymcko-ribbon-100-prints","status":"publish","type":"product","link":"https:\/\/secureus.se\/no\/evolis-badgy-v-1-vbdg204eu-ymcko-ribbon-100-prints\/","title":{"rendered":"Evolis Badgy v.1 YMCKO-b\u00e5nd \u2013 VBDG204EU (100 utskrifter)"},"content":{"rendered":"<h1>B\u00e5nd<br \/>\n  Evolis Badgy v.1 YMCKO \u2013 VBDG204EU (100 utskrifter)<\/h1>\n<p>Evolis Badgy v.1 YMCKO-b\u00e5nd \u2013 VBDG204EU (100 utskrifter) er<br \/>\n  et b\u00e5nd for utskrift av plastkort med skarpe farger, tydelig tekst og god<br \/>\n  detaljgjengivelse. YMCKO-b\u00e5ndtypen gir den riktige kombinasjonen av fargepaneler og<br \/>\n  Beskyttende overlegg for profesjonell kortutskrift.<\/p>\n<p>Passer for ID-kort, adgangskort, medlemskort og annet<br \/>\n  plastkort der h\u00f8y utskriftskvalitet og p\u00e5litelighet er viktig<br \/>\n  viktig.<\/p>\n<ul>\n<li>Kapasitet: opptil 100 utskrifter<\/li>\n<li>B\u00e5ndtype: YMCKO<\/li>\n<li>Artikkelnummer: VBDG204EU<\/li>\n<\/ul>\n<p><strong>Kompatibel med Badgy1.<\/strong><\/p>\n<p><strong>Produktvekt:<\/strong> 0,15 kg<\/p>","protected":false},"excerpt":{"rendered":"<p>F\u00e4rgband Evolis Badgy v.1 YMCKO &#8211; VBDG204EU (100 utskrifter) F\u00e4rgband Evolis Badgy v.1 YMCKO &#8211; VBDG204EU (100 utskrifter) \u00e4r ett f\u00e4rgband f\u00f6r utskrift av plastkort med skarpa f\u00e4rger, tydlig text<\/p>","protected":false},"featured_media":156362,"template":"","meta":{"_acf_changed":false},"product_brand":[],"product_cat":[3213],"product_tag":[4863],"class_list":{"0":"post-156364","1":"product","2":"type-product","3":"status-publish","4":"has-post-thumbnail","6":"product_cat-evolis-fargband-retransfer","7":"product_tag-pf","8":"pa_brands-evolis","9":"tm-has-options","11":"first","12":"outofstock","13":"sale","14":"taxable","15":"shipping-taxable","16":"purchasable","17":"product-type-simple"},"acf":[],"_links":{"self":[{"href":"https:\/\/secureus.se\/no\/wp-json\/wp\/v2\/product\/156364","targetHints":{"allow":["GET"]}}],"collection":[{"href":"https:\/\/secureus.se\/no\/wp-json\/wp\/v2\/product"}],"about":[{"href":"https:\/\/secureus.se\/no\/wp-json\/wp\/v2\/types\/product"}],"wp:featuredmedia":[{"embeddable":true,"href":"https:\/\/secureus.se\/no\/wp-json\/wp\/v2\/media\/156362"}],"wp:attachment":[{"href":"https:\/\/secureus.se\/no\/wp-json\/wp\/v2\/media?parent=156364"}],"wp:term":[{"taxonomy":"product_brand","embeddable":true,"href":"https:\/\/secureus.se\/no\/wp-json\/wp\/v2\/product_brand?post=156364"},{"taxonomy":"product_cat","embeddable":true,"href":"https:\/\/secureus.se\/no\/wp-json\/wp\/v2\/product_cat?post=156364"},{"taxonomy":"product_tag","embeddable":true,"href":"https:\/\/secureus.se\/no\/wp-json\/wp\/v2\/product_tag?post=156364"}],"curies":[{"name":"wp","href":"https:\/\/api.w.org\/{rel}","templated":true}]}}