{"id":156367,"date":"2025-09-11T15:41:31","date_gmt":"2025-09-11T13:41:31","guid":{"rendered":"https:\/\/secureus.se\/evolis-r3012-ko-black-ribbon-with-overlay-500-prints\/"},"modified":"2026-04-23T12:29:43","modified_gmt":"2026-04-23T10:29:43","slug":"evolis-r3012-ko-black-ribbon-with-overlay-500-prints","status":"publish","type":"product","link":"https:\/\/secureus.se\/no\/evolis-r3012-ko-black-ribbon-with-overlay-500-prints\/","title":{"rendered":"Evolis KO \u2013 R3012 b\u00e5nd, med overlegg (500 utskrifter)"},"content":{"rendered":"<h1>B\u00e5nd<br \/>\n  Evolis KO \u2013 R3012, med overlegg (500 utskrifter)<\/h1>\n<p>Evolis KO \u2013 R3012 b\u00e5nd, med overlegg (500 utskrifter) er et<br \/>\n  KO-tape med svart panel og beskyttende overlegg. Det er et godt valg n\u00e5r du<br \/>\n  trenger tydelig tekst, strekkoder og ekstra beskyttelse p\u00e5 kortoverflaten.<\/p>\n<p>Passer for ID-kort, adgangskort, medlemskort og annet<br \/>\n  plastkort der h\u00f8y utskriftskvalitet og p\u00e5litelighet er viktig<br \/>\n  viktig.<\/p>\n<ul>\n<li>Kapasitet: opptil 500 utskrifter<\/li>\n<li>B\u00e5ndtype: KO<\/li>\n<li>Artikkelnummer: R3012<\/li>\n<\/ul>\n<p><strong>Kompatibel med Evolis Pebble, Dualys, Quantum og Kiosk<br \/>\n  og Securion.<\/strong><\/p>\n<p><strong>Produktvekt:<\/strong> 0,10 kg<\/p>","protected":false},"excerpt":{"rendered":"<p>F\u00e4rgband Evolis KO &#8211; R3012, med overlay (500 utskrifter) F\u00e4rgband Evolis KO &#8211; R3012, med overlay (500 utskrifter) \u00e4r ett KO-band med svart panel och skyddande overlay. Det \u00e4r ett<\/p>","protected":false},"featured_media":156366,"template":"","meta":{"_acf_changed":false},"product_brand":[],"product_cat":[4857,4860],"product_tag":[4863],"class_list":{"0":"post-156367","1":"product","2":"type-product","3":"status-publish","4":"has-post-thumbnail","6":"product_cat-pebble","7":"product_cat-quantum","8":"product_tag-pf","9":"pa_brands-evolis","10":"tm-no-options","12":"first","13":"outofstock","14":"sale","15":"taxable","16":"shipping-taxable","17":"purchasable","18":"product-type-simple"},"acf":[],"_links":{"self":[{"href":"https:\/\/secureus.se\/no\/wp-json\/wp\/v2\/product\/156367","targetHints":{"allow":["GET"]}}],"collection":[{"href":"https:\/\/secureus.se\/no\/wp-json\/wp\/v2\/product"}],"about":[{"href":"https:\/\/secureus.se\/no\/wp-json\/wp\/v2\/types\/product"}],"wp:featuredmedia":[{"embeddable":true,"href":"https:\/\/secureus.se\/no\/wp-json\/wp\/v2\/media\/156366"}],"wp:attachment":[{"href":"https:\/\/secureus.se\/no\/wp-json\/wp\/v2\/media?parent=156367"}],"wp:term":[{"taxonomy":"product_brand","embeddable":true,"href":"https:\/\/secureus.se\/no\/wp-json\/wp\/v2\/product_brand?post=156367"},{"taxonomy":"product_cat","embeddable":true,"href":"https:\/\/secureus.se\/no\/wp-json\/wp\/v2\/product_cat?post=156367"},{"taxonomy":"product_tag","embeddable":true,"href":"https:\/\/secureus.se\/no\/wp-json\/wp\/v2\/product_tag?post=156367"}],"curies":[{"name":"wp","href":"https:\/\/api.w.org\/{rel}","templated":true}]}}