{"id":156370,"date":"2025-09-11T15:41:26","date_gmt":"2025-09-11T13:41:26","guid":{"rendered":"https:\/\/secureus.se\/evolis-rct214naaa-green-monochrome-ribbon-1000-prints\/"},"modified":"2026-03-26T09:59:09","modified_gmt":"2026-03-26T08:59:09","slug":"evolis-rct214naaa-green-monochrome-ribbon-1000-prints","status":"publish","type":"product","link":"https:\/\/secureus.se\/no\/evolis-rct214naaa-green-monochrome-ribbon-1000-prints\/","title":{"rendered":"Evolis RCT214NAAA Gr\u00f8nt monokromt b\u00e5nd (1000 utskrifter)"},"content":{"rendered":"<p>Det gr\u00f8nne monokrome Evolis RCT214NAAA-b\u00e5ndet kan trykke lys gr\u00f8nn tekst og enkeltlinjer for \u00e5 tilpasse forh\u00e5ndstrykte kort. Dette b\u00e5ndet er ogs\u00e5 den ideelle l\u00f8sningen for \u00e5 lage kort som ikke krever kompliserte design.<\/p>\n<ul>\n<li>1000 utskrifter per rull<\/li>\n<li>Monokrom gr\u00f8nt skriverb\u00e5nd<\/li>\n<li>Produsentens delenummer: RCT214NAAA<\/li>\n<\/ul>\n<p><strong>F\u00f8r du bestiller, vennligst sjekk at dette er riktig b\u00e5nd for skriveren din. Dette b\u00e5ndet er KUN kompatibelt med Evolis Primacy 2- og Zenius 2-kortskriverne.<\/strong><\/p>\n<p>\n <strong><br \/>\n Produktvekt:<br \/>\n 0,20 kg<br \/>\n <\/strong>\n <\/p>","protected":false},"excerpt":{"rendered":"<p>The Evolis RCT214NAAA green monochrome ribbon can print bright green text and single-line are to personalise pre-printed cards. This ribbon is also the ideal solution for creating cards that don\u2019t<\/p>","protected":false},"featured_media":156369,"template":"","meta":{"_acf_changed":false},"product_brand":[],"product_cat":[4859],"product_tag":[4863],"class_list":{"0":"post-156370","1":"product","2":"type-product","3":"status-publish","4":"has-post-thumbnail","6":"product_cat-primacy-2","7":"product_tag-pf","8":"pa_brands-evolis","9":"tm-no-options","11":"first","12":"instock","13":"sale","14":"taxable","15":"shipping-taxable","16":"purchasable","17":"product-type-simple"},"acf":[],"_links":{"self":[{"href":"https:\/\/secureus.se\/no\/wp-json\/wp\/v2\/product\/156370","targetHints":{"allow":["GET"]}}],"collection":[{"href":"https:\/\/secureus.se\/no\/wp-json\/wp\/v2\/product"}],"about":[{"href":"https:\/\/secureus.se\/no\/wp-json\/wp\/v2\/types\/product"}],"wp:featuredmedia":[{"embeddable":true,"href":"https:\/\/secureus.se\/no\/wp-json\/wp\/v2\/media\/156369"}],"wp:attachment":[{"href":"https:\/\/secureus.se\/no\/wp-json\/wp\/v2\/media?parent=156370"}],"wp:term":[{"taxonomy":"product_brand","embeddable":true,"href":"https:\/\/secureus.se\/no\/wp-json\/wp\/v2\/product_brand?post=156370"},{"taxonomy":"product_cat","embeddable":true,"href":"https:\/\/secureus.se\/no\/wp-json\/wp\/v2\/product_cat?post=156370"},{"taxonomy":"product_tag","embeddable":true,"href":"https:\/\/secureus.se\/no\/wp-json\/wp\/v2\/product_tag?post=156370"}],"curies":[{"name":"wp","href":"https:\/\/api.w.org\/{rel}","templated":true}]}}