{"id":156376,"date":"2025-09-11T15:41:37","date_gmt":"2025-09-11T13:41:37","guid":{"rendered":"https:\/\/secureus.se\/evolis-r2013-red-monochrome-ribbon-1000-prints\/"},"modified":"2026-03-26T10:02:44","modified_gmt":"2026-03-26T09:02:44","slug":"evolis-r2013-red-monochrome-ribbon-1000-prints","status":"publish","type":"product","link":"https:\/\/secureus.se\/no\/evolis-r2013-red-monochrome-ribbon-1000-prints\/","title":{"rendered":"Evolis R2013 r\u00f8dt monokrom b\u00e5nd (1000 utskrifter)"},"content":{"rendered":"<p>Det r\u00f8de monokrome Evolis R2013-b\u00e5ndet er ideelt for \u00e5 tilpasse kundenes forh\u00e5ndstrykte kort. Dette h\u00f8ykvalitetsb\u00e5ndet produserer skarp, tydelig tekst og n\u00f8yaktig enlinjegrafikk i en livlig og livlig r\u00f8d nyanse.<\/p>\n<ul>\n<li>1000 utskrifter per rull<\/li>\n<li>R\u00f8dt monokromt b\u00e5nd<\/li>\n<li>Produsentens delenummer: R2013<\/li>\n<\/ul>\n<p>\n <strong><br \/>\n Produktvekt:<br \/>\n 0,10 kg<br \/>\n <\/strong>\n <\/p>","protected":false},"excerpt":{"rendered":"<p>The Evolis R2013 red monochrome ribbon is ideal for personalising your customer&#8217;s pre-printed cards. This high-quality ribbon produces sharp, crisp text and accurate single-line art in a vivid and vibrant<\/p>","protected":false},"featured_media":156375,"template":"","meta":{"_acf_changed":false},"product_brand":[],"product_cat":[4857,4860],"product_tag":[4863],"class_list":{"0":"post-156376","1":"product","2":"type-product","3":"status-publish","4":"has-post-thumbnail","6":"product_cat-pebble","7":"product_cat-quantum","8":"product_tag-pf","9":"pa_brands-evolis","10":"tm-no-options","12":"first","13":"instock","14":"sale","15":"taxable","16":"shipping-taxable","17":"purchasable","18":"product-type-simple"},"acf":[],"_links":{"self":[{"href":"https:\/\/secureus.se\/no\/wp-json\/wp\/v2\/product\/156376","targetHints":{"allow":["GET"]}}],"collection":[{"href":"https:\/\/secureus.se\/no\/wp-json\/wp\/v2\/product"}],"about":[{"href":"https:\/\/secureus.se\/no\/wp-json\/wp\/v2\/types\/product"}],"wp:featuredmedia":[{"embeddable":true,"href":"https:\/\/secureus.se\/no\/wp-json\/wp\/v2\/media\/156375"}],"wp:attachment":[{"href":"https:\/\/secureus.se\/no\/wp-json\/wp\/v2\/media?parent=156376"}],"wp:term":[{"taxonomy":"product_brand","embeddable":true,"href":"https:\/\/secureus.se\/no\/wp-json\/wp\/v2\/product_brand?post=156376"},{"taxonomy":"product_cat","embeddable":true,"href":"https:\/\/secureus.se\/no\/wp-json\/wp\/v2\/product_cat?post=156376"},{"taxonomy":"product_tag","embeddable":true,"href":"https:\/\/secureus.se\/no\/wp-json\/wp\/v2\/product_tag?post=156376"}],"curies":[{"name":"wp","href":"https:\/\/api.w.org\/{rel}","templated":true}]}}