{"id":156378,"date":"2025-09-11T15:41:32","date_gmt":"2025-09-11T13:41:32","guid":{"rendered":"https:\/\/secureus.se\/evolis-rt5f013naa-ymckh-retransfer-colour-ribbon-400-prints\/"},"modified":"2026-05-06T09:46:55","modified_gmt":"2026-05-06T07:46:55","slug":"evolis-rt5f013naa-ymckh-retransfer-colour-ribbon-400-prints","status":"publish","type":"product","link":"https:\/\/secureus.se\/no\/evolis-rt5f013naa-ymckh-retransfer-colour-ribbon-400-prints\/","title":{"rendered":"Evolis RT5F013NAA YMCKH retransfer f\u00e4rgband (400\n  utskrifter)"},"content":{"rendered":"<h1>B\u00e5nd<br \/>\n  Evolis YMCKH \u2013 RT5F013NAA (400 utskrifter)<\/h1>\n<p>Evolis YMCKH-b\u00e5nd \u2013 RT5F013NAA (400 utskrifter) er et<br \/>\n  B\u00e5nd for trykking av plastkort med skarpe farger, tydelig tekst og god<br \/>\n  YMCKH-b\u00e5ndtypen gir den riktige kombinasjonen av fargepaneler for<br \/>\n  profesjonell korttrykking.<\/p>\n<p>Passer for ID-kort, adgangskort, medlemskort og annet<br \/>\n  plastkort der h\u00f8y utskriftskvalitet og p\u00e5litelighet er viktig.<\/p>\n<ul>\n<li>Kapasitet: opptil 400 utskrifter<\/li>\n<li>B\u00e5ndtype: YMCKH<\/li>\n<li>Artikkelnummer: RT5F013NAA<\/li>\n<\/ul>\n<p><strong>Kompatibel med Evolis<br \/>\n  Avansere.<\/strong><\/p>\n<p><strong>Produktvekt:<\/strong> 0,40 kg<\/p>","protected":false},"excerpt":{"rendered":"<p>F\u00e4rgband Evolis YMCKH &#8211; RT5F013NAA (400 utskrifter) F\u00e4rgband Evolis YMCKH &#8211; RT5F013NAA (400 utskrifter) \u00e4r ett f\u00e4rgband f\u00f6r utskrift av plastkort med skarpa f\u00e4rger, tydlig text och bra detalj\u00e5tergivning. Bandtypen<\/p>","protected":false},"featured_media":156377,"template":"","meta":{"_acf_changed":false},"product_brand":[],"product_cat":[4855],"product_tag":[4863],"class_list":{"0":"post-156378","1":"product","2":"type-product","3":"status-publish","4":"has-post-thumbnail","6":"product_cat-avansia","7":"product_tag-pf","8":"pa_brands-evolis","9":"tm-no-options","11":"first","12":"outofstock","13":"sale","14":"taxable","15":"shipping-taxable","16":"purchasable","17":"product-type-simple"},"acf":[],"_links":{"self":[{"href":"https:\/\/secureus.se\/no\/wp-json\/wp\/v2\/product\/156378","targetHints":{"allow":["GET"]}}],"collection":[{"href":"https:\/\/secureus.se\/no\/wp-json\/wp\/v2\/product"}],"about":[{"href":"https:\/\/secureus.se\/no\/wp-json\/wp\/v2\/types\/product"}],"wp:featuredmedia":[{"embeddable":true,"href":"https:\/\/secureus.se\/no\/wp-json\/wp\/v2\/media\/156377"}],"wp:attachment":[{"href":"https:\/\/secureus.se\/no\/wp-json\/wp\/v2\/media?parent=156378"}],"wp:term":[{"taxonomy":"product_brand","embeddable":true,"href":"https:\/\/secureus.se\/no\/wp-json\/wp\/v2\/product_brand?post=156378"},{"taxonomy":"product_cat","embeddable":true,"href":"https:\/\/secureus.se\/no\/wp-json\/wp\/v2\/product_cat?post=156378"},{"taxonomy":"product_tag","embeddable":true,"href":"https:\/\/secureus.se\/no\/wp-json\/wp\/v2\/product_tag?post=156378"}],"curies":[{"name":"wp","href":"https:\/\/api.w.org\/{rel}","templated":true}]}}