{"id":156381,"date":"2025-09-11T15:41:27","date_gmt":"2025-09-11T13:41:27","guid":{"rendered":"https:\/\/secureus.se\/evolis-rct212naaa-blue-monochrome-ribbon-1000-prints\/"},"modified":"2026-04-08T16:59:06","modified_gmt":"2026-04-08T14:59:06","slug":"evolis-rct212naaa-blue-monochrome-ribbon-1000-prints","status":"publish","type":"product","link":"https:\/\/secureus.se\/no\/evolis-rct212naaa-blue-monochrome-ribbon-1000-prints\/","title":{"rendered":"Evolis-b\u00e5nd \u2013 RCT212NAAA, bl\u00e5 monokrom (1000 utskrifter)"},"content":{"rendered":"<h1>B\u00e5nd<br \/>\n  Evolis \u2013 RCT212NAAA, bl\u00e5 monokrom (1000 utskrifter)<\/h1>\n<p>Evolis-b\u00e5nd \u2013 RCT212NAAA, bl\u00e5 monokrom (1000 utskrifter) er<br \/>\n  et originalt tilbeh\u00f8r for kortskrivere som er utviklet for p\u00e5litelig og<br \/>\n  profesjonell kortproduksjon.<\/p>\n<ul>\n<li>Kapasitet: opptil 1000 utskrifter<\/li>\n<li>Artikkelnummer: RCT212NAAA<\/li>\n<\/ul>\n<p><strong>Kompatibel med Evolis Primacy 2- og Zenius 2-kort<br \/>\n  kun skrivere.<\/strong><\/p>\n<p><strong>Produktvekt:<\/strong> 0,20 kg<\/p>","protected":false},"excerpt":{"rendered":"<p>F\u00e4rgband Evolis &#8211; RCT212NAAA, bl\u00e5 monokrom (1000 utskrifter) F\u00e4rgband Evolis &#8211; RCT212NAAA, bl\u00e5 monokrom (1000 utskrifter) \u00e4r ett originaltillbeh\u00f6r f\u00f6r kortskrivare som \u00e4r anpassat f\u00f6r p\u00e5litlig och professionell kortproduktion. Kapacitet:<\/p>","protected":false},"featured_media":156379,"template":"","meta":{"_acf_changed":false},"product_brand":[],"product_cat":[4859],"product_tag":[4863],"class_list":{"0":"post-156381","1":"product","2":"type-product","3":"status-publish","4":"has-post-thumbnail","6":"product_cat-primacy-2","7":"product_tag-pf","8":"pa_brands-evolis","9":"tm-no-options","11":"first","12":"instock","13":"sale","14":"taxable","15":"shipping-taxable","16":"purchasable","17":"product-type-simple"},"acf":[],"_links":{"self":[{"href":"https:\/\/secureus.se\/no\/wp-json\/wp\/v2\/product\/156381","targetHints":{"allow":["GET"]}}],"collection":[{"href":"https:\/\/secureus.se\/no\/wp-json\/wp\/v2\/product"}],"about":[{"href":"https:\/\/secureus.se\/no\/wp-json\/wp\/v2\/types\/product"}],"wp:featuredmedia":[{"embeddable":true,"href":"https:\/\/secureus.se\/no\/wp-json\/wp\/v2\/media\/156379"}],"wp:attachment":[{"href":"https:\/\/secureus.se\/no\/wp-json\/wp\/v2\/media?parent=156381"}],"wp:term":[{"taxonomy":"product_brand","embeddable":true,"href":"https:\/\/secureus.se\/no\/wp-json\/wp\/v2\/product_brand?post=156381"},{"taxonomy":"product_cat","embeddable":true,"href":"https:\/\/secureus.se\/no\/wp-json\/wp\/v2\/product_cat?post=156381"},{"taxonomy":"product_tag","embeddable":true,"href":"https:\/\/secureus.se\/no\/wp-json\/wp\/v2\/product_tag?post=156381"}],"curies":[{"name":"wp","href":"https:\/\/api.w.org\/{rel}","templated":true}]}}