{"id":156391,"date":"2025-09-11T15:41:32","date_gmt":"2025-09-11T13:41:32","guid":{"rendered":"https:\/\/secureus.se\/evolis-lpa049naa-1-0mil-alternate-clear-patch-full-mag-cut-ribbon-600-prints\/"},"modified":"2026-04-23T12:31:10","modified_gmt":"2026-04-23T10:31:10","slug":"evolis-lpa049naa-1-0mil-alternate-clear-patch-full-mag-cut-ribbon-600-prints","status":"publish","type":"product","link":"https:\/\/secureus.se\/no\/evolis-lpa049naa-1-0mil-alternate-clear-patch-full-mag-cut-ribbon-600-prints\/","title":{"rendered":"Evolis-b\u00e5nd \u2013 LPA049NAA, gjennomsiktig lapp, full\/mag-kutt (600 utskrifter)"},"content":{"rendered":"<h1>B\u00e5nd<br \/>\n  Evolis &#8211; LPA049NAA, klar patch, full\/mag cut (600 utskrifter)<\/h1>\n<p>F\u00e4rgband Evolis &#8211; LPA049NAA, klar patch, full\/mag cut (600<br \/>\n  utskrifter) \u00e4r ett originaltillbeh\u00f6r f\u00f6r kortskrivare som \u00e4r anpassat f\u00f6r p\u00e5litlig<br \/>\n  och professionell kortproduktion.<\/p>\n<ul>\n<li>Kapasitet: opptil 600 utskrifter<\/li>\n<li>Egnet for dobbeltsidig kortutskrift<\/li>\n<li>Gjennomsiktig laminat<\/li>\n<li>Artikkelnummer: LPA049NAA<\/li>\n<\/ul>\n<p><strong>Kompatibel med Evolis Primacy og Primacy<br \/>\n  2.<\/strong><\/p>\n<p><strong>Produktvekt:<\/strong> 0,40 kg<\/p>","protected":false},"excerpt":{"rendered":"<p>F\u00e4rgband Evolis &#8211; LPA049NAA, klar patch, full\/mag cut (600 utskrifter) F\u00e4rgband Evolis &#8211; LPA049NAA, klar patch, full\/mag cut (600 utskrifter) \u00e4r ett originaltillbeh\u00f6r f\u00f6r kortskrivare som \u00e4r anpassat f\u00f6r p\u00e5litlig<\/p>","protected":false},"featured_media":156387,"template":"","meta":{"_acf_changed":false},"product_brand":[],"product_cat":[4858,4859],"product_tag":[4863],"class_list":{"0":"post-156391","1":"product","2":"type-product","3":"status-publish","4":"has-post-thumbnail","6":"product_cat-primacy","7":"product_cat-primacy-2","8":"product_tag-pf","9":"pa_brands-evolis","10":"tm-no-options","12":"first","13":"outofstock","14":"sale","15":"taxable","16":"shipping-taxable","17":"purchasable","18":"product-type-simple"},"acf":[],"_links":{"self":[{"href":"https:\/\/secureus.se\/no\/wp-json\/wp\/v2\/product\/156391","targetHints":{"allow":["GET"]}}],"collection":[{"href":"https:\/\/secureus.se\/no\/wp-json\/wp\/v2\/product"}],"about":[{"href":"https:\/\/secureus.se\/no\/wp-json\/wp\/v2\/types\/product"}],"wp:featuredmedia":[{"embeddable":true,"href":"https:\/\/secureus.se\/no\/wp-json\/wp\/v2\/media\/156387"}],"wp:attachment":[{"href":"https:\/\/secureus.se\/no\/wp-json\/wp\/v2\/media?parent=156391"}],"wp:term":[{"taxonomy":"product_brand","embeddable":true,"href":"https:\/\/secureus.se\/no\/wp-json\/wp\/v2\/product_brand?post=156391"},{"taxonomy":"product_cat","embeddable":true,"href":"https:\/\/secureus.se\/no\/wp-json\/wp\/v2\/product_cat?post=156391"},{"taxonomy":"product_tag","embeddable":true,"href":"https:\/\/secureus.se\/no\/wp-json\/wp\/v2\/product_tag?post=156391"}],"curies":[{"name":"wp","href":"https:\/\/api.w.org\/{rel}","templated":true}]}}