{"id":156408,"date":"2025-09-11T15:41:33","date_gmt":"2025-09-11T13:41:33","guid":{"rendered":"https:\/\/secureus.se\/evolis-lpa047naa-1-0mil-alternate-clear-patch-smart-full-cut-ribbon-600-prints\/"},"modified":"2026-04-23T12:30:30","modified_gmt":"2026-04-23T10:30:30","slug":"evolis-lpa047naa-1-0mil-alternate-clear-patch-smart-full-cut-ribbon-600-prints","status":"publish","type":"product","link":"https:\/\/secureus.se\/no\/evolis-lpa047naa-1-0mil-alternate-clear-patch-smart-full-cut-ribbon-600-prints\/","title":{"rendered":"Evolis-b\u00e5nd \u2013 LPA047NAA, gjennomsiktig lapp, smart\/full kutt (600 utskrifter)"},"content":{"rendered":"<h1>B\u00e5nd<br \/>\n  Evolis - LPA047NAA, gjennomsiktig lapp, smart\/full kutt (600 utskrifter)<\/h1>\n<p>Fargetape Evolis \u2013 LPA047NAA, gjennomsiktig lapp, smart\/full kutt (600<br \/>\n  utskrifter) er et originalt tilbeh\u00f8r for kortskrivere som er tilpasset for<br \/>\n  p\u00e5litelig og profesjonell kortproduksjon.<\/p>\n<ul>\n<li>Kapasitet: opptil 600 utskrifter<\/li>\n<li>Egnet for dobbeltsidig kortutskrift<\/li>\n<li>Gjennomsiktig laminat<\/li>\n<li>Artikkelnummer: LPA047NAA<\/li>\n<\/ul>\n<p><strong>Kompatibel med Evolis Primacy og Primacy<br \/>\n  2.<\/strong><\/p>\n<p><strong>Produktvekt:<\/strong> 0,40 kg<\/p>","protected":false},"excerpt":{"rendered":"<p>F\u00e4rgband Evolis &#8211; LPA047NAA, klar patch, smart\/full cut (600 utskrifter) F\u00e4rgband Evolis &#8211; LPA047NAA, klar patch, smart\/full cut (600 utskrifter) \u00e4r ett originaltillbeh\u00f6r f\u00f6r kortskrivare som \u00e4r anpassat f\u00f6r p\u00e5litlig<\/p>","protected":false},"featured_media":156406,"template":"","meta":{"_acf_changed":false},"product_brand":[],"product_cat":[4858,4859],"product_tag":[4863],"class_list":{"0":"post-156408","1":"product","2":"type-product","3":"status-publish","4":"has-post-thumbnail","6":"product_cat-primacy","7":"product_cat-primacy-2","8":"product_tag-pf","9":"pa_brands-evolis","10":"tm-no-options","12":"first","13":"outofstock","14":"sale","15":"taxable","16":"shipping-taxable","17":"purchasable","18":"product-type-simple"},"acf":[],"_links":{"self":[{"href":"https:\/\/secureus.se\/no\/wp-json\/wp\/v2\/product\/156408","targetHints":{"allow":["GET"]}}],"collection":[{"href":"https:\/\/secureus.se\/no\/wp-json\/wp\/v2\/product"}],"about":[{"href":"https:\/\/secureus.se\/no\/wp-json\/wp\/v2\/types\/product"}],"wp:featuredmedia":[{"embeddable":true,"href":"https:\/\/secureus.se\/no\/wp-json\/wp\/v2\/media\/156406"}],"wp:attachment":[{"href":"https:\/\/secureus.se\/no\/wp-json\/wp\/v2\/media?parent=156408"}],"wp:term":[{"taxonomy":"product_brand","embeddable":true,"href":"https:\/\/secureus.se\/no\/wp-json\/wp\/v2\/product_brand?post=156408"},{"taxonomy":"product_cat","embeddable":true,"href":"https:\/\/secureus.se\/no\/wp-json\/wp\/v2\/product_cat?post=156408"},{"taxonomy":"product_tag","embeddable":true,"href":"https:\/\/secureus.se\/no\/wp-json\/wp\/v2\/product_tag?post=156408"}],"curies":[{"name":"wp","href":"https:\/\/api.w.org\/{rel}","templated":true}]}}