{"id":156431,"date":"2025-09-11T15:41:40","date_gmt":"2025-09-11T13:41:40","guid":{"rendered":"https:\/\/secureus.se\/evolis-rtcl009naa-retransfer-film-500-prints\/"},"modified":"2026-04-08T17:00:39","modified_gmt":"2026-04-08T15:00:39","slug":"evolis-rtcl009naa-retransfer-film-500-prints","status":"publish","type":"product","link":"https:\/\/secureus.se\/no\/evolis-rtcl009naa-retransfer-film-500-prints\/","title":{"rendered":"Retransferfilm Evolis \u2013 RTCL009NAA (500 utskrifter)"},"content":{"rendered":"<h1>Overf\u00f8r film p\u00e5 nytt<br \/>\n  Evolis &#8211; RTCL009NAA (500 utskrifter)<\/h1>\n<p>Retransferfilm Evolis &#8211; RTCL009NAA (500 utskrifter) \u00e4r en<br \/>\n  retransferfilm som brukes til \u00e5 gi plastkort en glatt, slitesterk og<br \/>\n  profesjonell overflate. Motivet trykkes p\u00e5 filmen og overf\u00f8res deretter til kortet,<br \/>\n  som gir h\u00f8y detaljrikdom og kant-til-kant-utskrift.<\/p>\n<p>Et godt valg n\u00e5r du vil \u00f8ke levetiden til kortene dine, forbedre<br \/>\n  holdbarhet og f\u00e5 et mer profesjonelt sluttresultat.<\/p>\n<ul>\n<li>Kapacitet: upp till 500 utskrifter per rulle<\/li>\n<li>Artikelnummer: RTCL009NAA<\/li>\n<\/ul>\n<p><strong>Kompatibel med Evolis<br \/>\n  Avansere.<\/strong><\/p>\n<p><strong>Produktvekt:<\/strong> 0,15 kg<\/p>","protected":false},"excerpt":{"rendered":"<p>Retransferfilm Evolis &#8211; RTCL009NAA (500 utskrifter) Retransferfilm Evolis &#8211; RTCL009NAA (500 utskrifter) \u00e4r en retransferfilm som anv\u00e4nds f\u00f6r att ge plastkort en j\u00e4mn, slitstark och professionell yta. Motivet skrivs p\u00e5<\/p>","protected":false},"featured_media":156428,"template":"","meta":{"_acf_changed":false},"product_brand":[],"product_cat":[4855],"product_tag":[4863],"class_list":{"0":"post-156431","1":"product","2":"type-product","3":"status-publish","4":"has-post-thumbnail","6":"product_cat-avansia","7":"product_tag-pf","8":"pa_brands-evolis","9":"tm-no-options","11":"first","12":"instock","13":"sale","14":"taxable","15":"shipping-taxable","16":"purchasable","17":"product-type-simple"},"acf":[],"_links":{"self":[{"href":"https:\/\/secureus.se\/no\/wp-json\/wp\/v2\/product\/156431","targetHints":{"allow":["GET"]}}],"collection":[{"href":"https:\/\/secureus.se\/no\/wp-json\/wp\/v2\/product"}],"about":[{"href":"https:\/\/secureus.se\/no\/wp-json\/wp\/v2\/types\/product"}],"wp:featuredmedia":[{"embeddable":true,"href":"https:\/\/secureus.se\/no\/wp-json\/wp\/v2\/media\/156428"}],"wp:attachment":[{"href":"https:\/\/secureus.se\/no\/wp-json\/wp\/v2\/media?parent=156431"}],"wp:term":[{"taxonomy":"product_brand","embeddable":true,"href":"https:\/\/secureus.se\/no\/wp-json\/wp\/v2\/product_brand?post=156431"},{"taxonomy":"product_cat","embeddable":true,"href":"https:\/\/secureus.se\/no\/wp-json\/wp\/v2\/product_cat?post=156431"},{"taxonomy":"product_tag","embeddable":true,"href":"https:\/\/secureus.se\/no\/wp-json\/wp\/v2\/product_tag?post=156431"}],"curies":[{"name":"wp","href":"https:\/\/api.w.org\/{rel}","templated":true}]}}