{"id":156449,"date":"2025-09-11T15:41:39","date_gmt":"2025-09-11T13:41:39","guid":{"rendered":"https:\/\/secureus.se\/evolis-r2017-metallic-silver-monochrome-ribbon-1000-prints\/"},"modified":"2026-04-08T17:01:32","modified_gmt":"2026-04-08T15:01:32","slug":"evolis-r2017-metallic-silver-monochrome-ribbon-1000-prints","status":"publish","type":"product","link":"https:\/\/secureus.se\/no\/evolis-r2017-metallic-silver-monochrome-ribbon-1000-prints\/","title":{"rendered":"Evolis-b\u00e5nd \u2013 R2017, metallisk s\u00f8lv (1000 trykk)"},"content":{"rendered":"<h1>B\u00e5nd<br \/>\n  Evolis \u2013 R2017, metallisk s\u00f8lv (1000 trykk)<\/h1>\n<p>Evolis-b\u00e5nd \u2013 R2017, metallisk s\u00f8lv (1000 trykk) er et<br \/>\n  originalt kortskrivertilbeh\u00f8r som er utviklet for p\u00e5litelig og<br \/>\n  profesjonell kortproduksjon.<\/p>\n<ul>\n<li>Kapasitet: opptil 1000 utskrifter<\/li>\n<li>Artikkelnummer: R2017<\/li>\n<\/ul>\n<p><strong>Kompatibel med Evolis Pebble, Evolis Dualys og<br \/>\n  Evolis Quantum.<\/strong><\/p>\n<p><strong>Produktvekt:<\/strong> 0,10 kg<\/p>","protected":false},"excerpt":{"rendered":"<p>F\u00e4rgband Evolis &#8211; R2017, metallic silver (1000 utskrifter) F\u00e4rgband Evolis &#8211; R2017, metallic silver (1000 utskrifter) \u00e4r ett originaltillbeh\u00f6r f\u00f6r kortskrivare som \u00e4r anpassat f\u00f6r p\u00e5litlig och professionell kortproduktion. Kapacitet:<\/p>","protected":false},"featured_media":156446,"template":"","meta":{"_acf_changed":false},"product_brand":[],"product_cat":[4857,4860],"product_tag":[4863],"class_list":{"0":"post-156449","1":"product","2":"type-product","3":"status-publish","4":"has-post-thumbnail","6":"product_cat-pebble","7":"product_cat-quantum","8":"product_tag-pf","9":"pa_brands-evolis","10":"tm-no-options","12":"first","13":"instock","14":"sale","15":"taxable","16":"shipping-taxable","17":"purchasable","18":"product-type-simple"},"acf":[],"_links":{"self":[{"href":"https:\/\/secureus.se\/no\/wp-json\/wp\/v2\/product\/156449","targetHints":{"allow":["GET"]}}],"collection":[{"href":"https:\/\/secureus.se\/no\/wp-json\/wp\/v2\/product"}],"about":[{"href":"https:\/\/secureus.se\/no\/wp-json\/wp\/v2\/types\/product"}],"wp:featuredmedia":[{"embeddable":true,"href":"https:\/\/secureus.se\/no\/wp-json\/wp\/v2\/media\/156446"}],"wp:attachment":[{"href":"https:\/\/secureus.se\/no\/wp-json\/wp\/v2\/media?parent=156449"}],"wp:term":[{"taxonomy":"product_brand","embeddable":true,"href":"https:\/\/secureus.se\/no\/wp-json\/wp\/v2\/product_brand?post=156449"},{"taxonomy":"product_cat","embeddable":true,"href":"https:\/\/secureus.se\/no\/wp-json\/wp\/v2\/product_cat?post=156449"},{"taxonomy":"product_tag","embeddable":true,"href":"https:\/\/secureus.se\/no\/wp-json\/wp\/v2\/product_tag?post=156449"}],"curies":[{"name":"wp","href":"https:\/\/api.w.org\/{rel}","templated":true}]}}