{"id":156453,"date":"2025-09-11T15:41:28","date_gmt":"2025-09-11T13:41:28","guid":{"rendered":"https:\/\/secureus.se\/evolis-r4f227naaa-so-ko-silver-overlay-black-overlay-250-prints\/"},"modified":"2026-03-26T09:55:28","modified_gmt":"2026-03-26T08:55:28","slug":"evolis-r4f227naaa-so-ko-silver-overlay-black-overlay-250-prints","status":"publish","type":"product","link":"https:\/\/secureus.se\/no\/evolis-r4f227naaa-so-ko-silver-overlay-black-overlay-250-prints\/","title":{"rendered":"Evolis R4F227NAAA SO-KO S\u00f8lv, Overlegg, Svart, Overlegg (250 utskrifter)"},"content":{"rendered":"<p>\u00a0Evolis R4F227NAAA SO-KO s\u00f8lv- og svart b\u00e5nd med overlegg er ideelt for personalisering av m\u00f8rke, forh\u00e5ndstrykte kort. Skriv ut i matt s\u00f8lv p\u00e5 forsiden av kortet og legg til tekst eller strekkoder p\u00e5 baksiden i fet svart, med et klart overlegg for \u00e5 beskytte mot s\u00f8l, rusk og skader p\u00e5 begge sider.<\/p>\n<ul>\n<li>250 utskrifter per rull\u00a0<\/li>\n<li>SO-KO-b\u00e5nd (s\u00f8lv, overlegg, svart og overleggspaneler)\u00a0<\/li>\n<li>Produsentens delenummer: R4F227NAAA<\/li>\n<\/ul>\n<p><strong>F\u00f8r du legger inn bestillingen, vennligst sjekk at dette er riktig b\u00e5nd for din skriver. Dette b\u00e5ndet er KUN kompatibelt med Evolis Primacy 2-kortskriveren.<\/strong><\/p>\n<p>\n <strong><br \/>\n Produktvekt:<br \/>\n 0,20 kg<br \/>\n <\/strong>\n <\/p>","protected":false},"excerpt":{"rendered":"<p>\u00a0The Evolis R4F227NAAA SO-KO Silver and black ribbon with overlay is ideal for the personalisation of dark coloured pre-printed cards. Print in silver matte on the front of the card<\/p>","protected":false},"featured_media":156452,"template":"","meta":{"_acf_changed":false},"product_brand":[],"product_cat":[4859],"product_tag":[4863],"class_list":{"0":"post-156453","1":"product","2":"type-product","3":"status-publish","4":"has-post-thumbnail","6":"product_cat-primacy-2","7":"product_tag-pf","8":"pa_brands-evolis","9":"tm-no-options","11":"first","12":"instock","13":"sale","14":"taxable","15":"shipping-taxable","16":"purchasable","17":"product-type-simple"},"acf":[],"_links":{"self":[{"href":"https:\/\/secureus.se\/no\/wp-json\/wp\/v2\/product\/156453","targetHints":{"allow":["GET"]}}],"collection":[{"href":"https:\/\/secureus.se\/no\/wp-json\/wp\/v2\/product"}],"about":[{"href":"https:\/\/secureus.se\/no\/wp-json\/wp\/v2\/types\/product"}],"wp:featuredmedia":[{"embeddable":true,"href":"https:\/\/secureus.se\/no\/wp-json\/wp\/v2\/media\/156452"}],"wp:attachment":[{"href":"https:\/\/secureus.se\/no\/wp-json\/wp\/v2\/media?parent=156453"}],"wp:term":[{"taxonomy":"product_brand","embeddable":true,"href":"https:\/\/secureus.se\/no\/wp-json\/wp\/v2\/product_brand?post=156453"},{"taxonomy":"product_cat","embeddable":true,"href":"https:\/\/secureus.se\/no\/wp-json\/wp\/v2\/product_cat?post=156453"},{"taxonomy":"product_tag","embeddable":true,"href":"https:\/\/secureus.se\/no\/wp-json\/wp\/v2\/product_tag?post=156453"}],"curies":[{"name":"wp","href":"https:\/\/api.w.org\/{rel}","templated":true}]}}