{"id":156458,"date":"2025-09-11T15:41:28","date_gmt":"2025-09-11T13:41:28","guid":{"rendered":"https:\/\/secureus.se\/evolis-n2f210naaa-easy4pro-ko-black-ribbon-with-overlay-600-prints\/"},"modified":"2026-04-23T12:33:26","modified_gmt":"2026-04-23T10:33:26","slug":"evolis-n2f210naaa-easy4pro-ko-black-ribbon-with-overlay-600-prints","status":"publish","type":"product","link":"https:\/\/secureus.se\/no\/evolis-n2f210naaa-easy4pro-ko-black-ribbon-with-overlay-600-prints\/","title":{"rendered":"Fargeb\u00e5nd Evolis Easy4Pro KO \u2013 N2F210NAAA, med overlegg (600 utskrifter)"},"content":{"rendered":"<h1>B\u00e5nd<br \/>\n  Evolis Easy4Pro KO \u2013 N2F210NAAA, med overlegg (600 utskrifter)<\/h1>\n<p>Fargeb\u00e5nd Evolis Easy4Pro KO \u2013 N2F210NAAA, med overlegg (600<br \/>\n  utskrifter) er en KO-tape med et svart panel og beskyttende overlegg. Det er en<br \/>\n  godt valg n\u00e5r du trenger klartekst, strekkoder og ekstra beskyttelse p\u00e5 kortet<br \/>\n  flate.<\/p>\n<p>Passer for ID-kort, adgangskort, medlemskort og annet<br \/>\n  plastkort der h\u00f8y utskriftskvalitet og p\u00e5litelighet er viktig.<\/p>\n<ul>\n<li>Kapasitet: opptil 600 utskrifter<\/li>\n<li>B\u00e5ndtype: KO<\/li>\n<li>Artikkelnummer: N2F210NAAA<\/li>\n<\/ul>\n<p><strong>Kompatibel med Evolis Primacy 2- og Zenius 2-kort<br \/>\n  kun skrivere.<\/strong><\/p>\n<p><strong>Produktvekt:<\/strong> 0,20 kg<\/p>","protected":false},"excerpt":{"rendered":"<p>F\u00e4rgband Evolis Easy4Pro KO &#8211; N2F210NAAA, med overlay (600 utskrifter) F\u00e4rgband Evolis Easy4Pro KO &#8211; N2F210NAAA, med overlay (600 utskrifter) \u00e4r ett KO-band med svart panel och skyddande overlay. Det<\/p>","protected":false},"featured_media":156457,"template":"","meta":{"_acf_changed":false},"product_brand":[],"product_cat":[4856,4859],"product_tag":[4863],"class_list":{"0":"post-156458","1":"product","2":"type-product","3":"status-publish","4":"has-post-thumbnail","6":"product_cat-easy4-pro","7":"product_cat-primacy-2","8":"product_tag-pf","9":"pa_brands-evolis","10":"tm-no-options","12":"first","13":"instock","14":"sale","15":"taxable","16":"shipping-taxable","17":"purchasable","18":"product-type-simple"},"acf":[],"_links":{"self":[{"href":"https:\/\/secureus.se\/no\/wp-json\/wp\/v2\/product\/156458","targetHints":{"allow":["GET"]}}],"collection":[{"href":"https:\/\/secureus.se\/no\/wp-json\/wp\/v2\/product"}],"about":[{"href":"https:\/\/secureus.se\/no\/wp-json\/wp\/v2\/types\/product"}],"wp:featuredmedia":[{"embeddable":true,"href":"https:\/\/secureus.se\/no\/wp-json\/wp\/v2\/media\/156457"}],"wp:attachment":[{"href":"https:\/\/secureus.se\/no\/wp-json\/wp\/v2\/media?parent=156458"}],"wp:term":[{"taxonomy":"product_brand","embeddable":true,"href":"https:\/\/secureus.se\/no\/wp-json\/wp\/v2\/product_brand?post=156458"},{"taxonomy":"product_cat","embeddable":true,"href":"https:\/\/secureus.se\/no\/wp-json\/wp\/v2\/product_cat?post=156458"},{"taxonomy":"product_tag","embeddable":true,"href":"https:\/\/secureus.se\/no\/wp-json\/wp\/v2\/product_tag?post=156458"}],"curies":[{"name":"wp","href":"https:\/\/api.w.org\/{rel}","templated":true}]}}