{"id":156618,"date":"2025-09-11T16:35:45","date_gmt":"2025-09-11T14:35:45","guid":{"rendered":"https:\/\/secureus.se\/fargo-45111-ez-ko-ribbon-500-prints\/"},"modified":"2026-04-08T17:01:51","modified_gmt":"2026-04-08T15:01:51","slug":"fargo-45111-ez-ko-ribbon-500-prints","status":"publish","type":"product","link":"https:\/\/secureus.se\/no\/fargo-45111-ez-ko-ribbon-500-prints\/","title":{"rendered":"F\u00e4rgband Fargo KO &#8211; 45111 (500 utskrifter)"},"content":{"rendered":"<h1>B\u00e5nd<br \/>\n  Fargo KO &#8211; 45111 (500 utskrifter)<\/h1>\n<p>F\u00e4rgband Fargo KO &#8211; 45111 (500 utskrifter) \u00e4r ett KO-band med<br \/>\n  svart panel och skyddande overlay. Det \u00e4r ett bra val n\u00e4r du beh\u00f6ver tydlig<br \/>\n  text, streckkoder och extra skydd p\u00e5 kortets yta.<\/p>\n<p>Passar bra f\u00f6r ID-kort, passerkort, medlemskort och andra<br \/>\n  plastkort d\u00e4r h\u00f6g utskriftskvalitet och tillf\u00f6rlitlighet \u00e4r<br \/>\n  viktigt.<\/p>\n<ul>\n<li>Kapacitet: upp till 500 utskrifter<\/li>\n<li>Bandtyp: KO<\/li>\n<li>L\u00e4mpligt f\u00f6r dubbelsidig kortutskrift<\/li>\n<li>Artikelnummer: 45111<\/li>\n<\/ul>\n<p><strong>Kompatibel med Fargo DTC1000, DTC1250e, DTC4000,<br \/>\n  DTC4250e, DTC4500e och C50.<\/strong><\/p>\n<p><strong>Produktvekt:<\/strong> 0,20 kg<\/p>","protected":false},"excerpt":{"rendered":"<p>F\u00e4rgband Fargo KO &#8211; 45111 (500 utskrifter) F\u00e4rgband Fargo KO &#8211; 45111 (500 utskrifter) \u00e4r ett KO-band med svart panel och skyddande overlay. Det \u00e4r ett bra val n\u00e4r du<\/p>","protected":false},"featured_media":156617,"template":"","meta":{"_acf_changed":false},"product_brand":[],"product_cat":[4849,4841,4842,4844,4845,4846],"product_tag":[4863],"class_list":{"0":"post-156618","1":"product","2":"type-product","3":"status-publish","4":"has-post-thumbnail","6":"product_cat-c50-band","7":"product_cat-dtc1000-band","8":"product_cat-dtc1250-band","9":"product_cat-dtc4000-band","10":"product_cat-dtc4250-band","11":"product_cat-dtc4500-band","12":"product_tag-pf","13":"pa_brands-fargo","14":"tm-no-options","16":"first","17":"outofstock","18":"sale","19":"taxable","20":"shipping-taxable","21":"purchasable","22":"product-type-simple"},"acf":[],"_links":{"self":[{"href":"https:\/\/secureus.se\/no\/wp-json\/wp\/v2\/product\/156618","targetHints":{"allow":["GET"]}}],"collection":[{"href":"https:\/\/secureus.se\/no\/wp-json\/wp\/v2\/product"}],"about":[{"href":"https:\/\/secureus.se\/no\/wp-json\/wp\/v2\/types\/product"}],"wp:featuredmedia":[{"embeddable":true,"href":"https:\/\/secureus.se\/no\/wp-json\/wp\/v2\/media\/156617"}],"wp:attachment":[{"href":"https:\/\/secureus.se\/no\/wp-json\/wp\/v2\/media?parent=156618"}],"wp:term":[{"taxonomy":"product_brand","embeddable":true,"href":"https:\/\/secureus.se\/no\/wp-json\/wp\/v2\/product_brand?post=156618"},{"taxonomy":"product_cat","embeddable":true,"href":"https:\/\/secureus.se\/no\/wp-json\/wp\/v2\/product_cat?post=156618"},{"taxonomy":"product_tag","embeddable":true,"href":"https:\/\/secureus.se\/no\/wp-json\/wp\/v2\/product_tag?post=156618"}],"curies":[{"name":"wp","href":"https:\/\/api.w.org\/{rel}","templated":true}]}}