{"id":156626,"date":"2025-09-11T16:35:42","date_gmt":"2025-09-11T14:35:42","guid":{"rendered":"https:\/\/secureus.se\/fargo-45103-monochrome-blue-ribbon-1000-prints\/"},"modified":"2026-04-08T17:02:21","modified_gmt":"2026-04-08T15:02:21","slug":"fargo-45103-monochrome-blue-ribbon-1000-prints","status":"publish","type":"product","link":"https:\/\/secureus.se\/no\/fargo-45103-monochrome-blue-ribbon-1000-prints\/","title":{"rendered":"F\u00e4rgband Fargo &#8211; 45103 (1000 utskrifter)"},"content":{"rendered":"<h1>B\u00e5nd<br \/>\n  Fargo &#8211; 45103 (1000 utskrifter)<\/h1>\n<p>F\u00e4rgband Fargo &#8211; 45103 (1000 utskrifter) \u00e4r ett originaltillbeh\u00f6r<br \/>\n  f\u00f6r kortskrivare som \u00e4r anpassat f\u00f6r p\u00e5litlig och professionell<br \/>\n  kortproduktion.<\/p>\n<ul>\n<li>Kapasitet: opptil 1000 utskrifter<\/li>\n<li>Inkluderer rengj\u00f8ringsrulle<\/li>\n<li>Egnet for dobbeltsidig kortutskrift<\/li>\n<li>Artikelnummer: 45103<\/li>\n<\/ul>\n<p><strong>Kompatibel med Fargo DTC1000, DTC1250e, DTC4000,<br \/>\n  DTC4250e och C50.<\/strong><\/p>\n<p><strong>Produktvekt:<\/strong> 0,30 kg<\/p>","protected":false},"excerpt":{"rendered":"<p>F\u00e4rgband Fargo &#8211; 45103 (1000 utskrifter) F\u00e4rgband Fargo &#8211; 45103 (1000 utskrifter) \u00e4r ett originaltillbeh\u00f6r f\u00f6r kortskrivare som \u00e4r anpassat f\u00f6r p\u00e5litlig och professionell kortproduktion. Kapacitet: upp till 1 000<\/p>","protected":false},"featured_media":156625,"template":"","meta":{"_acf_changed":false},"product_brand":[],"product_cat":[4842,4844,4846],"product_tag":[4863],"class_list":{"0":"post-156626","1":"product","2":"type-product","3":"status-publish","4":"has-post-thumbnail","6":"product_cat-dtc1250-band","7":"product_cat-dtc4000-band","8":"product_cat-dtc4500-band","9":"product_tag-pf","10":"pa_brands-fargo","11":"tm-no-options","13":"first","14":"outofstock","15":"sale","16":"taxable","17":"shipping-taxable","18":"purchasable","19":"product-type-simple"},"acf":[],"_links":{"self":[{"href":"https:\/\/secureus.se\/no\/wp-json\/wp\/v2\/product\/156626","targetHints":{"allow":["GET"]}}],"collection":[{"href":"https:\/\/secureus.se\/no\/wp-json\/wp\/v2\/product"}],"about":[{"href":"https:\/\/secureus.se\/no\/wp-json\/wp\/v2\/types\/product"}],"wp:featuredmedia":[{"embeddable":true,"href":"https:\/\/secureus.se\/no\/wp-json\/wp\/v2\/media\/156625"}],"wp:attachment":[{"href":"https:\/\/secureus.se\/no\/wp-json\/wp\/v2\/media?parent=156626"}],"wp:term":[{"taxonomy":"product_brand","embeddable":true,"href":"https:\/\/secureus.se\/no\/wp-json\/wp\/v2\/product_brand?post=156626"},{"taxonomy":"product_cat","embeddable":true,"href":"https:\/\/secureus.se\/no\/wp-json\/wp\/v2\/product_cat?post=156626"},{"taxonomy":"product_tag","embeddable":true,"href":"https:\/\/secureus.se\/no\/wp-json\/wp\/v2\/product_tag?post=156626"}],"curies":[{"name":"wp","href":"https:\/\/api.w.org\/{rel}","templated":true}]}}