{"id":156632,"date":"2025-09-11T16:35:42","date_gmt":"2025-09-11T14:35:42","guid":{"rendered":"https:\/\/secureus.se\/fargo-45710-ymckok-ribbon-500-prints\/"},"modified":"2026-04-08T17:02:29","modified_gmt":"2026-04-08T15:02:29","slug":"fargo-45710-ymckok-ribbon-500-prints","status":"publish","type":"product","link":"https:\/\/secureus.se\/no\/fargo-45710-ymckok-ribbon-500-prints\/","title":{"rendered":"F\u00e4rgband Fargo YMCKOK &#8211;\n  45710 (500 utskrifter)"},"content":{"rendered":"<h1>B\u00e5nd<br \/>\n  Fargo YMCKOK &#8211; 45710 (500 utskrifter)<\/h1>\n<p>F\u00e4rgband Fargo YMCKOK &#8211; 45710 (500 utskrifter) \u00e4r ett f\u00e4rgband f\u00f6r<br \/>\n  utskrift av plastkort med skarpa f\u00e4rger, tydlig text och bra<br \/>\n  detalj\u00e5tergivning. Bandtypen YMCKOK ger r\u00e4tt kombination av f\u00e4rgpaneler och<br \/>\n  skyddande overlay f\u00f6r professionella kortutskrifter.<\/p>\n<p>Passar bra f\u00f6r ID-kort, passerkort, medlemskort och andra<br \/>\n  plastkort d\u00e4r h\u00f6g utskriftskvalitet och tillf\u00f6rlitlighet \u00e4r<br \/>\n  viktigt.<\/p>\n<ul>\n<li>Kapacitet: upp till 500 utskrifter<\/li>\n<li>Bandtyp: YMCKOK<\/li>\n<li>L\u00e4mpligt f\u00f6r dubbelsidig kortutskrift<\/li>\n<li>Artikelnummer: 45710<\/li>\n<\/ul>\n<p><strong>Kompatibel med Fargo DTC5500LMX och<br \/>\n  DTC4500.<\/strong><\/p>\n<p><strong>Produktvekt:<\/strong> 0,20 kg<\/p>","protected":false},"excerpt":{"rendered":"<p>F\u00e4rgband Fargo YMCKOK &#8211; 45710 (500 utskrifter) F\u00e4rgband Fargo YMCKOK &#8211; 45710 (500 utskrifter) \u00e4r ett f\u00e4rgband f\u00f6r utskrift av plastkort med skarpa f\u00e4rger, tydlig text och bra detalj\u00e5tergivning. Bandtypen<\/p>","protected":false},"featured_media":156631,"template":"","meta":{"_acf_changed":false},"product_brand":[],"product_cat":[4846],"product_tag":[4863],"class_list":{"0":"post-156632","1":"product","2":"type-product","3":"status-publish","4":"has-post-thumbnail","6":"product_cat-dtc4500-band","7":"product_tag-pf","8":"pa_brands-fargo","9":"tm-no-options","11":"first","12":"outofstock","13":"sale","14":"taxable","15":"shipping-taxable","16":"purchasable","17":"product-type-simple"},"acf":[],"_links":{"self":[{"href":"https:\/\/secureus.se\/no\/wp-json\/wp\/v2\/product\/156632","targetHints":{"allow":["GET"]}}],"collection":[{"href":"https:\/\/secureus.se\/no\/wp-json\/wp\/v2\/product"}],"about":[{"href":"https:\/\/secureus.se\/no\/wp-json\/wp\/v2\/types\/product"}],"wp:featuredmedia":[{"embeddable":true,"href":"https:\/\/secureus.se\/no\/wp-json\/wp\/v2\/media\/156631"}],"wp:attachment":[{"href":"https:\/\/secureus.se\/no\/wp-json\/wp\/v2\/media?parent=156632"}],"wp:term":[{"taxonomy":"product_brand","embeddable":true,"href":"https:\/\/secureus.se\/no\/wp-json\/wp\/v2\/product_brand?post=156632"},{"taxonomy":"product_cat","embeddable":true,"href":"https:\/\/secureus.se\/no\/wp-json\/wp\/v2\/product_cat?post=156632"},{"taxonomy":"product_tag","embeddable":true,"href":"https:\/\/secureus.se\/no\/wp-json\/wp\/v2\/product_tag?post=156632"}],"curies":[{"name":"wp","href":"https:\/\/api.w.org\/{rel}","templated":true}]}}