{"id":156634,"date":"2025-09-11T16:35:46","date_gmt":"2025-09-11T14:35:46","guid":{"rendered":"https:\/\/secureus.se\/fargo-45440-ymcko-ribbon-100-prints\/"},"modified":"2026-04-08T17:01:36","modified_gmt":"2026-04-08T15:01:36","slug":"fargo-45440-ymcko-ribbon-100-prints","status":"publish","type":"product","link":"https:\/\/secureus.se\/no\/fargo-45440-ymcko-ribbon-100-prints\/","title":{"rendered":"Fargo YMCKO-b\u00e5nd \u2013 45440 (100 utskrifter)"},"content":{"rendered":"<h1>B\u00e5nd<br \/>\n  Fargo YMCKO &#8211; 45440 (100 utskrifter)<\/h1>\n<p>F\u00e4rgband Fargo YMCKO &#8211; 45440 (100 utskrifter) \u00e4r ett f\u00e4rgband f\u00f6r<br \/>\n  trykke plastkort med skarpe farger, klar tekst og god<br \/>\n  detaljgjengivelse. YMCKO-b\u00e5ndtypen gir den riktige kombinasjonen av fargepaneler og<br \/>\n  Beskyttende overlegg for profesjonell kortutskrift.<\/p>\n<p>Passer for ID-kort, adgangskort, medlemskort og annet<br \/>\n  plastkort der h\u00f8y utskriftskvalitet og p\u00e5litelighet er viktig.<\/p>\n<ul>\n<li>Kapasitet: opptil 100 utskrifter<\/li>\n<li>B\u00e5ndtype: YMCKO<\/li>\n<li>Artikelnummer: 45440<\/li>\n<\/ul>\n<p><strong>Kompatibel med Fargo<br \/>\n  C50.<\/strong><\/p>\n<p><strong>Produktvekt:<\/strong> 0,05 kg<\/p>","protected":false},"excerpt":{"rendered":"<p>F\u00e4rgband Fargo YMCKO &#8211; 45440 (100 utskrifter) F\u00e4rgband Fargo YMCKO &#8211; 45440 (100 utskrifter) \u00e4r ett f\u00e4rgband f\u00f6r utskrift av plastkort med skarpa f\u00e4rger, tydlig text och bra detalj\u00e5tergivning. Bandtypen<\/p>","protected":false},"featured_media":156633,"template":"","meta":{"_acf_changed":false},"product_brand":[],"product_cat":[4849],"product_tag":[4863],"class_list":{"0":"post-156634","1":"product","2":"type-product","3":"status-publish","4":"has-post-thumbnail","6":"product_cat-c50-band","7":"product_tag-pf","8":"pa_brands-fargo","9":"tm-no-options","11":"first","12":"instock","13":"sale","14":"taxable","15":"shipping-taxable","16":"purchasable","17":"product-type-simple"},"acf":[],"_links":{"self":[{"href":"https:\/\/secureus.se\/no\/wp-json\/wp\/v2\/product\/156634","targetHints":{"allow":["GET"]}}],"collection":[{"href":"https:\/\/secureus.se\/no\/wp-json\/wp\/v2\/product"}],"about":[{"href":"https:\/\/secureus.se\/no\/wp-json\/wp\/v2\/types\/product"}],"wp:featuredmedia":[{"embeddable":true,"href":"https:\/\/secureus.se\/no\/wp-json\/wp\/v2\/media\/156633"}],"wp:attachment":[{"href":"https:\/\/secureus.se\/no\/wp-json\/wp\/v2\/media?parent=156634"}],"wp:term":[{"taxonomy":"product_brand","embeddable":true,"href":"https:\/\/secureus.se\/no\/wp-json\/wp\/v2\/product_brand?post=156634"},{"taxonomy":"product_cat","embeddable":true,"href":"https:\/\/secureus.se\/no\/wp-json\/wp\/v2\/product_cat?post=156634"},{"taxonomy":"product_tag","embeddable":true,"href":"https:\/\/secureus.se\/no\/wp-json\/wp\/v2\/product_tag?post=156634"}],"curies":[{"name":"wp","href":"https:\/\/api.w.org\/{rel}","templated":true}]}}