{"id":156636,"date":"2025-09-11T16:35:42","date_gmt":"2025-09-11T14:35:42","guid":{"rendered":"https:\/\/secureus.se\/fargo-45117-eco-black-monochrome-refill-ribbon-1000-prints\/"},"modified":"2026-04-23T12:33:10","modified_gmt":"2026-04-23T10:33:10","slug":"fargo-45117-eco-black-monochrome-refill-ribbon-1000-prints","status":"publish","type":"product","link":"https:\/\/secureus.se\/no\/fargo-45117-eco-black-monochrome-refill-ribbon-1000-prints\/","title":{"rendered":"Fargo-b\u00e5nd \u2013 45117, svart monokrom, refill (1000 utskrifter)"},"content":{"rendered":"<h1>B\u00e5nd<br \/>\n  Fargo \u2013 45117, svart monokrom, refill (1000 utskrifter)<\/h1>\n<p>Fargo-b\u00e5nd \u2013 45117, svart monokrom, refill (1000 utskrifter)<br \/>\n  er et svart monokrom b\u00e5nd som passer for klar tekst og enkel linjegrafikk<br \/>\n  og lesbare strekkoder p\u00e5 plastkort.<\/p>\n<p>Passer for ID-kort, adgangskort, medlemskort og annet<br \/>\n  plastkort der h\u00f8y utskriftskvalitet og p\u00e5litelighet er viktig<br \/>\n  viktig.<\/p>\n<ul>\n<li>Kapasitet: opptil 1000 utskrifter<\/li>\n<li>Remtype: Svart monokrom<\/li>\n<li>Artikkelnummer: 45117<\/li>\n<\/ul>\n<p><strong>Kompatibel med Fargo DTC1000, DTC1250e, DTC4000,<br \/>\n  DTC4250e og C50.<\/strong><\/p>\n<p><strong>Produktvekt:<\/strong> 0,20 kg<\/p>","protected":false},"excerpt":{"rendered":"<p>F\u00e4rgband Fargo &#8211; 45117, svart monokrom, refill (1000 utskrifter) F\u00e4rgband Fargo &#8211; 45117, svart monokrom, refill (1000 utskrifter) \u00e4r ett svart monokromt f\u00e4rgband som passar f\u00f6r tydlig text, enkla linjegrafiker<\/p>","protected":false},"featured_media":156635,"template":"","meta":{"_acf_changed":false},"product_brand":[],"product_cat":[4849,4841,4842,4844,4845],"product_tag":[4863],"class_list":{"0":"post-156636","1":"product","2":"type-product","3":"status-publish","4":"has-post-thumbnail","6":"product_cat-c50-band","7":"product_cat-dtc1000-band","8":"product_cat-dtc1250-band","9":"product_cat-dtc4000-band","10":"product_cat-dtc4250-band","11":"product_tag-pf","12":"pa_brands-fargo","13":"tm-no-options","15":"first","16":"outofstock","17":"sale","18":"taxable","19":"shipping-taxable","20":"purchasable","21":"product-type-simple"},"acf":[],"_links":{"self":[{"href":"https:\/\/secureus.se\/no\/wp-json\/wp\/v2\/product\/156636","targetHints":{"allow":["GET"]}}],"collection":[{"href":"https:\/\/secureus.se\/no\/wp-json\/wp\/v2\/product"}],"about":[{"href":"https:\/\/secureus.se\/no\/wp-json\/wp\/v2\/types\/product"}],"wp:featuredmedia":[{"embeddable":true,"href":"https:\/\/secureus.se\/no\/wp-json\/wp\/v2\/media\/156635"}],"wp:attachment":[{"href":"https:\/\/secureus.se\/no\/wp-json\/wp\/v2\/media?parent=156636"}],"wp:term":[{"taxonomy":"product_brand","embeddable":true,"href":"https:\/\/secureus.se\/no\/wp-json\/wp\/v2\/product_brand?post=156636"},{"taxonomy":"product_cat","embeddable":true,"href":"https:\/\/secureus.se\/no\/wp-json\/wp\/v2\/product_cat?post=156636"},{"taxonomy":"product_tag","embeddable":true,"href":"https:\/\/secureus.se\/no\/wp-json\/wp\/v2\/product_tag?post=156636"}],"curies":[{"name":"wp","href":"https:\/\/api.w.org\/{rel}","templated":true}]}}