{"id":156644,"date":"2025-09-11T16:35:43","date_gmt":"2025-09-11T14:35:43","guid":{"rendered":"https:\/\/secureus.se\/fargo-84813-ymckh-full-colour-ribbon-500-prints\/"},"modified":"2026-04-08T17:02:48","modified_gmt":"2026-04-08T15:02:48","slug":"fargo-84813-ymckh-full-colour-ribbon-500-prints","status":"publish","type":"product","link":"https:\/\/secureus.se\/no\/fargo-84813-ymckh-full-colour-ribbon-500-prints\/","title":{"rendered":"F\u00e4rgband Fargo YMCKH &#8211; 84813 (500 utskrifter)"},"content":{"rendered":"<h1>B\u00e5nd<br \/>\n  Fargo YMCKH &#8211; 84813 (500 utskrifter)<\/h1>\n<p>F\u00e4rgband Fargo YMCKH &#8211; 84813 (500 utskrifter) \u00e4r ett f\u00e4rgband f\u00f6r<br \/>\n  utskrift av plastkort med skarpa f\u00e4rger, tydlig text och bra<br \/>\n  detalj\u00e5tergivning. Bandtypen YMCKH ger r\u00e4tt kombination av f\u00e4rgpaneler f\u00f6r<br \/>\n  professionella kortutskrifter.<\/p>\n<p>Passar bra f\u00f6r ID-kort, passerkort, medlemskort och andra<br \/>\n  plastkort d\u00e4r h\u00f6g utskriftskvalitet och tillf\u00f6rlitlighet \u00e4r<br \/>\n  viktigt.<\/p>\n<ul>\n<li>Kapacitet: upp till 500 utskrifter<\/li>\n<li>Bandtyp: YMCKH<\/li>\n<li>Originalprodukt<\/li>\n<li>Artikelnummer: 84813<\/li>\n<\/ul>\n<p><strong>Kompatibel med Fargo<br \/>\n  HDP8500.<\/strong><\/p>\n<p><strong>Produktvekt:<\/strong> 0,26 kg<\/p>","protected":false},"excerpt":{"rendered":"<p>F\u00e4rgband Fargo YMCKH &#8211; 84813 (500 utskrifter) F\u00e4rgband Fargo YMCKH &#8211; 84813 (500 utskrifter) \u00e4r ett f\u00e4rgband f\u00f6r utskrift av plastkort med skarpa f\u00e4rger, tydlig text och bra detalj\u00e5tergivning. Bandtypen<\/p>","protected":false},"featured_media":156643,"template":"","meta":{"_acf_changed":false},"product_brand":[],"product_cat":[4853],"product_tag":[4863],"class_list":{"0":"post-156644","1":"product","2":"type-product","3":"status-publish","4":"has-post-thumbnail","6":"product_cat-hdp8500-band","7":"product_tag-pf","8":"pa_brands-fargo","9":"tm-no-options","11":"first","12":"instock","13":"sale","14":"taxable","15":"shipping-taxable","16":"purchasable","17":"product-type-simple"},"acf":[],"_links":{"self":[{"href":"https:\/\/secureus.se\/no\/wp-json\/wp\/v2\/product\/156644","targetHints":{"allow":["GET"]}}],"collection":[{"href":"https:\/\/secureus.se\/no\/wp-json\/wp\/v2\/product"}],"about":[{"href":"https:\/\/secureus.se\/no\/wp-json\/wp\/v2\/types\/product"}],"wp:featuredmedia":[{"embeddable":true,"href":"https:\/\/secureus.se\/no\/wp-json\/wp\/v2\/media\/156643"}],"wp:attachment":[{"href":"https:\/\/secureus.se\/no\/wp-json\/wp\/v2\/media?parent=156644"}],"wp:term":[{"taxonomy":"product_brand","embeddable":true,"href":"https:\/\/secureus.se\/no\/wp-json\/wp\/v2\/product_brand?post=156644"},{"taxonomy":"product_cat","embeddable":true,"href":"https:\/\/secureus.se\/no\/wp-json\/wp\/v2\/product_cat?post=156644"},{"taxonomy":"product_tag","embeddable":true,"href":"https:\/\/secureus.se\/no\/wp-json\/wp\/v2\/product_tag?post=156644"}],"curies":[{"name":"wp","href":"https:\/\/api.w.org\/{rel}","templated":true}]}}