{"id":158316,"date":"2025-09-22T12:48:32","date_gmt":"2025-09-22T10:48:32","guid":{"rendered":"https:\/\/secureus.se\/tidsrela-6-30v-programmerbar\/"},"modified":"2026-03-13T18:51:37","modified_gmt":"2026-03-13T17:51:37","slug":"tidsrela-6-30v-programmerbar","status":"publish","type":"product","link":"https:\/\/secureus.se\/no\/tidsrela-6-30v-programmerbar\/","title":{"rendered":"Timerrel\u00e9 6\u201330V Programmerbar 0,01 s\u20139999 minutter \u2013 LCD-skjerm Pro-serien"},"content":{"rendered":"<h1>Tidsrel\u00e9 6\u201330 V programmerbar med LCD-skjerm<\/h1>\n<p>Denne avanserte tidsrel\u00e9modulen fra Sinilink er ideell for automatiseringsprosjekter der presis tidskontroll er n\u00f8dvendig.<\/p>\n<p>Den er utstyrt med et tydelig LCD-display, bred spenningskompatibilitet og st\u00f8tte for flere arbeidsmoduser samt sykliske funksjoner.<\/p>\n<h3 data-start=\"428\" data-end=\"447\"><strong data-start=\"432\" data-end=\"447\">Kjennetegn:<\/strong><\/h3>\n<ol data-start=\"449\" data-end=\"1101\">\n<li data-start=\"449\" data-end=\"525\">\n<p data-start=\"452\" data-end=\"525\">LCD-skjermen viser tydelig gjeldende driftsstatus og innstilte parametere.<\/p>\n<\/li>\n<li data-start=\"526\" data-end=\"598\">\n<p data-start=\"529\" data-end=\"598\">St\u00f8tte for b\u00e5de h\u00f8yt og lavt niv\u00e5 triggering samt kontroll via brytere.<\/p>\n<\/li>\n<li data-start=\"599\" data-end=\"668\">\n<p data-start=\"602\" data-end=\"668\">Bredt inngangsspenningsomr\u00e5de: 6\u201330 V, st\u00f8tter ogs\u00e5 5 V via micro-USB.<\/p>\n<\/li>\n<li data-start=\"669\" data-end=\"728\">\n<p data-start=\"672\" data-end=\"728\">St\u00f8tter UART-dataoverf\u00f8ring og parameterinnstilling.<\/p>\n<\/li>\n<li data-start=\"729\" data-end=\"791\">\n<p data-start=\"732\" data-end=\"791\">N\u00f8dstopp med STOPP-knapp og beskyttelse mot feil polaritet.<\/p>\n<\/li>\n<li data-start=\"792\" data-end=\"890\">\n<p data-start=\"795\" data-end=\"890\">Str\u00f8msparingsmodus: Hvis ingen knapper brukes innen 5 minutter, sl\u00e5s bakgrunnsbelysningen av automatisk.<\/p>\n<\/li>\n<li data-start=\"891\" data-end=\"954\">\n<p data-start=\"894\" data-end=\"954\">Uavhengige OP-, CL- og LOP-parametere kan lagres separat.<\/p>\n<\/li>\n<li data-start=\"955\" data-end=\"1015\">\n<p data-start=\"958\" data-end=\"1015\">Alle innstillinger lagres automatisk ved str\u00f8mbrudd.<\/p>\n<\/li>\n<li data-start=\"1016\" data-end=\"1101\">\n<p data-start=\"1019\" data-end=\"1101\">Industriell konstruksjon med optokoblerisolasjon for \u00f8kt interferensimmunitet.<\/p>\n<\/li>\n<\/ol>\n<h3 data-start=\"1108\" data-end=\"1132\"><strong data-start=\"1112\" data-end=\"1132\">Spesifikasjoner:<\/strong><\/h3>\n<ul data-start=\"1134\" data-end=\"1539\">\n<li data-start=\"1134\" data-end=\"1163\">\n<p data-start=\"1136\" data-end=\"1163\"><strong data-start=\"1136\" data-end=\"1155\">Arbeidsspenning:<\/strong> 6\u201330 V<\/p>\n<\/li>\n<li data-start=\"1164\" data-end=\"1214\">\n<p data-start=\"1166\" data-end=\"1214\"><strong data-start=\"1166\" data-end=\"1184\">Tidsintervall:<\/strong> 0,01 s\u20139999 min (justerbar)<\/p>\n<\/li>\n<li data-start=\"1215\" data-end=\"1307\">\n<p data-start=\"1217\" data-end=\"1237\"><strong data-start=\"1217\" data-end=\"1235\">Utl\u00f8sersignal:<\/strong><\/p>\n<ul data-start=\"1240\" data-end=\"1307\">\n<li data-start=\"1240\" data-end=\"1261\">\n<p data-start=\"1242\" data-end=\"1261\">H\u00f8yt niv\u00e5: 3,0\u201324V<\/p>\n<\/li>\n<li data-start=\"1264\" data-end=\"1286\">\n<p data-start=\"1266\" data-end=\"1286\">Lavt niv\u00e5: 0,0\u20130,2 V<\/p>\n<\/li>\n<li data-start=\"1289\" data-end=\"1307\">\n<p data-start=\"1291\" data-end=\"1307\">Passiv bryter<\/p>\n<\/li>\n<\/ul>\n<\/li>\n<li data-start=\"1308\" data-end=\"1375\">\n<p data-start=\"1310\" data-end=\"1333\"><strong data-start=\"1310\" data-end=\"1331\">Utgangskapasitet:<\/strong><\/p>\n<ul data-start=\"1336\" data-end=\"1375\">\n<li data-start=\"1336\" data-end=\"1375\">\n<p data-start=\"1338\" data-end=\"1375\">Opptil 30V 5A DC eller 220V 5A AC<\/p>\n<\/li>\n<\/ul>\n<\/li>\n<li data-start=\"1376\" data-end=\"1400\">\n<p data-start=\"1378\" data-end=\"1400\"><strong data-start=\"1378\" data-end=\"1392\">Hvilestr\u00f8m:<\/strong> 15mA<\/p>\n<\/li>\n<li data-start=\"1401\" data-end=\"1426\">\n<p data-start=\"1403\" data-end=\"1426\"><strong data-start=\"1403\" data-end=\"1418\">Driftsstr\u00f8m:<\/strong> 50mA<\/p>\n<\/li>\n<li data-start=\"1427\" data-end=\"1467\">\n<p data-start=\"1429\" data-end=\"1467\"><strong data-start=\"1429\" data-end=\"1443\">Levetid:<\/strong> Mer enn 100 000 sykluser<\/p>\n<\/li>\n<li data-start=\"1468\" data-end=\"1508\">\n<p data-start=\"1470\" data-end=\"1508\"><strong data-start=\"1470\" data-end=\"1491\">Arbeidstemperatur:<\/strong> -40 til +85 \u00b0C<\/p>\n<\/li>\n<li data-start=\"1509\" data-end=\"1539\">\n<p data-start=\"1511\" data-end=\"1539\"><strong data-start=\"1511\" data-end=\"1523\">St\u00f8rrelse:<\/strong> 88 \u00d7 38 \u00d7 19 mm<\/p>\n<\/li>\n<\/ul>\n<h3 data-start=\"1546\" data-end=\"1575\"><strong data-start=\"1550\" data-end=\"1575\">Valg av tidsintervall:<\/strong><\/h3>\n<p data-start=\"1577\" data-end=\"1608\">P\u00e5 OP\/CL-innstillingsskjermen:<\/p>\n<ul data-start=\"1609\" data-end=\"1733\">\n<li data-start=\"1609\" data-end=\"1637\">\n<p data-start=\"1611\" data-end=\"1637\"><code data-start=\"1611\" data-end=\"1617\">XXXX<\/code> = 1\u20139999 sekunder<\/p>\n<\/li>\n<li data-start=\"1638\" data-end=\"1670\">\n<p data-start=\"1640\" data-end=\"1670\"><code data-start=\"1640\" data-end=\"1647\">XXX.X<\/code> = 0,1\u2013999,9 sekunder<\/p>\n<\/li>\n<li data-start=\"1671\" data-end=\"1704\">\n<p data-start=\"1673\" data-end=\"1704\"><code data-start=\"1673\" data-end=\"1680\">XX.XX<\/code> = 0,01\u201399,99 sekunder<\/p>\n<\/li>\n<li data-start=\"1705\" data-end=\"1733\">\n<p data-start=\"1707\" data-end=\"1733\"><code data-start=\"1707\" data-end=\"1716\">XXXX<\/code> = 1\u20139999 minutter<\/p>\n<\/li>\n<\/ul>\n<h3 data-start=\"1740\" data-end=\"1769\"><strong data-start=\"1744\" data-end=\"1769\">Parameterinnstilling:<\/strong><\/h3>\n<ul data-start=\"1771\" data-end=\"1889\">\n<li data-start=\"1771\" data-end=\"1797\">\n<p data-start=\"1773\" data-end=\"1797\"><strong data-start=\"1773\" data-end=\"1780\">OP:<\/strong> Oppstartstid<\/p>\n<\/li>\n<li data-start=\"1798\" data-end=\"1824\">\n<p data-start=\"1800\" data-end=\"1824\"><strong data-start=\"1800\" data-end=\"1807\">CL:<\/strong> Avstengningstid<\/p>\n<\/li>\n<li data-start=\"1825\" data-end=\"1889\">\n<p data-start=\"1827\" data-end=\"1889\"><strong data-start=\"1827\" data-end=\"1835\">L\u00d8P:<\/strong> Antall sykluser (1\u20139999 eller \u00ab\u2014-\u00bb for uendelig l\u00f8kke)<\/p>\n<\/li>\n<\/ul>\n<p data-start=\"1891\" data-end=\"1905\">For \u00e5 endre:<\/p>\n<ol data-start=\"1906\" data-end=\"2236\">\n<li data-start=\"1906\" data-end=\"1956\">\n<p data-start=\"1909\" data-end=\"1956\">Hold inne <strong data-start=\"1917\" data-end=\"1924\">SETT<\/strong> \u00e5 angi innstillinger<\/p>\n<\/li>\n<li data-start=\"1957\" data-end=\"1989\">\n<p data-start=\"1960\" data-end=\"1989\">Velg arbeidsmodus med OPP\/NED<\/p>\n<\/li>\n<li data-start=\"1990\" data-end=\"2057\">\n<p data-start=\"1993\" data-end=\"2057\">Bekreft med SET for \u00e5 g\u00e5 videre til parameterinnstillingene<\/p>\n<\/li>\n<li data-start=\"2058\" data-end=\"2121\">\n<p data-start=\"2061\" data-end=\"2121\">Juster hver parameter med kort\/langt trykk p\u00e5 OPP\/NED<\/p>\n<\/li>\n<li data-start=\"2122\" data-end=\"2186\">\n<p data-start=\"2125\" data-end=\"2186\">Pressen <strong data-start=\"2134\" data-end=\"2142\">STOPPE<\/strong> for \u00e5 veksle mellom sekunder og minutter<\/p>\n<\/li>\n<li data-start=\"2187\" data-end=\"2236\">\n<p data-start=\"2190\" data-end=\"2236\">Trykk og hold <strong data-start=\"2205\" data-end=\"2212\">SETT<\/strong> \u00e5 spare og dra<\/p>\n<\/li>\n<\/ol>\n<h3 data-start=\"2243\" data-end=\"2263\"><strong data-start=\"2247\" data-end=\"2263\">Arbeidsmoduser:<\/strong><\/h3>\n<ul data-start=\"2265\" data-end=\"2716\">\n<li data-start=\"2265\" data-end=\"2308\">\n<p data-start=\"2267\" data-end=\"2308\"><strong data-start=\"2267\" data-end=\"2274\">P1:<\/strong> Utl\u00f8sere \u2192 rel\u00e9 p\u00e5 (OP-tid) \u2192 av<\/p>\n<\/li>\n<li data-start=\"2309\" data-end=\"2374\">\n<p data-start=\"2311\" data-end=\"2374\"><strong data-start=\"2311\" data-end=\"2318\">P2:<\/strong> Utl\u00f8sere \u2192 rel\u00e9 p\u00e5 (OP) \u2192 utl\u00f8sere under OP \u2192 omberegning<\/p>\n<\/li>\n<li data-start=\"2375\" data-end=\"2430\">\n<p data-start=\"2377\" data-end=\"2430\"><strong data-start=\"2377\" data-end=\"2384\">P3:<\/strong> Utl\u00f8sere \u2192 rel\u00e9 p\u00e5 (OP) \u2192 ny utl\u00f8ser \u2192 tilbakestill<\/p>\n<\/li>\n<li data-start=\"2431\" data-end=\"2488\">\n<p data-start=\"2433\" data-end=\"2488\"><strong data-start=\"2433\" data-end=\"2440\">P4:<\/strong> Utl\u00f8sere \u2192 venter p\u00e5 OP \u2192 rel\u00e9 p\u00e5 \u2192 OP klar \u2192 av<\/p>\n<\/li>\n<li data-start=\"2489\" data-end=\"2561\">\n<p data-start=\"2491\" data-end=\"2561\"><strong data-start=\"2491\" data-end=\"2498\">P5:<\/strong> Utl\u00f8sere \u2192 OP p\u00e5 \u2192 CL av \u2192 syklusstart (nummerdefinerbart)<\/p>\n<\/li>\n<li data-start=\"2562\" data-end=\"2613\">\n<p data-start=\"2564\" data-end=\"2613\"><strong data-start=\"2564\" data-end=\"2571\">P6:<\/strong> Automatisk syklus uten utl\u00f8ser (OP + CL)<\/p>\n<\/li>\n<li data-start=\"2614\" data-end=\"2716\">\n<p data-start=\"2616\" data-end=\"2716\"><strong data-start=\"2616\" data-end=\"2623\">P7:<\/strong> Rel\u00e9et holdes aktivt s\u00e5 lenge signalet er tilstede. Ved avbrudd starter OP-timeren og rel\u00e9et sl\u00e5s av.<\/p>\n<\/li>\n<\/ul>\n<h3 data-start=\"2723\" data-end=\"2754\"><strong data-start=\"2727\" data-end=\"2754\">Ytterligere funksjoner:<\/strong><\/h3>\n<ul data-start=\"2756\" data-end=\"3075\">\n<li data-start=\"2756\" data-end=\"2850\">\n<p data-start=\"2758\" data-end=\"2850\"><strong data-start=\"2758\" data-end=\"2783\">Automatisk hvilemodus:<\/strong> Sl\u00e5r av LCD-bakgrunnen etter 5 minutter (kan aktiveres\/deaktiveres)<\/p>\n<\/li>\n<li data-start=\"2851\" data-end=\"2920\">\n<p data-start=\"2853\" data-end=\"2920\"><strong data-start=\"2853\" data-end=\"2877\">Rel\u00e9funksjon P\u00c5\/AV:<\/strong> STOPP-brytere hvis rel\u00e9et skal reagere p\u00e5 tilstander<\/p>\n<\/li>\n<li data-start=\"2921\" data-end=\"2989\">\n<p data-start=\"2923\" data-end=\"2989\"><strong data-start=\"2923\" data-end=\"2947\">Parametergjennomgang:<\/strong> Kort trykk p\u00e5 SET viser gjeldende verdier<\/p>\n<\/li>\n<li data-start=\"2990\" data-end=\"3075\">\n<p data-start=\"2992\" data-end=\"3075\"><strong data-start=\"2992\" data-end=\"3012\">Skjermbytte:<\/strong> I modus P5\/P6 kan displayet veksle mellom tid og antall sykluser<\/p>\n<\/li>\n<\/ul>\n<p data-start=\"1765\" data-end=\"1813\">","protected":false},"excerpt":{"rendered":"<p>Tidsrel\u00e9modul med LCD-skjerm, justerbar forsinkelse (0,01 s \u2013 9999 min) og st\u00f8tte for flere triggermoduser.<\/p>\n<p>Perfekt egnet for automatisering, syklisk kontroll og presis tidsstyring.<\/p>","protected":false},"featured_media":158313,"template":"","meta":{"_acf_changed":false},"product_brand":[],"product_cat":[1548,4154],"product_tag":[],"class_list":{"0":"post-158316","1":"product","2":"type-product","3":"status-publish","4":"has-post-thumbnail","6":"product_cat-relaer-elektronik","7":"product_cat-tidrela","8":"product_shipping_class-postnord-varubrev","9":"pa_brands-stonehouse-security","10":"tm-no-options","12":"first","13":"instock","14":"sale","15":"taxable","16":"shipping-taxable","17":"purchasable","18":"product-type-simple"},"acf":[],"_links":{"self":[{"href":"https:\/\/secureus.se\/no\/wp-json\/wp\/v2\/product\/158316","targetHints":{"allow":["GET"]}}],"collection":[{"href":"https:\/\/secureus.se\/no\/wp-json\/wp\/v2\/product"}],"about":[{"href":"https:\/\/secureus.se\/no\/wp-json\/wp\/v2\/types\/product"}],"wp:featuredmedia":[{"embeddable":true,"href":"https:\/\/secureus.se\/no\/wp-json\/wp\/v2\/media\/158313"}],"wp:attachment":[{"href":"https:\/\/secureus.se\/no\/wp-json\/wp\/v2\/media?parent=158316"}],"wp:term":[{"taxonomy":"product_brand","embeddable":true,"href":"https:\/\/secureus.se\/no\/wp-json\/wp\/v2\/product_brand?post=158316"},{"taxonomy":"product_cat","embeddable":true,"href":"https:\/\/secureus.se\/no\/wp-json\/wp\/v2\/product_cat?post=158316"},{"taxonomy":"product_tag","embeddable":true,"href":"https:\/\/secureus.se\/no\/wp-json\/wp\/v2\/product_tag?post=158316"}],"curies":[{"name":"wp","href":"https:\/\/api.w.org\/{rel}","templated":true}]}}