{"id":159365,"date":"2025-10-21T14:54:51","date_gmt":"2025-10-21T12:54:51","guid":{"rendered":"https:\/\/secureus.se\/ajax-domecam-mini-8mp-2-8mm-lins-svart\/"},"modified":"2026-03-30T12:32:59","modified_gmt":"2026-03-30T10:32:59","slug":"ajax-domecam-mini-8mp-2-8mm-lins-svart","status":"publish","type":"product","link":"https:\/\/secureus.se\/no\/ajax-domecam-mini-8mp-2-8mm-lins-svart\/","title":{"rendered":"Ajax DomeCam Mini 8MP \u2013 2,8 mm linse svart"},"content":{"rendered":"<h3><strong>Ajax DomeCam Mini 8MP<\/strong> er et kraftig, h\u00f8yoppl\u00f8selig sikkerhetskamera som kombinerer avansert teknologi og design for \u00e5 gi p\u00e5litelig overv\u00e5king for b\u00e5de innend\u00f8rs og utend\u00f8rs bruk.<\/h3>\n<p>Utstyrt med et 8 MP UHD-kamera og et 2,8 mm-objektiv, er dette kameraet perfekt for \u00e5 overv\u00e5ke innganger, g\u00e5rdsplasser og \u00e5pne omr\u00e5der, slik at du aldri g\u00e5r glipp av en viktig begivenhet.<\/p>\n<p>En av de mest fremtredende egenskapene til Ajax DomeCam Mini er den AI-baserte objektgjenkjenningen.<\/p>\n<p>Kameraet bruker kunstig intelligens for \u00e5 gjenkjenne mennesker, kj\u00f8ret\u00f8y og kj\u00e6ledyr, noe som reduserer antallet falske alarmer.<\/p>\n<p>Dette gj\u00f8r den spesielt effektiv i milj\u00f8er hvor det kan v\u00e6re mye bevegelse, for eksempel i g\u00e5rdsplasser, i hager eller ved innganger.<\/p>\n<p>Ved \u00e5 filtrere ut irrelevant bevegelse kan kameraet sende en melding n\u00e5r en reell sikkerhetstrussel oppst\u00e5r, \u00f8ke sikkerheten og redusere overfl\u00f8dige alarmer.<\/p>\n<p>Kameraets imponerende 8MP-oppl\u00f8sning (3840 x 2160) og st\u00f8tte for opptil 20 bilder per sekund gir krystallklare bilder og en detaljert oversikt over det overv\u00e5kede omr\u00e5det.<\/p>\n<p>Sammen med den brede 110\u00b0 visningsvinkelen og 2,8 mm objektivet gir kameraet stor dekning av omr\u00e5det ditt og gj\u00f8r det ideelt for \u00e5 fange detaljer selv i store \u00e5pne omr\u00e5der.<\/p>\n<p>Enten det er \u00e5 overv\u00e5ke en inngang, en parkeringsplass eller en stor hage, kan du forvente et h\u00f8yoppl\u00f8selig bilde med detaljer som lar deg identifisere personer, kj\u00f8ret\u00f8y eller andre gjenstander.<\/p>\n<p>For \u00e5 sikre at kameraet yter optimalt under alle lysforhold, har Ajax DomeCam Mini blitt utstyrt med True WDR- og HDR-teknologi, som gj\u00f8r at det kan h\u00e5ndtere utfordrende lysforhold som sterkt sollys eller dype skygger.<\/p>\n<p>Med denne funksjonen f\u00e5r du alltid et balansert og klart bilde, selv under ekstreme lysforhold.<\/p>\n<p>For \u00e5 forbedre bildekvaliteten ytterligere i d\u00e5rlig lys har kameraet en smart IR-belysning. IR-belysningen n\u00e5r opptil 15 meter og justerer automatisk lysstyrken avhengig av omgivelsene, forhindrer overeksponering og sikrer at bildene alltid er klare, selv i m\u00f8rket.<\/p>\n<p>Ajax DomeCam Mini st\u00f8tter ogs\u00e5 Power over Ethernet (PoE), noe som gj\u00f8r installasjonen enkel og smidig. Ved \u00e5 bruke PoE kan du b\u00e5de str\u00f8mme og koble kameraet til nettverket ditt med en enkelt kabel.<\/p>\n<p>Dette gj\u00f8r kameraet b\u00e5de kostnadseffektivt og praktisk \u00e5 installere i b\u00e5de boliger og n\u00e6ringseiendommer. Alternativt kan kameraet kobles til en 12V DC str\u00f8mforsyning.<\/p>\n<p>Kameraet er IP65-klassifisert, noe som gj\u00f8r det v\u00e6rbestandig og perfekt for b\u00e5de innend\u00f8rs og utend\u00f8rs bruk. Enten den er utsatt for regn, sn\u00f8 eller solskinn, fungerer Ajax DomeCam Mini uten problemer og gir deg p\u00e5litelig overv\u00e5king hele \u00e5ret.<\/p>\n<p>Den robuste metallkonstruksjonen gj\u00f8r den ogs\u00e5 vandalbestandig og beskytter den mot fysiske angrep, noe som gj\u00f8r den ideell for bruk i s\u00e5rbare milj\u00f8er.<\/p>\n<p>En annen viktig funksjon ved Ajax DomeCam Mini er dens innebygde mikrofon. Denne funksjonen gj\u00f8r det mulig \u00e5 ta opp lyd sammen med videomateriale, noe som gir en ekstra dimensjon til overv\u00e5kingen og bidrar til \u00e5 skape et mer helhetlig bilde av hva som skjer i omr\u00e5det.<\/p>\n<p>For lagring st\u00f8tter kameraet microSD-kort p\u00e5 opptil 256 GB, noe som gir lokal lagringsplass for videoopptak.<\/p>\n<p>Alternativt kan kameraet kobles til en NVR (Network Video Recorder) for sentralisert lagring, og st\u00f8tte for harddisker p\u00e5 opptil 16 TB gj\u00f8r at store mengder video kan lagres for st\u00f8rre overv\u00e5kingssystemer.<\/p>\n<p>For \u00e5 sikre h\u00f8yest mulig sikkerhet og personvern er Ajax DomeCam Mini utstyrt med mTLS-kryptering for videostr\u00f8mmer og data. Dette beskytter all kommunikasjon mot uautorisert tilgang og sikrer at all informasjon er sikker.<\/p>\n<p>Kameraet er ogs\u00e5 kompatibelt med Ajax Go-appen, som gir enkel fjerntilgang og kontroll over kameraets funksjoner.<\/p>\n<p>Med appen kan du se live videostr\u00f8mmer, ta skjermbilder, spille av tidligere innspilte opptak og justere kamerainnstillinger \u2013 alt fra smarttelefonen eller datamaskinen.<\/p>\n<p>Avslutningsvis tilbyr Ajax DomeCam Mini 8MP en p\u00e5litelig, h\u00f8yoppl\u00f8selig og v\u00e6rbestandig l\u00f8sning for b\u00e5de innend\u00f8rs og utend\u00f8rs overv\u00e5king.<\/p>\n<p>Med funksjoner som AI-basert objektgjenkjenning, smart IR-belysning, PoE-st\u00f8tte og video av h\u00f8y kvalitet, er den perfekt for \u00e5 sikre sikkerheten til b\u00e5de private og kommersielle eiendommer.<\/p>","protected":false},"excerpt":{"rendered":"<p>Ajax DomeCam Mini 8MP er et kraftig og kompakt sikkerhetskamera som gir p\u00e5litelig overv\u00e5king b\u00e5de innend\u00f8rs og utend\u00f8rs.<\/p>\n<p>Utstyrt med AI-basert objektgjenkjenning og en bred 110\u00b0 visningsvinkel, gir kameraet krystallklare 4K-bilder selv i lite lys.<\/p>\n<p>Den er v\u00e6rbestandig med IP65-klassifisering og har smart IR-belysning for optimal nattv\u00e5kenhet.<\/p>\n<p>Perfekt for hjem, bedrifter og offentlige steder.<\/p>","protected":false},"featured_media":159364,"template":"","meta":{"_acf_changed":false},"product_brand":[],"product_cat":[4011],"product_tag":[4863],"class_list":{"0":"post-159365","1":"product","2":"type-product","3":"status-publish","4":"has-post-thumbnail","6":"product_cat-ajax-kameror","7":"product_tag-pf","8":"pa_brands-ajax-systems","9":"pa_farg-svart","10":"tm-no-options","12":"first","13":"instock","14":"sale","15":"taxable","16":"shipping-taxable","17":"purchasable","18":"product-type-simple"},"acf":[],"_links":{"self":[{"href":"https:\/\/secureus.se\/no\/wp-json\/wp\/v2\/product\/159365","targetHints":{"allow":["GET"]}}],"collection":[{"href":"https:\/\/secureus.se\/no\/wp-json\/wp\/v2\/product"}],"about":[{"href":"https:\/\/secureus.se\/no\/wp-json\/wp\/v2\/types\/product"}],"wp:featuredmedia":[{"embeddable":true,"href":"https:\/\/secureus.se\/no\/wp-json\/wp\/v2\/media\/159364"}],"wp:attachment":[{"href":"https:\/\/secureus.se\/no\/wp-json\/wp\/v2\/media?parent=159365"}],"wp:term":[{"taxonomy":"product_brand","embeddable":true,"href":"https:\/\/secureus.se\/no\/wp-json\/wp\/v2\/product_brand?post=159365"},{"taxonomy":"product_cat","embeddable":true,"href":"https:\/\/secureus.se\/no\/wp-json\/wp\/v2\/product_cat?post=159365"},{"taxonomy":"product_tag","embeddable":true,"href":"https:\/\/secureus.se\/no\/wp-json\/wp\/v2\/product_tag?post=159365"}],"curies":[{"name":"wp","href":"https:\/\/api.w.org\/{rel}","templated":true}]}}