{"id":159720,"date":"2025-11-03T11:31:00","date_gmt":"2025-11-03T10:31:00","guid":{"rendered":"https:\/\/secureus.se\/?post_type=product&#038;p=159720"},"modified":"2026-04-08T15:05:23","modified_gmt":"2026-04-08T13:05:23","slug":"slutbleck-easy-fix-22mm-massing","status":"publish","type":"product","link":"https:\/\/secureus.se\/no\/slutbleck-easy-fix-22mm-massing\/","title":{"rendered":"Endeplate Easy-Fix 2,2 mm messing"},"content":{"rendered":"<p>AGB Easy-Fix XT er et sluttstykke designet for \u00e5 gj\u00f8re det enkelt for d\u00f8rprodusenter og installat\u00f8rer. Sluttstykket er en enkel frontplate som kompletteres av et deksel som enkelt klikkes p\u00e5. Dekselet er ikke inkludert, se under \u00abKombiner med\u00bb. Passer til l\u00e5shusene Polaris 2XT og Revolution XT.<\/p>\n<p><b>Kjennetegn:<\/b><\/p>\n<ul>\n<li>Lett \u00e5 frese inn etterp\u00e5<\/li>\n<li>Klikkbar frakk<\/li>\n<li>Bredde: 22 mm<\/li>\n<li>Lengde: 82 mm<\/li>\n<li>Tykkelse: 2,2 mm<\/li>\n<li>Tungest\u00f8rrelse: 3 eller 5 mm uten deksel<\/li>\n<\/ul>","protected":false},"excerpt":{"rendered":"<p>AGB Easy-Fix XT \u00e4r ett slutbleck designats f\u00f6r att g\u00f6ra det enkelt f\u00f6r d\u00f6rrtillverkare och m\u00f6nt\u00f6rer. Slutblecket \u00e4r en enkel front pl\u00e5t som kompletteras med en kappa som enkelt klickas<\/p>","protected":false},"featured_media":159718,"template":"","meta":{"_acf_changed":false},"product_brand":[],"product_cat":[4891],"product_tag":[],"class_list":{"0":"post-159720","1":"product","2":"type-product","3":"status-publish","4":"has-post-thumbnail","6":"product_cat-slutbleck-och-tillbehor","7":"pa_brands-agb","8":"tm-no-options","10":"first","11":"instock","12":"taxable","13":"shipping-taxable","14":"purchasable","15":"product-type-simple"},"acf":[],"_links":{"self":[{"href":"https:\/\/secureus.se\/no\/wp-json\/wp\/v2\/product\/159720","targetHints":{"allow":["GET"]}}],"collection":[{"href":"https:\/\/secureus.se\/no\/wp-json\/wp\/v2\/product"}],"about":[{"href":"https:\/\/secureus.se\/no\/wp-json\/wp\/v2\/types\/product"}],"wp:featuredmedia":[{"embeddable":true,"href":"https:\/\/secureus.se\/no\/wp-json\/wp\/v2\/media\/159718"}],"wp:attachment":[{"href":"https:\/\/secureus.se\/no\/wp-json\/wp\/v2\/media?parent=159720"}],"wp:term":[{"taxonomy":"product_brand","embeddable":true,"href":"https:\/\/secureus.se\/no\/wp-json\/wp\/v2\/product_brand?post=159720"},{"taxonomy":"product_cat","embeddable":true,"href":"https:\/\/secureus.se\/no\/wp-json\/wp\/v2\/product_cat?post=159720"},{"taxonomy":"product_tag","embeddable":true,"href":"https:\/\/secureus.se\/no\/wp-json\/wp\/v2\/product_tag?post=159720"}],"curies":[{"name":"wp","href":"https:\/\/api.w.org\/{rel}","templated":true}]}}