{"id":160027,"date":"2025-11-21T11:12:25","date_gmt":"2025-11-21T10:12:25","guid":{"rendered":"https:\/\/secureus.se\/?post_type=product&#038;p=160027"},"modified":"2026-04-09T11:22:21","modified_gmt":"2026-04-09T09:22:21","slug":"axis-t91b57-stolpmontering-for-overvakningskameror","status":"publish","type":"product","link":"https:\/\/secureus.se\/no\/axis-t91b57-stolpmontering-for-overvakningskameror\/","title":{"rendered":"AXIS T91B57 Stangfeste for overv\u00e5kingskameraer"},"content":{"rendered":"<h1>AXIS T91B57 Stangfeste for overv\u00e5kingskameraer<\/h1>\n<div class=\"dad65929\">\n<div class=\"_4f9bf79 d7dc56a8 _43c05b5\">\n<div class=\"ds-message _63c77b1\">\n<div class=\"ds-markdown\">\n<p class=\"ds-markdown-paragraph\">N\u00e5r du trenger \u00e5 montere overv\u00e5kingskameraer p\u00e5 stolper i utend\u00f8rsmilj\u00f8er, trenger du et feste som ikke bare holder kameraet p\u00e5 plass, men som ogs\u00e5 beskytter b\u00e5de kameraet og kablene mot ytre p\u00e5virkninger.<\/p>\n<p class=\"ds-markdown-paragraph\"><strong>AXIS T91B57 Stangmontering<\/strong>\u00a0er den profesjonelle l\u00f8sningen for dette, med et design som prioriterer b\u00e5de sikkerhet og holdbarhet.<\/p>\n<p class=\"ds-markdown-paragraph\"><strong>Maksimal beskyttelse mot h\u00e6rverk og v\u00e6r<\/strong><br \/>\nEn av de st\u00f8rste truslene mot utend\u00f8rskameraer er h\u00e6rverk.<\/p>\n<p class=\"ds-markdown-paragraph\">AXIS T91B57 er\u00a0<strong>IK10-klassifisert<\/strong>, som betyr at den t\u00e5ler direkte st\u00f8t tilsvarende 20 joule \u2013 omtrent det samme som \u00e5 bli truffet av en 5 kg tung slegge som slippes fra en h\u00f8yde p\u00e5 40 cm.<\/p>\n<p class=\"ds-markdown-paragraph\">Dette gir sv\u00e6rt h\u00f8y beskyttelse mot h\u00e6rverk og utilsiktede st\u00f8t. I tillegg er hele konstruksjonen konstruert for \u00e5 t\u00e5le t\u00f8ffe v\u00e6rforhold, noe som gj\u00f8r den ideell for langvarige utend\u00f8rsinstallasjoner.<\/p>\n<p class=\"ds-markdown-paragraph\"><strong>Insektssikker kabelh\u00e5ndtering for p\u00e5litelige tilkoblinger<\/strong><br \/>\nEt vanlig problem med utend\u00f8rsinstallasjoner er at insekter og sm\u00e5dyr kommer seg inn i ledninger, noe som kan f\u00f8re til skade p\u00e5 kabler og kostbare reparasjoner.<\/p>\n<p class=\"ds-markdown-paragraph\">AXIS T91B57 har en\u00a0<strong>lukket design med en spesiell kabelnippel<\/strong>\u00a0som effektivt hindrer insekter og st\u00f8v i \u00e5 komme inn. Dette sikrer at kablene forblir beskyttet og at kameraets tilkoblinger er stabile over tid.<\/p>\n<p class=\"ds-markdown-paragraph\"><strong>Allsidig og enkel \u00e5 installere<\/strong><br \/>\nFestets design gj\u00f8r den allsidig og enkel \u00e5 tilpasse.<\/p>\n<p class=\"ds-markdown-paragraph\">Det er det\u00a0<strong>justerbar for \u00e5 passe stenger med en diameter fra 100 mm opptil 410 mm<\/strong>, som dekker de vanligste stolpedimensjonene.<\/p>\n<p class=\"ds-markdown-paragraph\">Denne tilpasningsevnen gj\u00f8r den til et utmerket valg for alt fra smale lyktemaster til bredere trafikkmaster.<\/p>\n<p class=\"ds-markdown-paragraph\">AXIS T91B57 er spesielt utviklet for \u00e5 v\u00e6re <strong>kompatibel med veggfester i AXIS T91-serien og AXIS T98A-kabinetter<\/strong>, og skaper et sammenhengende og sikkert system for kamerautstyret ditt.<\/p>\n<p class=\"ds-markdown-paragraph\"><strong>Robust konstruksjon for lang levetid<\/strong><br \/>\nBraketten er laget av materialer av h\u00f8y kvalitet og er konstruert for \u00e5 v\u00e6re b\u00e5de sterk og korrosjonsbestandig.<\/p>\n<p class=\"ds-markdown-paragraph\">Det robuste designet sikrer at kameraet holder seg stabilt selv i vind og v\u00e6r, noe som er avgj\u00f8rende for \u00e5 opprettholde klar bildekvalitet.<\/p>\n<p class=\"ds-markdown-paragraph\"><strong>Sammendrag:<\/strong><br \/>\nAXIS T91B57 mastefeste er et p\u00e5litelig og sikkert valg for profesjonelle kamerainstallasjoner p\u00e5 master.<\/p>\n<p class=\"ds-markdown-paragraph\">Kombinasjonen av h\u00f8y vandalsikkerhet, insektsikker kabling og bred tilpasningsevne gj\u00f8r den til en effektiv beskyttelse for din utend\u00f8rs overv\u00e5kingsinvestering.<\/p>\n<p class=\"ds-markdown-paragraph\">Velg AXIS T91B57 for en fremtidssikker installasjon.<\/p>\n<\/div>\n<\/div>\n<\/div>\n<\/div>","protected":false},"excerpt":{"rendered":"<p>Dette allsidige stangfestet gir et sikkert feste for Axis-kameraene dine p\u00e5 stenger.<\/p>\n<p>Med IK10-klassifisert vandalbeskyttelse og en lukket design med insektsikker kabling, er den perfekt for utend\u00f8rs bruk.<\/p>\n<p>Festet er enkelt \u00e5 justere for stolper med diameter p\u00e5 100\u2013410 mm og er kompatibelt med AXIS T91 veggfester og T98A skap.<\/p>","protected":false},"featured_media":160025,"template":"","meta":{"_acf_changed":false},"product_brand":[],"product_cat":[4954],"product_tag":[],"class_list":{"0":"post-160027","1":"product","2":"type-product","3":"status-publish","4":"has-post-thumbnail","6":"product_cat-axis-stativ-fasten","7":"pa_brands-axis","8":"pa_farg-vit","9":"tm-no-options","11":"first","12":"instock","13":"sale","14":"taxable","15":"shipping-taxable","16":"purchasable","17":"product-type-simple"},"acf":[],"_links":{"self":[{"href":"https:\/\/secureus.se\/no\/wp-json\/wp\/v2\/product\/160027","targetHints":{"allow":["GET"]}}],"collection":[{"href":"https:\/\/secureus.se\/no\/wp-json\/wp\/v2\/product"}],"about":[{"href":"https:\/\/secureus.se\/no\/wp-json\/wp\/v2\/types\/product"}],"wp:featuredmedia":[{"embeddable":true,"href":"https:\/\/secureus.se\/no\/wp-json\/wp\/v2\/media\/160025"}],"wp:attachment":[{"href":"https:\/\/secureus.se\/no\/wp-json\/wp\/v2\/media?parent=160027"}],"wp:term":[{"taxonomy":"product_brand","embeddable":true,"href":"https:\/\/secureus.se\/no\/wp-json\/wp\/v2\/product_brand?post=160027"},{"taxonomy":"product_cat","embeddable":true,"href":"https:\/\/secureus.se\/no\/wp-json\/wp\/v2\/product_cat?post=160027"},{"taxonomy":"product_tag","embeddable":true,"href":"https:\/\/secureus.se\/no\/wp-json\/wp\/v2\/product_tag?post=160027"}],"curies":[{"name":"wp","href":"https:\/\/api.w.org\/{rel}","templated":true}]}}