{"id":160035,"date":"2025-11-21T11:12:26","date_gmt":"2025-11-21T10:12:26","guid":{"rendered":"https:\/\/secureus.se\/?post_type=product&#038;p=160035"},"modified":"2026-04-09T11:22:19","modified_gmt":"2026-04-09T09:22:19","slug":"axis-tq5001-e-vagg-stativfaste-for-axis-ptz-och-multisensorkameror","status":"publish","type":"product","link":"https:\/\/secureus.se\/no\/axis-tq5001-e-vagg-stativfaste-for-axis-ptz-och-multisensorkameror\/","title":{"rendered":"AXIS TQ5001-E vegg-\/stativfeste for Axis PTZ- og multisensorkameraer"},"content":{"rendered":"<h1>AXIS TQ5001-E vegg-\/stativfeste for Axis PTZ- og multisensorkameraer<\/h1>\n<div class=\"dad65929\">\n<div class=\"_4f9bf79 d7dc56a8 _43c05b5\">\n<div class=\"ds-message _63c77b1\">\n<div class=\"ds-markdown\">\n<p class=\"ds-markdown-paragraph\">AXIS TQ5001-E vegg- og stangmontering: Den ultimate l\u00f8sningen for fleksible og sikre kamerainstallasjoner<\/p>\n<p class=\"ds-markdown-paragraph\">AXIS TQ5001-E er et allsidig og robust stativ spesielt utviklet for Axis PTZ- og multisensorkameraer.<\/p>\n<p class=\"ds-markdown-paragraph\">Med sin unike evne til \u00e5 fungere b\u00e5de som veggfeste og stangfeste, gir den installat\u00f8rer enest\u00e5ende fleksibilitet n\u00e5r de planlegger og utf\u00f8rer kamerainstallasjoner.<\/p>\n<p class=\"ds-markdown-paragraph\">Robust konstruksjon for t\u00f8ffe milj\u00f8er<br \/>\nFestet er bygget for \u00e5 t\u00e5le de mest krevende forholdene. Med en IK10-klassifisering gir det eksepsjonell beskyttelse mot h\u00e6rverk og harde st\u00f8t.<\/p>\n<p class=\"ds-markdown-paragraph\">IP66-sertifiseringen sikrer at festet er fullstendig beskyttet mot st\u00f8v og kraftige vannstr\u00e5ler, noe som gj\u00f8r det egnet for b\u00e5de innend\u00f8rs og utend\u00f8rs installasjoner i alle typer klima.<\/p>\n<p class=\"ds-markdown-paragraph\">Det pulverlakkerte aluminiumschassiset er korrosjonsbestandig og slitesterkt, selv i kystn\u00e6re milj\u00f8er.<\/p>\n<p class=\"ds-markdown-paragraph\">Fleksible tilkoblingsmuligheter for effektiv installasjon<br \/>\nEn av de st\u00f8rste fordelene med AXIS TQ5001-E er de allsidige tilkoblingsmulighetene.<\/p>\n<p class=\"ds-markdown-paragraph\">Installat\u00f8rer kan velge mellom \u00e5 bruke den innebygde IP66-klassifiserte RJ45-kontakten eller en IDC-kontakt (Isolation Displacement Contact).<\/p>\n<p class=\"ds-markdown-paragraph\">Dette gir st\u00f8rre frihet ved kabling og tilpasning til ulike installasjonsscenarier.<\/p>\n<p class=\"ds-markdown-paragraph\">Den innebygde Ethernet-kabelen med IP66-kontakt forenkler installasjonen betraktelig og reduserer risikoen for feilmontering.<\/p>\n<p class=\"ds-markdown-paragraph\">Enkel konvertering mellom forskjellige monteringstyper<br \/>\nVed \u00e5 ganske enkelt vri p\u00e5 monteringsbraketten kan festet konverteres fra et veggfeste til et stangfeste.<\/p>\n<p class=\"ds-markdown-paragraph\">Stangmontering krever AXIS st\u00e5lstropper TX30 (selges separat). Festet kan ogs\u00e5 monteres i hj\u00f8rner ved hjelp av det valgfrie AXIS T91A64 hj\u00f8rnefestet.<\/p>\n<p class=\"ds-markdown-paragraph\">Denne allsidigheten gj\u00f8r den til et \u00f8konomisk og praktisk valg for installasjoner som kan trenge \u00e5 endres over tid.<\/p>\n<p class=\"ds-markdown-paragraph\">Teknisk oversikt<\/p>\n<ul>\n<li>\n<p class=\"ds-markdown-paragraph\">Maksimal belastning: 40 kg (88,2 lb)<\/p>\n<\/li>\n<li>\n<p class=\"ds-markdown-paragraph\">Vekt: 1960 g (4,3 pund)<\/p>\n<\/li>\n<li>\n<p class=\"ds-markdown-paragraph\">Materiale: Pulverlakkert aluminium<\/p>\n<\/li>\n<li>\n<p class=\"ds-markdown-paragraph\">Farge: Hvit (NCS S 1002-B)<\/p>\n<\/li>\n<li>\n<p class=\"ds-markdown-paragraph\">Tilkoblinger: IP66 RJ45 (utgang), RJ45 (inngang), IDC<\/p>\n<\/li>\n<li>\n<p class=\"ds-markdown-paragraph\">Arbeidsforhold: -50 \u00b0C til 65 \u00b0C<\/p>\n<\/li>\n<li>\n<p class=\"ds-markdown-paragraph\">Kompatibilitet: AXIS P55-serien, P56-serien, Q37-serien, Q60-serien, Q61-serien<\/p>\n<\/li>\n<li>\n<p class=\"ds-markdown-paragraph\">Garanti: 5 \u00e5r<\/p>\n<\/li>\n<\/ul>\n<p class=\"ds-markdown-paragraph\">Innholdet i pakken<br \/>\nBraketten leveres komplett med veggbrakett, installasjonsveiledning, kabelstrips og RJ45 monteringsverkt\u00f8y.<\/p>\n<p class=\"ds-markdown-paragraph\">Dette betyr at installat\u00f8rer har alt de trenger for \u00e5 komme i gang med en gang.<\/p>\n<p class=\"ds-markdown-paragraph\">Sammendrag:<br \/>\nAXIS TQ5001-E vegg- og stangfeste er et profesjonelt valg for sikre og fleksible kamerainstallasjoner.<\/p>\n<p class=\"ds-markdown-paragraph\">Den robuste konstruksjonen, allsidige tilkoblingsmulighetene og den enkle konverteringen mellom ulike monteringstyper gj\u00f8r den til et fremtidssikkert valg for b\u00e5de n\u00e5v\u00e6rende og fremtidige installasjonsbehov.<\/p>\n<p class=\"ds-markdown-paragraph\">Med 5 \u00e5rs garanti kan du stole p\u00e5 at investeringen din er beskyttet p\u00e5 lang sikt.<\/p>\n<\/div>\n<\/div>\n<\/div>\n<\/div>","protected":false},"excerpt":{"rendered":"<p class=\"ds-markdown-paragraph\">AXIS TQ5001-E vegg- og stangfeste: Allsidig og robust feste for profesjonelle kamerainstallasjoner<\/p>\n<p class=\"ds-markdown-paragraph\">Dette fleksible festet fungerer b\u00e5de som veggfeste og stangfeste for Axis PTZ- og multisensorkameraer.<\/p>\n<p class=\"ds-markdown-paragraph\">Med IK10-klassifisert vandalbeskyttelse og IP66-sertifisering beskytter den kameraet i t\u00f8ffe milj\u00f8er.<\/p>\n<p class=\"ds-markdown-paragraph\">Braketten tilbyr to tilkoblingsalternativer \u2013 RJ45- eller IDC-kontakt \u2013 for optimal installasjonsfleksibilitet.<\/p>","protected":false},"featured_media":160031,"template":"","meta":{"_acf_changed":false},"product_brand":[],"product_cat":[4954],"product_tag":[],"class_list":{"0":"post-160035","1":"product","2":"type-product","3":"status-publish","4":"has-post-thumbnail","6":"product_cat-axis-stativ-fasten","7":"pa_brands-axis","8":"tm-no-options","10":"first","11":"instock","12":"sale","13":"taxable","14":"shipping-taxable","15":"purchasable","16":"product-type-simple"},"acf":[],"_links":{"self":[{"href":"https:\/\/secureus.se\/no\/wp-json\/wp\/v2\/product\/160035","targetHints":{"allow":["GET"]}}],"collection":[{"href":"https:\/\/secureus.se\/no\/wp-json\/wp\/v2\/product"}],"about":[{"href":"https:\/\/secureus.se\/no\/wp-json\/wp\/v2\/types\/product"}],"wp:featuredmedia":[{"embeddable":true,"href":"https:\/\/secureus.se\/no\/wp-json\/wp\/v2\/media\/160031"}],"wp:attachment":[{"href":"https:\/\/secureus.se\/no\/wp-json\/wp\/v2\/media?parent=160035"}],"wp:term":[{"taxonomy":"product_brand","embeddable":true,"href":"https:\/\/secureus.se\/no\/wp-json\/wp\/v2\/product_brand?post=160035"},{"taxonomy":"product_cat","embeddable":true,"href":"https:\/\/secureus.se\/no\/wp-json\/wp\/v2\/product_cat?post=160035"},{"taxonomy":"product_tag","embeddable":true,"href":"https:\/\/secureus.se\/no\/wp-json\/wp\/v2\/product_tag?post=160035"}],"curies":[{"name":"wp","href":"https:\/\/api.w.org\/{rel}","templated":true}]}}