{"id":160043,"date":"2025-11-21T11:12:26","date_gmt":"2025-11-21T10:12:26","guid":{"rendered":"https:\/\/secureus.se\/?post_type=product&#038;p=160043"},"modified":"2026-04-01T12:14:50","modified_gmt":"2026-04-01T10:14:50","slug":"axis-f8205-bullet-tillbehor-for-f1005-e-kameror","status":"publish","type":"product","link":"https:\/\/secureus.se\/no\/axis-f8205-bullet-tillbehor-for-f1005-e-kameror\/","title":{"rendered":"AXIS F8205 Bullet-tilbeh\u00f8r for F1005-E-kameraer"},"content":{"rendered":"<h1>AXIS F8205 Bullet-tilbeh\u00f8r for F1005-E-kameraer<\/h1>\n<p class=\"ds-markdown-paragraph\">AXIS F8205 Bullet Accessory er et tilbeh\u00f8r som konverterer kompatible Axis-sensorenheter, som AXIS F1005-E Sensor Unit, samt komplette modul\u00e6re kameraer til et bullet-kamera.<\/p>\n<p class=\"ds-markdown-paragraph\">Dette gir et robust og diskret design som passer for b\u00e5de innend\u00f8rs og utend\u00f8rs bruk.<\/p>\n<h4>Hovedtrekk:<\/h4>\n<ul>\n<li>\n<p class=\"ds-markdown-paragraph\">Konverterer til punktformat: Gir et ensartet og profesjonelt utseende.<\/p>\n<\/li>\n<li>\n<p class=\"ds-markdown-paragraph\">Kompatibilitet: Tilpasset for AXIS F1005-E sensorenhet og andre modul\u00e6re kameraer.<\/p>\n<\/li>\n<li>\n<p class=\"ds-markdown-paragraph\">Monteringsutstyr inkludert: C-klemme og stativ inkludert for fleksibel installasjon.<\/p>\n<\/li>\n<li>\n<p class=\"ds-markdown-paragraph\">Enkel montering: Utviklet for rask og enkel installasjon uten ekstra verkt\u00f8y.<\/p>\n<\/li>\n<li>\n<h4><strong>Bruksomr\u00e5der:<\/strong><\/h4>\n<ul>\n<li>\n<p class=\"ds-markdown-paragraph\">Ideelt for butikker, kontorer, inngangspartier og andre steder der det er \u00f8nskelig med et diskr\u00e9, men robust kamerafeste.<\/p>\n<\/li>\n<li>\n<p class=\"ds-markdown-paragraph\">Gj\u00f8r det enkelt \u00e5 integrere modul\u00e6re kameraer i eksisterende overv\u00e5kingssystemer med kuledesign.<\/p>\n<\/li>\n<\/ul>\n<\/li>\n<\/ul>\n<div class=\"sc-bczRLJ fySwpa\">\n<div class=\"sc-bczRLJ kEeNDb\"><\/div>\n<\/div>","protected":false},"excerpt":{"rendered":"<p>AXIS F8205 er et kuleformet tilbeh\u00f8r designet for bruk med Axis-kameraer, sannsynligvis inkludert F1005-E-modeller.<\/p>\n<p>Dette gj\u00f8r det enklere \u00e5 montere og plassere kameraet i utend\u00f8rsmilj\u00f8er eller andre krevende installasjoner.<\/p>","protected":false},"featured_media":160042,"template":"","meta":{"_acf_changed":false},"product_brand":[],"product_cat":[4954],"product_tag":[],"class_list":{"0":"post-160043","1":"product","2":"type-product","3":"status-publish","4":"has-post-thumbnail","6":"product_cat-axis-stativ-fasten","7":"pa_brands-axis","8":"pa_farg-vit","9":"tm-no-options","11":"first","12":"instock","13":"sale","14":"taxable","15":"shipping-taxable","16":"purchasable","17":"product-type-simple"},"acf":[],"_links":{"self":[{"href":"https:\/\/secureus.se\/no\/wp-json\/wp\/v2\/product\/160043","targetHints":{"allow":["GET"]}}],"collection":[{"href":"https:\/\/secureus.se\/no\/wp-json\/wp\/v2\/product"}],"about":[{"href":"https:\/\/secureus.se\/no\/wp-json\/wp\/v2\/types\/product"}],"wp:featuredmedia":[{"embeddable":true,"href":"https:\/\/secureus.se\/no\/wp-json\/wp\/v2\/media\/160042"}],"wp:attachment":[{"href":"https:\/\/secureus.se\/no\/wp-json\/wp\/v2\/media?parent=160043"}],"wp:term":[{"taxonomy":"product_brand","embeddable":true,"href":"https:\/\/secureus.se\/no\/wp-json\/wp\/v2\/product_brand?post=160043"},{"taxonomy":"product_cat","embeddable":true,"href":"https:\/\/secureus.se\/no\/wp-json\/wp\/v2\/product_cat?post=160043"},{"taxonomy":"product_tag","embeddable":true,"href":"https:\/\/secureus.se\/no\/wp-json\/wp\/v2\/product_tag?post=160043"}],"curies":[{"name":"wp","href":"https:\/\/api.w.org\/{rel}","templated":true}]}}