{"id":160046,"date":"2025-11-21T11:12:27","date_gmt":"2025-11-21T10:12:27","guid":{"rendered":"https:\/\/secureus.se\/?post_type=product&#038;p=160046"},"modified":"2026-04-23T13:11:27","modified_gmt":"2026-04-23T11:11:27","slug":"axis-t91r61-vaggfaste-for-lutning-av-d2050-ve-natverksradardetektorer","status":"publish","type":"product","link":"https:\/\/secureus.se\/no\/axis-t91r61-vaggfaste-for-lutning-av-d2050-ve-natverksradardetektorer\/","title":{"rendered":"AXIS T91R61 Veggfeste for vippebare D2050-VE nettverksradardetektorer"},"content":{"rendered":"<h1>AXIS T91R61 Veggfeste for vippebare D2050-VE nettverksradardetektorer<\/h1>\n<div class=\"dad65929\">\n<div class=\"_4f9bf79 d7dc56a8 _43c05b5\">\n<div class=\"ds-message _63c77b1\">\n<div class=\"ds-markdown\">\n<p class=\"ds-markdown-paragraph\">AXIS T91R61 er et veggfeste som muliggj\u00f8r fleksibel montering og vipping av Axis-nettverksradardetektorer, som for eksempel AXIS D2050-VE nettverksradardetektor. Den justerbare armen kan vippes opptil 90 grader for optimal vertikal deteksjonsvinkel og bedre dekning p\u00e5 n\u00e6rt hold.<\/p>\n<h4>Hovedtrekk:<\/h4>\n<ul>\n<li>\n<p class=\"ds-markdown-paragraph\">Vippevinkel opptil 90 grader<\/p>\n<\/li>\n<li>\n<p class=\"ds-markdown-paragraph\">Beskyttelse mot vann og st\u00f8v<\/p>\n<\/li>\n<li>\n<p class=\"ds-markdown-paragraph\">Enkel \u00e5 installere<\/p>\n<\/li>\n<li>\n<p class=\"ds-markdown-paragraph\">Robust og v\u00e6rbestandig konstruksjon<\/p>\n<\/li>\n<li>\n<p class=\"ds-markdown-paragraph\">Fleksibel kabling<\/p>\n<\/li>\n<\/ul>\n<h4>Teknisk informasjon:<\/h4>\n<ul>\n<li>\n<p class=\"ds-markdown-paragraph\">Kompatible produkter: AXIS D2050-VE nettverksradardetektor<\/p>\n<\/li>\n<li>\n<p class=\"ds-markdown-paragraph\">Materiale: Pulverlakkert aluminium i hvit farge (NCS 5 1002\u2013B)<\/p>\n<\/li>\n<li>\n<p class=\"ds-markdown-paragraph\">M\u00e5l: 147 x 80 x 120 mm<\/p>\n<\/li>\n<li>\n<p class=\"ds-markdown-paragraph\">Vekt: 0,9 kg<\/p>\n<\/li>\n<li>\n<p class=\"ds-markdown-paragraph\">Maksimal belastning: 5 kg<\/p>\n<\/li>\n<li>\n<p class=\"ds-markdown-paragraph\">Kabelf\u00f8ring: Kabelhull bak og p\u00e5 siden for 3\/4\u2033-kabler og M25-kabelbeskyttelse<\/p>\n<\/li>\n<li>\n<p class=\"ds-markdown-paragraph\">Milj\u00f8bestandighet: IK08 og NEMA 250 Type 4X-klassifisert<\/p>\n<\/li>\n<\/ul>\n<h4>Inkludert tilbeh\u00f8r:<\/h4>\n<ul>\n<li>\n<p class=\"ds-markdown-paragraph\">AXIS T94R01P r\u00f8rbakboks<\/p>\n<\/li>\n<li>\n<p class=\"ds-markdown-paragraph\">Installasjonsveiledning<\/p>\n<\/li>\n<\/ul>\n<h4>Valgfritt tilbeh\u00f8r:<\/h4>\n<ul>\n<li>\n<p class=\"ds-markdown-paragraph\">AXIS T91R47 Stangmontering (stangmontering)<\/p>\n<\/li>\n<li>\n<p class=\"ds-markdown-paragraph\">AXIS T94R01B Hj\u00f8rnebrakett (hj\u00f8rnebrakett)<\/p>\n<\/li>\n<\/ul>\n<h4>Produktinformasjon:<\/h4>\n<ul>\n<li>\n<p class=\"ds-markdown-paragraph\">Kategori: Kamerafester, Kabinetter og fester, Videooverv\u00e5king<\/p>\n<\/li>\n<li>\n<p class=\"ds-markdown-paragraph\">Navn: AXIS T91R61 Veggfeste for vipping av D2050-VE nettverksradardetektorer<\/p>\n<\/li>\n<li>\n<p class=\"ds-markdown-paragraph\">UPC-kode: 7331021064461<\/p>\n<\/li>\n<li>\n<p class=\"ds-markdown-paragraph\">EAN-kode: 7331021064461<\/p>\n<\/li>\n<li>\n<p class=\"ds-markdown-paragraph\">Garanti: 3 \u00e5rs garanti fra Axis<\/p>\n<\/li>\n<\/ul>\n<p class=\"ds-markdown-paragraph\">AXIS T91R61 er et p\u00e5litelig og tilpasningsdyktig stativ som er godt egnet for profesjonelle overv\u00e5kingsl\u00f8sninger der presis justering og holdbarhet er viktig.<\/p>\n<\/div>\n<\/div>\n<\/div>\n<\/div>","protected":false},"excerpt":{"rendered":"<p>Axis T91R61 veggfeste for D2050-VE radardetektor.<\/p>\n<p>Justerbar helning opptil 90\u00b0 for optimal deteksjon.<\/p>\n<p>V\u00e6rbestandig med IP-klassifisering og enkel installasjon.<\/p>\n<p>Inkluderer kabelbrakett og er egnet for b\u00e5de innend\u00f8rs og utend\u00f8rs bruk. 3 \u00e5rs garanti fra Axis.<\/p>","protected":false},"featured_media":160044,"template":"","meta":{"_acf_changed":false},"product_brand":[],"product_cat":[4954],"product_tag":[],"class_list":{"0":"post-160046","1":"product","2":"type-product","3":"status-publish","4":"has-post-thumbnail","6":"product_cat-axis-stativ-fasten","7":"pa_brands-axis","8":"pa_farg-vit","9":"tm-no-options","11":"first","12":"onbackorder","13":"sale","14":"taxable","15":"shipping-taxable","16":"purchasable","17":"product-type-simple"},"acf":[],"_links":{"self":[{"href":"https:\/\/secureus.se\/no\/wp-json\/wp\/v2\/product\/160046","targetHints":{"allow":["GET"]}}],"collection":[{"href":"https:\/\/secureus.se\/no\/wp-json\/wp\/v2\/product"}],"about":[{"href":"https:\/\/secureus.se\/no\/wp-json\/wp\/v2\/types\/product"}],"wp:featuredmedia":[{"embeddable":true,"href":"https:\/\/secureus.se\/no\/wp-json\/wp\/v2\/media\/160044"}],"wp:attachment":[{"href":"https:\/\/secureus.se\/no\/wp-json\/wp\/v2\/media?parent=160046"}],"wp:term":[{"taxonomy":"product_brand","embeddable":true,"href":"https:\/\/secureus.se\/no\/wp-json\/wp\/v2\/product_brand?post=160046"},{"taxonomy":"product_cat","embeddable":true,"href":"https:\/\/secureus.se\/no\/wp-json\/wp\/v2\/product_cat?post=160046"},{"taxonomy":"product_tag","embeddable":true,"href":"https:\/\/secureus.se\/no\/wp-json\/wp\/v2\/product_tag?post=160046"}],"curies":[{"name":"wp","href":"https:\/\/api.w.org\/{rel}","templated":true}]}}