{"id":160049,"date":"2025-11-21T11:12:27","date_gmt":"2025-11-21T10:12:27","guid":{"rendered":"https:\/\/secureus.se\/?post_type=product&#038;p=160049"},"modified":"2026-04-01T12:16:08","modified_gmt":"2026-04-01T10:16:08","slug":"axis-tp3103-e-pendelsats-for-m32-och-p32-kameror","status":"publish","type":"product","link":"https:\/\/secureus.se\/no\/axis-tp3103-e-pendelsats-for-m32-och-p32-kameror\/","title":{"rendered":"AXIS TP3103-E pendelsett for M32- og P32-kameraer"},"content":{"rendered":"<h1>AXIS TP3103-E pendelsett for M32- og P32-kameraer<\/h1>\n<div class=\"dad65929\">\n<div class=\"_4f9bf79 d7dc56a8 _43c05b5\">\n<div class=\"ds-message _63c77b1\">\n<div class=\"ds-markdown\">\n<p class=\"ds-markdown-paragraph\"><strong>Produktoversikt<\/strong><\/p>\n<p class=\"ds-markdown-paragraph\">Axis TP3103-E er et pendelsett designet for utvalgte M32- og P32-kameraer.<\/p>\n<p class=\"ds-markdown-paragraph\">Den er forberedt for utend\u00f8rs bruk og gir forbedret v\u00e6rbeskyttelse og muliggj\u00f8r bruk av forskjellige typer braketter for fleksibel montering.<\/p>\n<p class=\"ds-markdown-paragraph\"><strong>Hovedfunksjoner<\/strong><\/p>\n<ul>\n<li>\n<p class=\"ds-markdown-paragraph\">Utend\u00f8rsklassifisert med forbedret v\u00e6rbeskyttelse<\/p>\n<\/li>\n<li>\n<p class=\"ds-markdown-paragraph\">Kompatibel med forskjellige fester<\/p>\n<\/li>\n<li>\n<p class=\"ds-markdown-paragraph\">Enkel og sikker montering<\/p>\n<\/li>\n<li>\n<p class=\"ds-markdown-paragraph\">Robust konstruksjon for langvarig bruk<\/p>\n<\/li>\n<\/ul>\n<p class=\"ds-markdown-paragraph\"><strong>Teknisk informasjon<\/strong><\/p>\n<ul>\n<li>\n<p class=\"ds-markdown-paragraph\">Produktnavn: Axis TP3103-E anhengssett for M32- og P32-kameraer<\/p>\n<\/li>\n<li>\n<p class=\"ds-markdown-paragraph\">Kategori: Kamerafester for tak-\/veggfester, kabinetter og braketter<\/p>\n<\/li>\n<li>\n<p class=\"ds-markdown-paragraph\">UPC-kode: 7331021079281<\/p>\n<\/li>\n<li>\n<p class=\"ds-markdown-paragraph\">EAN-kode: 7331021079281<\/p>\n<\/li>\n<li>\n<p class=\"ds-markdown-paragraph\">Produksjonsland: Kina (med forbehold om endringer)<\/p>\n<\/li>\n<\/ul>\n<p class=\"ds-markdown-paragraph\"><strong>Kompatibilitet<\/strong><\/p>\n<ul>\n<li>\n<p class=\"ds-markdown-paragraph\">Utvalgte Axis M32-kameraer<\/p>\n<\/li>\n<li>\n<p class=\"ds-markdown-paragraph\">Utvalgte Axis P32-kameraer<\/p>\n<\/li>\n<\/ul>\n<p class=\"ds-markdown-paragraph\"><strong>Inkludert<\/strong><\/p>\n<ul>\n<li>\n<p class=\"ds-markdown-paragraph\">Pendelsett<\/p>\n<\/li>\n<li>\n<p class=\"ds-markdown-paragraph\">Monteringsveiledning<\/p>\n<\/li>\n<li>\n<p class=\"ds-markdown-paragraph\">Andre n\u00f8dvendige komponenter for installasjon<\/p>\n<\/li>\n<\/ul>\n<\/div>\n<\/div>\n<\/div>\n<\/div>","protected":false},"excerpt":{"rendered":"<p>Axis TP3103-E pendelsett tilbyr en p\u00e5litelig l\u00f8sning for utend\u00f8rs montering av Axis M32- og P32-kameraer med fokus p\u00e5 holdbarhet og tilpasningsevne.<\/p>","protected":false},"featured_media":160047,"template":"","meta":{"_acf_changed":false},"product_brand":[],"product_cat":[4954],"product_tag":[],"class_list":{"0":"post-160049","1":"product","2":"type-product","3":"status-publish","4":"has-post-thumbnail","6":"product_cat-axis-stativ-fasten","7":"pa_brands-axis","8":"pa_farg-vit","9":"tm-no-options","11":"first","12":"instock","13":"sale","14":"taxable","15":"shipping-taxable","16":"purchasable","17":"product-type-simple"},"acf":[],"_links":{"self":[{"href":"https:\/\/secureus.se\/no\/wp-json\/wp\/v2\/product\/160049","targetHints":{"allow":["GET"]}}],"collection":[{"href":"https:\/\/secureus.se\/no\/wp-json\/wp\/v2\/product"}],"about":[{"href":"https:\/\/secureus.se\/no\/wp-json\/wp\/v2\/types\/product"}],"wp:featuredmedia":[{"embeddable":true,"href":"https:\/\/secureus.se\/no\/wp-json\/wp\/v2\/media\/160047"}],"wp:attachment":[{"href":"https:\/\/secureus.se\/no\/wp-json\/wp\/v2\/media?parent=160049"}],"wp:term":[{"taxonomy":"product_brand","embeddable":true,"href":"https:\/\/secureus.se\/no\/wp-json\/wp\/v2\/product_brand?post=160049"},{"taxonomy":"product_cat","embeddable":true,"href":"https:\/\/secureus.se\/no\/wp-json\/wp\/v2\/product_cat?post=160049"},{"taxonomy":"product_tag","embeddable":true,"href":"https:\/\/secureus.se\/no\/wp-json\/wp\/v2\/product_tag?post=160049"}],"curies":[{"name":"wp","href":"https:\/\/api.w.org\/{rel}","templated":true}]}}