{"id":160061,"date":"2025-11-21T11:12:27","date_gmt":"2025-11-21T10:12:27","guid":{"rendered":"https:\/\/secureus.se\/?post_type=product&#038;p=160061"},"modified":"2026-04-01T12:15:27","modified_gmt":"2026-04-01T10:15:27","slug":"axis-t91b67-stolpmontering-for-fasta-dome-kameror-15-nps-ganga","status":"publish","type":"product","link":"https:\/\/secureus.se\/no\/axis-t91b67-stolpmontering-for-fasta-dome-kameror-15-nps-ganga\/","title":{"rendered":"AXIS T91B67 Stangfeste for faste domekameraer, 1,5 tommer, NPS-gjenger"},"content":{"rendered":"<h1>AXIS T91B67 Stangfeste for faste domekameraer, 1,5 tommer, NPS-gjenger<\/h1>\n<div class=\"dad65929\">\n<div class=\"_4f9bf79 d7dc56a8 _43c05b5\">\n<div class=\"ds-message _63c77b1\">\n<div class=\"ds-markdown\">\n<p class=\"ds-markdown-paragraph\"><strong>Produktoversikt<\/strong><\/p>\n<p class=\"ds-markdown-paragraph\">Axis T91B67 er et robust stangfeste spesielt utviklet for Axis faste kuppel- og panoramakameraer med 1,5-tommers NPS-gjengede pendelfester.<\/p>\n<p class=\"ds-markdown-paragraph\">Med sin IK10- og NEMA 4X-klassifisering er den egnet for b\u00e5de innend\u00f8rs og utend\u00f8rs milj\u00f8er.<\/p>\n<p class=\"ds-markdown-paragraph\">Braketten er designet for stolper med en diameter p\u00e5 65\u2013165 mm og bjelker, og har sideinnf\u00f8ringer for 3\/4\u2033 kabelr\u00f8r og en lukket bakside med tetning for beskyttelse mot insekter.<\/p>\n<p class=\"ds-markdown-paragraph\"><strong>Hovedfunksjoner<\/strong><\/p>\n<ul>\n<li>\n<p class=\"ds-markdown-paragraph\">1,5\u2033 NPS-gjenger for Axis-pendelsett<\/p>\n<\/li>\n<li>\n<p class=\"ds-markdown-paragraph\">Passer til stolper 65\u2013165 mm<\/p>\n<\/li>\n<li>\n<p class=\"ds-markdown-paragraph\">IK10 vandalbeskyttelse og NEMA 4X korrosjonsbeskyttelse<\/p>\n<\/li>\n<li>\n<p class=\"ds-markdown-paragraph\">Insektssikker kabelforsegling<\/p>\n<\/li>\n<li>\n<p class=\"ds-markdown-paragraph\">Marinestropper i rustfritt st\u00e5l (SS316L) med TX30-skrue<\/p>\n<\/li>\n<\/ul>\n<p class=\"ds-markdown-paragraph\"><strong>Kompatibilitet<\/strong><\/p>\n<ul>\n<li>\n<p class=\"ds-markdown-paragraph\">Alle Axis faste domekameraer med 1,5\u2033 NPS-gjengede pendelsett<\/p>\n<\/li>\n<li>\n<p class=\"ds-markdown-paragraph\">Panorama-serien kameraer<\/p>\n<\/li>\n<\/ul>\n<p class=\"ds-markdown-paragraph\"><strong>Teknisk informasjon<\/strong><\/p>\n<ul>\n<li>\n<p class=\"ds-markdown-paragraph\">Maks belastning: 15 kg<\/p>\n<\/li>\n<li>\n<p class=\"ds-markdown-paragraph\">Materiale: Pulverlakkert aluminium, hvit (NCS S 1002-B)<\/p>\n<\/li>\n<li>\n<p class=\"ds-markdown-paragraph\">M\u00e5l: 252 x 134 x 194 mm<\/p>\n<\/li>\n<li>\n<p class=\"ds-markdown-paragraph\">Vekt: 1,2 kg<\/p>\n<\/li>\n<li>\n<p class=\"ds-markdown-paragraph\">Inkluderer: Monteringsveiledning, stropper i rustfritt st\u00e5l, insektsikker kabelforsegling<\/p>\n<\/li>\n<li>\n<p class=\"ds-markdown-paragraph\">Krever: 1,5\u2033 NPS-gjenget Axis-pendelsett<\/p>\n<\/li>\n<\/ul>\n<p class=\"ds-markdown-paragraph\"><strong>Sertifiseringer<\/strong><\/p>\n<ul>\n<li>\n<p class=\"ds-markdown-paragraph\">Sikkerhet: IEC\/EN\/UL 60950-1, IEC\/EN\/UL 60950-22<\/p>\n<\/li>\n<li>\n<p class=\"ds-markdown-paragraph\">Milj\u00f8: IEC 60721, NEMA 250 Type 4X, RoHS, WEEE<\/p>\n<\/li>\n<li>\n<p class=\"ds-markdown-paragraph\">Slagfasthet: IEC 62262 IK10<\/p>\n<\/li>\n<\/ul>\n<p class=\"ds-markdown-paragraph\">Axis T91B67 tilbyr en trygg og slitesterk l\u00f8sning for avansert kameramontering i krevende milj\u00f8er.<\/p>\n<\/div>\n<\/div>\n<\/div>\n<\/div>","protected":false},"excerpt":{"rendered":"<p>Axis T91B67 mastfeste for faste domekameraer med 1,5\u2033 NPS-gjenger. For 65\u2013165 mm master, IK10 og NEMA 4X.<\/p>\n<p>Insektsikker ledningsf\u00f8ring.<\/p>\n<p>Remmer i rustfritt st\u00e5l inkludert.<\/p>","protected":false},"featured_media":160059,"template":"","meta":{"_acf_changed":false},"product_brand":[],"product_cat":[4954],"product_tag":[],"class_list":{"0":"post-160061","1":"product","2":"type-product","3":"status-publish","4":"has-post-thumbnail","6":"product_cat-axis-stativ-fasten","7":"pa_brands-axis","8":"pa_farg-vit","9":"tm-no-options","11":"first","12":"instock","13":"sale","14":"taxable","15":"shipping-taxable","16":"purchasable","17":"product-type-simple"},"acf":[],"_links":{"self":[{"href":"https:\/\/secureus.se\/no\/wp-json\/wp\/v2\/product\/160061","targetHints":{"allow":["GET"]}}],"collection":[{"href":"https:\/\/secureus.se\/no\/wp-json\/wp\/v2\/product"}],"about":[{"href":"https:\/\/secureus.se\/no\/wp-json\/wp\/v2\/types\/product"}],"wp:featuredmedia":[{"embeddable":true,"href":"https:\/\/secureus.se\/no\/wp-json\/wp\/v2\/media\/160059"}],"wp:attachment":[{"href":"https:\/\/secureus.se\/no\/wp-json\/wp\/v2\/media?parent=160061"}],"wp:term":[{"taxonomy":"product_brand","embeddable":true,"href":"https:\/\/secureus.se\/no\/wp-json\/wp\/v2\/product_brand?post=160061"},{"taxonomy":"product_cat","embeddable":true,"href":"https:\/\/secureus.se\/no\/wp-json\/wp\/v2\/product_cat?post=160061"},{"taxonomy":"product_tag","embeddable":true,"href":"https:\/\/secureus.se\/no\/wp-json\/wp\/v2\/product_tag?post=160061"}],"curies":[{"name":"wp","href":"https:\/\/api.w.org\/{rel}","templated":true}]}}