{"id":160069,"date":"2025-11-21T11:12:27","date_gmt":"2025-11-21T10:12:27","guid":{"rendered":"https:\/\/secureus.se\/?post_type=product&#038;p=160069"},"modified":"2026-04-09T11:23:20","modified_gmt":"2026-04-09T09:23:20","slug":"axis-t91b47-stolpmontering-inomhus-utomhus-med-spannband-i-rostfritt-stal-50-150-mm","status":"publish","type":"product","link":"https:\/\/secureus.se\/no\/axis-t91b47-stolpmontering-inomhus-utomhus-med-spannband-i-rostfritt-stal-50-150-mm\/","title":{"rendered":"AXIS T91B47 Stangfeste for innend\u00f8rs\/utend\u00f8rs bruk med stropp i rustfritt st\u00e5l, 50\u2013150 mm"},"content":{"rendered":"<h1>AXIS T91B47 Stangfeste for innend\u00f8rs\/utend\u00f8rs bruk med stropp i rustfritt st\u00e5l, 50\u2013150 mm<\/h1>\n<div class=\"dad65929\">\n<div class=\"_4f9bf79 d7dc56a8 _43c05b5\">\n<div class=\"ds-message _63c77b1\">\n<div class=\"ds-markdown\">\n<p class=\"ds-markdown-paragraph\">Axis T91B47 er et mastfeste for b\u00e5de innend\u00f8rs og utend\u00f8rs bruk, designet for master med en diameter p\u00e5 50\u2013150 mm.<\/p>\n<p class=\"ds-markdown-paragraph\">Den leveres med stropper i rustfritt st\u00e5l av maritim kvalitet (SS316L) med TX30-skrue for sikker montering.<\/p>\n<p class=\"ds-markdown-paragraph\">N\u00e5r det brukes med Axis faste dome- eller bulletkameraer, kreves det ikke noe ekstra tilbeh\u00f8r \u2013 festet monteres direkte p\u00e5 baksiden av kameraet.<\/p>\n<p class=\"ds-markdown-paragraph\"><strong>Hovedfunksjoner<\/strong><\/p>\n<ul>\n<li>\n<p class=\"ds-markdown-paragraph\">Passer til stolper med en diameter p\u00e5 50\u2013150 mm<\/p>\n<\/li>\n<li>\n<p class=\"ds-markdown-paragraph\">IK10-klassifisert vandalbeskyttelse<\/p>\n<\/li>\n<li>\n<p class=\"ds-markdown-paragraph\">NEMA 4X korrosjonsbeskyttelse<\/p>\n<\/li>\n<li>\n<p class=\"ds-markdown-paragraph\">Remmer i rustfritt st\u00e5l (SS316L) inkludert<\/p>\n<\/li>\n<li>\n<p class=\"ds-markdown-paragraph\">Enkel installasjon med TX30-skrue<\/p>\n<\/li>\n<\/ul>\n<p class=\"ds-markdown-paragraph\"><strong>Kompatibilitet<\/strong><\/p>\n<ul>\n<li>\n<p class=\"ds-markdown-paragraph\">Bokskameraer: Axis M11-, P13- og Q16-serien<\/p>\n<\/li>\n<li>\n<p class=\"ds-markdown-paragraph\">Bulletkameraer: Axis P14, Q17-serien<\/p>\n<\/li>\n<li>\n<p class=\"ds-markdown-paragraph\">Domekameraer: Axis M19, P32, P33, Q35, Q36-serien<\/p>\n<\/li>\n<li>\n<p class=\"ds-markdown-paragraph\">Termiske kameraer: Axis G19, Q29-serien<\/p>\n<\/li>\n<li>\n<p class=\"ds-markdown-paragraph\">Tilbeh\u00f8r: Axis T91E61, T94O01A, F23, T92E, T93F, T93G05<\/p>\n<\/li>\n<\/ul>\n<p class=\"ds-markdown-paragraph\"><strong>Teknisk informasjon<\/strong><\/p>\n<ul>\n<li>\n<p class=\"ds-markdown-paragraph\">Maks belastning: 15 kg<\/p>\n<\/li>\n<li>\n<p class=\"ds-markdown-paragraph\">Materiale: Pulverlakkert aluminium, hvit (NCS S 1002-B)<\/p>\n<\/li>\n<li>\n<p class=\"ds-markdown-paragraph\">M\u00e5l: 111 x 42 x 147 mm<\/p>\n<\/li>\n<li>\n<p class=\"ds-markdown-paragraph\">Vekt: 0,3 kg (uten st\u00e5lreim)<\/p>\n<\/li>\n<li>\n<p class=\"ds-markdown-paragraph\">Inkluderer: Monteringsveiledning, kabelstrips, skruer, stropper i rustfritt st\u00e5l<\/p>\n<\/li>\n<\/ul>\n<p class=\"ds-markdown-paragraph\"><strong>Sertifiseringer<\/strong><\/p>\n<ul>\n<li>\n<p class=\"ds-markdown-paragraph\">Sikkerhet: IEC\/EN\/UL 60950-1, IEC\/EN\/UL 60950-22<\/p>\n<\/li>\n<li>\n<p class=\"ds-markdown-paragraph\">Milj\u00f8: EN 50581, NEMA 250 Type 4X<\/p>\n<\/li>\n<li>\n<p class=\"ds-markdown-paragraph\">Slagfasthet: IEC 62262 IK10<\/p>\n<\/li>\n<\/ul>\n<\/div>\n<\/div>\n<\/div>\n<\/div>","protected":false},"excerpt":{"rendered":"<p>Axis T91B47 tilbyr en kostnadseffektiv og p\u00e5litelig l\u00f8sning for direkte montering av kameraer p\u00e5 stolper og bjelker.<\/p>","protected":false},"featured_media":160067,"template":"","meta":{"_acf_changed":false},"product_brand":[],"product_cat":[4954],"product_tag":[],"class_list":{"0":"post-160069","1":"product","2":"type-product","3":"status-publish","4":"has-post-thumbnail","6":"product_cat-axis-stativ-fasten","7":"pa_brands-axis","8":"tm-no-options","10":"first","11":"instock","12":"sale","13":"taxable","14":"shipping-taxable","15":"purchasable","16":"product-type-simple"},"acf":[],"_links":{"self":[{"href":"https:\/\/secureus.se\/no\/wp-json\/wp\/v2\/product\/160069","targetHints":{"allow":["GET"]}}],"collection":[{"href":"https:\/\/secureus.se\/no\/wp-json\/wp\/v2\/product"}],"about":[{"href":"https:\/\/secureus.se\/no\/wp-json\/wp\/v2\/types\/product"}],"wp:featuredmedia":[{"embeddable":true,"href":"https:\/\/secureus.se\/no\/wp-json\/wp\/v2\/media\/160067"}],"wp:attachment":[{"href":"https:\/\/secureus.se\/no\/wp-json\/wp\/v2\/media?parent=160069"}],"wp:term":[{"taxonomy":"product_brand","embeddable":true,"href":"https:\/\/secureus.se\/no\/wp-json\/wp\/v2\/product_brand?post=160069"},{"taxonomy":"product_cat","embeddable":true,"href":"https:\/\/secureus.se\/no\/wp-json\/wp\/v2\/product_cat?post=160069"},{"taxonomy":"product_tag","embeddable":true,"href":"https:\/\/secureus.se\/no\/wp-json\/wp\/v2\/product_tag?post=160069"}],"curies":[{"name":"wp","href":"https:\/\/api.w.org\/{rel}","templated":true}]}}